{"id":102,"date":"2024-09-03T08:36:25","date_gmt":"2024-09-03T12:36:25","guid":{"rendered":"https:\/\/fantaisies:8890\/?post_type=product&#038;p=102"},"modified":"2026-02-03T08:59:27","modified_gmt":"2026-02-03T13:59:27","slug":"nutram-gaterie-dentaire-cognitive-saveur-poulet","status":"publish","type":"product","link":"https:\/\/fantaisiescaninfelin.com\/?product=nutram-gaterie-dentaire-cognitive-saveur-poulet","title":{"rendered":"Nutram g\u00e2terie dentaire cognitive saveur poulet"},"content":{"rendered":"<p>Les b\u00e2tonnets dentaires Combinaisons Optimales\u2122 de Nutram sont des g\u00e2teries fonctionnelles offrant une solution enti\u00e8rement naturelle pour l&rsquo;hygi\u00e8ne dentaire.<\/p>\n<p>Les g\u00e2teries\u00a0Cognitive+ dentaire de Nutram\u00a0aident \u00e0 favoriser\u00a0le d\u00e9veloppement cognitif de votre chien.\u00a0Notre approche holistique commence par un d\u00e9veloppement sain.\u00a0Les graines de lin et l&rsquo;huile de saumon, riches en acides gras om\u00e9ga-3, favorisent un d\u00e9veloppement cognitif normal chez votre compagnon.<\/p>\n<p>Produit fi\u00e8rement canadien.<\/p>\n","protected":false},"excerpt":{"rendered":"<p>Les b\u00e2tonnets dentaires Combinaisons Optimales\u2122 de Nutram sont des g\u00e2teries fonctionnelles offrant une solution enti\u00e8rement naturelle pour l&rsquo;hygi\u00e8ne dentaire. Les&#8230;<\/p>\n","protected":false},"featured_media":145,"comment_status":"open","ping_status":"closed","template":"","meta":{"advanced_seo_description":"","jetpack_seo_html_title":"","jetpack_seo_noindex":false},"product_brand":[],"product_cat":[21,19],"product_tag":[43],"class_list":{"0":"post-102","1":"product","2":"type-product","3":"status-publish","4":"has-post-thumbnail","6":"product_cat-dentition-pawfaite","7":"product_cat-nutram","8":"product_tag-noel","10":"first","11":"instock","12":"taxable","13":"shipping-taxable","14":"purchasable","15":"product-type-variable"},"jetpack_sharing_enabled":true,"_links":{"self":[{"href":"https:\/\/fantaisiescaninfelin.com\/index.php?rest_route=\/wp\/v2\/product\/102","targetHints":{"allow":["GET"]}}],"collection":[{"href":"https:\/\/fantaisiescaninfelin.com\/index.php?rest_route=\/wp\/v2\/product"}],"about":[{"href":"https:\/\/fantaisiescaninfelin.com\/index.php?rest_route=\/wp\/v2\/types\/product"}],"replies":[{"embeddable":true,"href":"https:\/\/fantaisiescaninfelin.com\/index.php?rest_route=%2Fwp%2Fv2%2Fcomments&post=102"}],"wp:featuredmedia":[{"embeddable":true,"href":"https:\/\/fantaisiescaninfelin.com\/index.php?rest_route=\/wp\/v2\/media\/145"}],"wp:attachment":[{"href":"https:\/\/fantaisiescaninfelin.com\/index.php?rest_route=%2Fwp%2Fv2%2Fmedia&parent=102"}],"wp:term":[{"taxonomy":"product_brand","embeddable":true,"href":"https:\/\/fantaisiescaninfelin.com\/index.php?rest_route=%2Fwp%2Fv2%2Fproduct_brand&post=102"},{"taxonomy":"product_cat","embeddable":true,"href":"https:\/\/fantaisiescaninfelin.com\/index.php?rest_route=%2Fwp%2Fv2%2Fproduct_cat&post=102"},{"taxonomy":"product_tag","embeddable":true,"href":"https:\/\/fantaisiescaninfelin.com\/index.php?rest_route=%2Fwp%2Fv2%2Fproduct_tag&post=102"}],"curies":[{"name":"wp","href":"https:\/\/api.w.org\/{rel}","templated":true}]}}