{"id":1205,"date":"2024-09-29T21:26:21","date_gmt":"2024-09-30T01:26:21","guid":{"rendered":"https:\/\/espritpublic.com\/fantaisies\/?product=livstrong-fromage-de-yach-miel-et-beurre-de-peanut-xl"},"modified":"2025-01-15T20:38:49","modified_gmt":"2025-01-16T01:38:49","slug":"livstrong-fromage-de-yach-miel-et-beurre-de-peanut-xl","status":"publish","type":"product","link":"https:\/\/fantaisiescaninfelin.com\/?product=livstrong-fromage-de-yach-miel-et-beurre-de-peanut-xl","title":{"rendered":"Livstrong fromage de Yach miel et beurre de peanut XL"},"content":{"rendered":"<pre class=\"tw-data-text tw-text-large tw-ta\" data-placeholder=\"Traduction\" id=\"tw-target-text\" data-ved=\"2ahUKEwjc8bLwqemIAxVnF1kFHYN2EjcQ3ewLegQICBAU\" dir=\"ltr\" aria-label=\"Texte traduit\u00a0: Le fromage de yak de l'Himalaya infus\u00e9 avec du beurre de cacahu\u00e8te et du miel est un produit \u00e0 m\u00e2cher 100 % naturel et durable fabriqu\u00e9 \u00e0 partir d'une ancienne recette himalayenne au N\u00e9pal. Infus\u00e9 de beurre de cacahu\u00e8te naturel et d'extrait de miel Nos fromages \u00e0 m\u00e2cher de yak au fromage de l'Himalaya proviennent directement du N\u00e9pal, garantissant ainsi leur fra\u00eecheur. C'est une mastication parfaite pour les chiens de toutes tailles en utilisant seulement cinq ingr\u00e9dients : lait de yak, citron vert, sel marin, beurre de cacahu\u00e8te et miel. Au fur et \u00e0 mesure que le fromage durcit, il ne contient plus de lactose, ce qui le rend facile \u00e0 dig\u00e9rer et ne contient aucun conservateur. Lorsqu'il reste un petit morceau de mastication, passez-le au micro-ondes pendant 30 secondes jusqu'\u00e0 ce qu'il gonfle comme du pop-corn, laissez-le refroidir et donnez-le \u00e0 votre ami \u00e0 quatre pattes !\" style=\"font-size: 28px;line-height: 36px;background-color: transparent;border: none;padding: 2px 0.14em 2px 0px;position: relative;margin: -2px 0px;font-family: inherit;overflow: hidden;text-align: left;width: 270px;font-style: normal;font-weight: 400;letter-spacing: normal;text-indent: 0px;text-transform: none;text-decoration: none\"><span class=\"Y2IQFc\" lang=\"fr\">Le fromage de yak de l'Himalaya infus\u00e9 avec du beurre de cacahu\u00e8te et du miel est un produit \u00e0 m\u00e2cher 100 % naturel et durable fabriqu\u00e9 \u00e0 partir d'une ancienne recette himalayenne au N\u00e9pal. Infus\u00e9 de beurre de cacahu\u00e8te naturel et d'extrait de miel<\/span>\u2029<span class=\"Y2IQFc\" lang=\"fr\"><\/span>\u2029<span class=\"Y2IQFc\" lang=\"fr\">Nos fromages \u00e0 m\u00e2cher de yak au fromage de l'Himalaya proviennent directement du N\u00e9pal, garantissant ainsi leur fra\u00eecheur. C'est une mastication parfaite pour les chiens de toutes tailles en utilisant seulement cinq ingr\u00e9dients : lait de yak, citron vert, sel marin, beurre de cacahu\u00e8te et miel. Au fur et \u00e0 mesure que le fromage durcit, il ne contient plus de lactose, ce qui le rend facile \u00e0 dig\u00e9rer et ne contient aucun conservateur.<\/span>\u2029<span class=\"Y2IQFc\" lang=\"fr\">Nous vous conseillons ce fromage pour votre masticateur <\/span>extr\u00eame<span class=\"Y2IQFc\" lang=\"fr\"> <\/span>\u2029<span class=\"Y2IQFc\" lang=\"fr\">\ud83d\udca1<\/span><span class=\"Y2IQFc\" lang=\"fr\">Astuce :<\/span><\/pre>\n<pre class=\"tw-data-text tw-text-large tw-ta\" data-placeholder=\"Traduction\" id=\"tw-target-text\" data-ved=\"2ahUKEwjc8bLwqemIAxVnF1kFHYN2EjcQ3ewLegQICBAU\" dir=\"ltr\" aria-label=\"Texte traduit\u00a0: Le fromage de yak de l'Himalaya infus\u00e9 avec du beurre de cacahu\u00e8te et du miel est un produit \u00e0 m\u00e2cher 100 % naturel et durable fabriqu\u00e9 \u00e0 partir d'une ancienne recette himalayenne au N\u00e9pal. Infus\u00e9 de beurre de cacahu\u00e8te naturel et d'extrait de miel Nos fromages \u00e0 m\u00e2cher de yak au fromage de l'Himalaya proviennent directement du N\u00e9pal, garantissant ainsi leur fra\u00eecheur. C'est une mastication parfaite pour les chiens de toutes tailles en utilisant seulement cinq ingr\u00e9dients : lait de yak, citron vert, sel marin, beurre de cacahu\u00e8te et miel. Au fur et \u00e0 mesure que le fromage durcit, il ne contient plus de lactose, ce qui le rend facile \u00e0 dig\u00e9rer et ne contient aucun conservateur. Lorsqu'il reste un petit morceau de mastication, passez-le au micro-ondes pendant 30 secondes jusqu'\u00e0 ce qu'il gonfle comme du pop-corn, laissez-le refroidir et donnez-le \u00e0 votre ami \u00e0 quatre pattes !\" style=\"font-size: 28px;line-height: 36px;background-color: transparent;border: none;padding: 2px 0.14em 2px 0px;position: relative;margin: -2px 0px;font-family: inherit;overflow: hidden;text-align: left;width: 270px;font-style: normal;font-weight: 400;letter-spacing: normal;text-indent: 0px;text-transform: none;text-decoration: none\"><span class=\"Y2IQFc\" lang=\"fr\">Lorsqu'il reste un petit morceau de mastication, passez-le au micro-ondes pendant 30 secondes jusqu'\u00e0 ce qu'il gonfle comme du pop-corn, laissez-le refroidir et donnez-le \u00e0 votre ami \u00e0 quatre pattes !<\/span><\/pre>\n<p>\u2b50\ufe0f Toujours avoir une supervision lors des s\u00e9ances de mastication<\/p>\n<p><span class=\"Y2IQFc\" lang=\"fr\">\ud83c\udde8\ud83c\udde6<\/span><span class=\"Y2IQFc\" lang=\"fr\"> Produit <\/span>fi\u00e8rement<span class=\"Y2IQFc\" lang=\"fr\"> canadien <\/span><\/p>\n","protected":false},"excerpt":{"rendered":"<p>Le fromage de yak de l&rsquo;Himalaya infus\u00e9 avec du beurre de cacahu\u00e8te et du miel est un produit \u00e0 m\u00e2cher&#8230;<\/p>\n","protected":false},"featured_media":1204,"comment_status":"open","ping_status":"closed","template":"","meta":{"advanced_seo_description":"","jetpack_seo_html_title":"","jetpack_seo_noindex":false},"product_brand":[],"product_cat":[30,15],"product_tag":[],"class_list":{"0":"post-1205","1":"product","2":"type-product","3":"status-publish","4":"has-post-thumbnail","6":"product_cat-mastication","7":"product_cat-uncategorized","9":"first","10":"instock","11":"taxable","12":"shipping-taxable","13":"purchasable","14":"product-type-simple"},"jetpack_sharing_enabled":true,"_links":{"self":[{"href":"https:\/\/fantaisiescaninfelin.com\/index.php?rest_route=\/wp\/v2\/product\/1205","targetHints":{"allow":["GET"]}}],"collection":[{"href":"https:\/\/fantaisiescaninfelin.com\/index.php?rest_route=\/wp\/v2\/product"}],"about":[{"href":"https:\/\/fantaisiescaninfelin.com\/index.php?rest_route=\/wp\/v2\/types\/product"}],"replies":[{"embeddable":true,"href":"https:\/\/fantaisiescaninfelin.com\/index.php?rest_route=%2Fwp%2Fv2%2Fcomments&post=1205"}],"wp:featuredmedia":[{"embeddable":true,"href":"https:\/\/fantaisiescaninfelin.com\/index.php?rest_route=\/wp\/v2\/media\/1204"}],"wp:attachment":[{"href":"https:\/\/fantaisiescaninfelin.com\/index.php?rest_route=%2Fwp%2Fv2%2Fmedia&parent=1205"}],"wp:term":[{"taxonomy":"product_brand","embeddable":true,"href":"https:\/\/fantaisiescaninfelin.com\/index.php?rest_route=%2Fwp%2Fv2%2Fproduct_brand&post=1205"},{"taxonomy":"product_cat","embeddable":true,"href":"https:\/\/fantaisiescaninfelin.com\/index.php?rest_route=%2Fwp%2Fv2%2Fproduct_cat&post=1205"},{"taxonomy":"product_tag","embeddable":true,"href":"https:\/\/fantaisiescaninfelin.com\/index.php?rest_route=%2Fwp%2Fv2%2Fproduct_tag&post=1205"}],"curies":[{"name":"wp","href":"https:\/\/api.w.org\/{rel}","templated":true}]}}