{"id":1213,"date":"2024-09-29T21:53:09","date_gmt":"2024-09-30T01:53:09","guid":{"rendered":"https:\/\/espritpublic.com\/fantaisies\/?product=weruva-puree-a-la-citrouille"},"modified":"2025-09-08T18:31:23","modified_gmt":"2025-09-08T22:31:23","slug":"weruva-puree-a-la-citrouille","status":"publish","type":"product","link":"https:\/\/fantaisiescaninfelin.com\/?product=weruva-puree-a-la-citrouille","title":{"rendered":"Weruva pur\u00e9e \u00e0 la citrouille"},"content":{"rendered":"<p>Penser \u00e0 la pur\u00e9e de citrouille lorsque votre animal fait une transition de nourriture .<\/p>\n<p>Pourquoi ?<\/p>\n<p>Ses bienfaits aide \u00e0 soulager le syst\u00e8me digestif gr\u00e2ce \u00e0 ses fibres et \u00e0 ses antioxydants inflammatoire<\/p>\n","protected":false},"excerpt":{"rendered":"<p>Penser \u00e0 la pur\u00e9e de citrouille lorsque votre animal fait une transition de nourriture . Pourquoi ? Ses bienfaits aide&#8230;<\/p>\n","protected":false},"featured_media":1212,"comment_status":"open","ping_status":"closed","template":"","meta":{"advanced_seo_description":"","jetpack_seo_html_title":"","jetpack_seo_noindex":false},"product_brand":[],"product_cat":[23,22,20,15],"product_tag":[79],"class_list":{"0":"post-1213","1":"product","2":"type-product","3":"status-publish","4":"has-post-thumbnail","6":"product_cat-digestion","7":"product_cat-inconfort-quotidiens","8":"product_cat-miaou","9":"product_cat-uncategorized","10":"product_tag-rien","12":"first","13":"outofstock","14":"taxable","15":"shipping-taxable","16":"purchasable","17":"product-type-simple"},"jetpack_sharing_enabled":true,"_links":{"self":[{"href":"https:\/\/fantaisiescaninfelin.com\/index.php?rest_route=\/wp\/v2\/product\/1213","targetHints":{"allow":["GET"]}}],"collection":[{"href":"https:\/\/fantaisiescaninfelin.com\/index.php?rest_route=\/wp\/v2\/product"}],"about":[{"href":"https:\/\/fantaisiescaninfelin.com\/index.php?rest_route=\/wp\/v2\/types\/product"}],"replies":[{"embeddable":true,"href":"https:\/\/fantaisiescaninfelin.com\/index.php?rest_route=%2Fwp%2Fv2%2Fcomments&post=1213"}],"wp:featuredmedia":[{"embeddable":true,"href":"https:\/\/fantaisiescaninfelin.com\/index.php?rest_route=\/wp\/v2\/media\/1212"}],"wp:attachment":[{"href":"https:\/\/fantaisiescaninfelin.com\/index.php?rest_route=%2Fwp%2Fv2%2Fmedia&parent=1213"}],"wp:term":[{"taxonomy":"product_brand","embeddable":true,"href":"https:\/\/fantaisiescaninfelin.com\/index.php?rest_route=%2Fwp%2Fv2%2Fproduct_brand&post=1213"},{"taxonomy":"product_cat","embeddable":true,"href":"https:\/\/fantaisiescaninfelin.com\/index.php?rest_route=%2Fwp%2Fv2%2Fproduct_cat&post=1213"},{"taxonomy":"product_tag","embeddable":true,"href":"https:\/\/fantaisiescaninfelin.com\/index.php?rest_route=%2Fwp%2Fv2%2Fproduct_tag&post=1213"}],"curies":[{"name":"wp","href":"https:\/\/api.w.org\/{rel}","templated":true}]}}