{"id":126,"date":"2024-09-03T08:36:47","date_gmt":"2024-09-03T12:36:47","guid":{"rendered":"https:\/\/fantaisies:8890\/?post_type=product&#038;p=126"},"modified":"2025-12-28T11:31:51","modified_gmt":"2025-12-28T16:31:51","slug":"go-sensitivities-au-canard-sans-grains","status":"publish","type":"product","link":"https:\/\/fantaisiescaninfelin.com\/?product=go-sensitivities-au-canard-sans-grains","title":{"rendered":"Go! Sensitivities au canard sans grains 23lbs"},"content":{"rendered":"<p><span style=\"font-family: Gotham, sans-serif;font-size: 16px;font-style: normal;font-weight: 400;letter-spacing: normal;text-align: start;text-indent: 0px;text-transform: none;text-decoration: none;float: none\">Utilisant seulement du canard de qualit\u00e9 sup\u00e9rieure \u00e9lev\u00e9 en libert\u00e9 comme source unique de prot\u00e9ines de volaille, cette recette Go! Solutions \u00e0 ingr\u00e9dients limit\u00e9s a \u00e9t\u00e9 formul\u00e9e par des experts en nutrition animale pour soutenir les chiens ayant des sensibilit\u00e9s alimentaires, avec des fibres pr\u00e9biotiques pour offrir un soutien digestif<\/span><\/p>\n<p><span style=\"font-family: Gotham, sans-serif;font-size: 16px;font-style: normal;font-weight: 400;letter-spacing: normal;text-align: start;text-indent: 0px;text-transform: none;text-decoration: none;float: none\"><\/span><\/p>\n<p><span style=\"font-family: Gotham, sans-serif;font-size: 16px;font-style: normal;font-weight: 400;letter-spacing: normal;text-align: start;text-indent: 0px;text-transform: none;text-decoration: none;float: none\">Format en 22lbs<\/span><\/p>\n<p><span style=\"font-family: Gotham, sans-serif;font-size: 16px;font-style: normal;font-weight: 400;letter-spacing: normal;text-align: start;text-indent: 0px;text-transform: none;text-decoration: none;float: none\"><\/span><\/p>\n<p><span style=\"font-family: Gotham, sans-serif;font-size: 16px;font-style: normal;font-weight: 400;letter-spacing: normal;text-align: start;text-indent: 0px;text-transform: none;text-decoration: none;float: none\">Produit <\/span>fi\u00e8rement<span style=\"font-family: Gotham, sans-serif;font-size: 16px;font-style: normal;font-weight: 400;letter-spacing: normal;text-align: start;text-indent: 0px;text-transform: none;text-decoration: none;float: none\"> canadien.<\/span><\/p>\n","protected":false},"excerpt":{"rendered":"<p>Utilisant seulement du canard de qualit\u00e9 sup\u00e9rieure \u00e9lev\u00e9 en libert\u00e9 comme source unique de prot\u00e9ines de volaille, cette recette Go!&#8230;<\/p>\n","protected":false},"featured_media":151,"comment_status":"open","ping_status":"closed","template":"","meta":{"advanced_seo_description":"","jetpack_seo_html_title":"","jetpack_seo_noindex":false},"product_brand":[],"product_cat":[23,26,27,16],"product_tag":[],"class_list":{"0":"post-126","1":"product","2":"type-product","3":"status-publish","4":"has-post-thumbnail","6":"product_cat-digestion","7":"product_cat-go-solution","8":"product_cat-non-classe","9":"product_cat-nourriture","11":"first","12":"outofstock","13":"taxable","14":"shipping-taxable","15":"purchasable","16":"product-type-simple"},"jetpack_sharing_enabled":true,"_links":{"self":[{"href":"https:\/\/fantaisiescaninfelin.com\/index.php?rest_route=\/wp\/v2\/product\/126","targetHints":{"allow":["GET"]}}],"collection":[{"href":"https:\/\/fantaisiescaninfelin.com\/index.php?rest_route=\/wp\/v2\/product"}],"about":[{"href":"https:\/\/fantaisiescaninfelin.com\/index.php?rest_route=\/wp\/v2\/types\/product"}],"replies":[{"embeddable":true,"href":"https:\/\/fantaisiescaninfelin.com\/index.php?rest_route=%2Fwp%2Fv2%2Fcomments&post=126"}],"wp:featuredmedia":[{"embeddable":true,"href":"https:\/\/fantaisiescaninfelin.com\/index.php?rest_route=\/wp\/v2\/media\/151"}],"wp:attachment":[{"href":"https:\/\/fantaisiescaninfelin.com\/index.php?rest_route=%2Fwp%2Fv2%2Fmedia&parent=126"}],"wp:term":[{"taxonomy":"product_brand","embeddable":true,"href":"https:\/\/fantaisiescaninfelin.com\/index.php?rest_route=%2Fwp%2Fv2%2Fproduct_brand&post=126"},{"taxonomy":"product_cat","embeddable":true,"href":"https:\/\/fantaisiescaninfelin.com\/index.php?rest_route=%2Fwp%2Fv2%2Fproduct_cat&post=126"},{"taxonomy":"product_tag","embeddable":true,"href":"https:\/\/fantaisiescaninfelin.com\/index.php?rest_route=%2Fwp%2Fv2%2Fproduct_tag&post=126"}],"curies":[{"name":"wp","href":"https:\/\/api.w.org\/{rel}","templated":true}]}}