{"id":1393,"date":"2024-10-02T21:02:22","date_gmt":"2024-10-03T01:02:22","guid":{"rendered":"https:\/\/espritpublic.com\/fantaisies\/?post_type=product&#038;p=1393"},"modified":"2025-10-24T17:53:43","modified_gmt":"2025-10-24T21:53:43","slug":"messy-mutts-totally-pooched-stuff-nchew-10pouces","status":"publish","type":"product","link":"https:\/\/fantaisiescaninfelin.com\/?product=messy-mutts-totally-pooched-stuff-nchew-10pouces","title":{"rendered":"Messy Mutts \u00a0\u00bbtotally Pooched, Stuff N&rsquo;chew&rsquo; 10pouces"},"content":{"rendered":"<ul>\n<li style=\"margin-top: 0rem;margin-bottom: 1rem\">Les jouets Totally Pooched de Messy Mutts ont tout pour plaire : couleurs vibrantes, texture agr\u00e9able, durabilit\u00e9 et sifflet couineur sur certains mod\u00e8les.<\/li>\n<li style=\"margin-top: 0rem;margin-bottom: 1rem\">Les jouets Totally Pooched ont \u00e9galement une fonction interactive. Remplissez les jouets avec la nourriture et les g\u00e2teries pr\u00e9f\u00e9r\u00e9es de votre ami. Les possibilit\u00e9s sont infinies, pour un plaisir infini !<\/li>\n<li style=\"margin-top: 0rem;margin-bottom: 1rem\">Le caoutchouc mousse non toxique a un toucher doux et flexible mais durable, et favorise une interaction accrue tout en encourageant des habitudes de mastication saines.<\/li>\n<li style=\"margin-top: 0rem;margin-bottom: 1rem\">Les jouets Totally Pooched sont l\u00e9gers, durables et r\u00e9sistants \u00e0 la mastication.<\/li>\n<li style=\"margin-top: 0rem;margin-bottom: 1rem\">Id\u00e9al pour rebondir, lancer et jouer \u00e0 rapporter. De plus, ils flottent ! Des heures de plaisir garanties, sur le sol comme dans l&rsquo;eau !<\/li>\n<\/ul>\n<p>\ud83c\udde8\ud83c\udde6Entreprise canadienne<\/p>\n","protected":false},"excerpt":{"rendered":"<p>Les jouets Totally Pooched de Messy Mutts ont tout pour plaire : couleurs vibrantes, texture agr\u00e9able, durabilit\u00e9 et sifflet couineur&#8230;<\/p>\n","protected":false},"featured_media":1392,"comment_status":"open","ping_status":"closed","template":"","meta":{"advanced_seo_description":"","jetpack_seo_html_title":"","jetpack_seo_noindex":false},"product_brand":[],"product_cat":[41,15],"product_tag":[],"class_list":{"0":"post-1393","1":"product","2":"type-product","3":"status-publish","4":"has-post-thumbnail","6":"product_cat-linteractive","7":"product_cat-uncategorized","9":"first","10":"outofstock","11":"taxable","12":"shipping-taxable","13":"purchasable","14":"product-type-variable"},"jetpack_sharing_enabled":true,"_links":{"self":[{"href":"https:\/\/fantaisiescaninfelin.com\/index.php?rest_route=\/wp\/v2\/product\/1393","targetHints":{"allow":["GET"]}}],"collection":[{"href":"https:\/\/fantaisiescaninfelin.com\/index.php?rest_route=\/wp\/v2\/product"}],"about":[{"href":"https:\/\/fantaisiescaninfelin.com\/index.php?rest_route=\/wp\/v2\/types\/product"}],"replies":[{"embeddable":true,"href":"https:\/\/fantaisiescaninfelin.com\/index.php?rest_route=%2Fwp%2Fv2%2Fcomments&post=1393"}],"wp:featuredmedia":[{"embeddable":true,"href":"https:\/\/fantaisiescaninfelin.com\/index.php?rest_route=\/wp\/v2\/media\/1392"}],"wp:attachment":[{"href":"https:\/\/fantaisiescaninfelin.com\/index.php?rest_route=%2Fwp%2Fv2%2Fmedia&parent=1393"}],"wp:term":[{"taxonomy":"product_brand","embeddable":true,"href":"https:\/\/fantaisiescaninfelin.com\/index.php?rest_route=%2Fwp%2Fv2%2Fproduct_brand&post=1393"},{"taxonomy":"product_cat","embeddable":true,"href":"https:\/\/fantaisiescaninfelin.com\/index.php?rest_route=%2Fwp%2Fv2%2Fproduct_cat&post=1393"},{"taxonomy":"product_tag","embeddable":true,"href":"https:\/\/fantaisiescaninfelin.com\/index.php?rest_route=%2Fwp%2Fv2%2Fproduct_tag&post=1393"}],"curies":[{"name":"wp","href":"https:\/\/api.w.org\/{rel}","templated":true}]}}