{"id":162,"date":"2024-09-03T08:37:09","date_gmt":"2024-09-03T12:37:09","guid":{"rendered":"https:\/\/fantaisies:8890\/?post_type=product&#038;p=162"},"modified":"2025-10-24T18:09:52","modified_gmt":"2025-10-24T22:09:52","slug":"plaque-off-pour-les-chiens","status":"publish","type":"product","link":"https:\/\/fantaisiescaninfelin.com\/?product=plaque-off-pour-les-chiens","title":{"rendered":"Plaque Off pour les chiens"},"content":{"rendered":"<p>Cette poudre \u00e0 base d&rsquo;algues \u00e9limine le tartre sur une p\u00e9riode de 2 \u00e0 8 semaines . Bonjour l&rsquo;hygi\u00e8ne dentaire!<\/p>\n<p>Le plaque Off est approuv\u00e9 par les v\u00e9t\u00e9rinaires .<\/p>\n<p><span style=\"font-family: Madera, sans-serif;font-size: 16px;font-style: normal;font-weight: 500;letter-spacing: normal;text-align: left;text-indent: 0px;text-transform: none;text-decoration: none;float: none\">ProDen PlaqueOff Animal est fabriqu\u00e9 \u00e0 partir d&rsquo;une souche sp\u00e9cifique d&rsquo;algues s\u00e9lectionn\u00e9es provenant de la c\u00f4te de l&rsquo;Atlantique Nord.<\/span><span style=\"font-family: Madera, sans-serif;font-size: 16px;font-style: normal;font-weight: 500;letter-spacing: normal;text-align: left;text-indent: 0px;text-transform: none;text-decoration: none\">&nbsp;<\/span><span style=\"font-family: Madera, sans-serif;font-size: 16px;font-style: normal;font-weight: 500;letter-spacing: normal;text-align: left;text-indent: 0px;text-transform: none;text-decoration: none;float: none\">Cette algue a d\u00e9velopp\u00e9 un m\u00e9canisme de d\u00e9fense naturel contre le biofilm bact\u00e9rien.<\/span><span style=\"font-family: Madera, sans-serif;font-size: 16px;font-style: normal;font-weight: 500;letter-spacing: normal;text-align: left;text-indent: 0px;text-transform: none;text-decoration: none\">&nbsp;<\/span><span style=\"font-family: Madera, sans-serif;font-size: 16px;font-style: normal;font-weight: 500;letter-spacing: normal;text-align: left;text-indent: 0px;text-transform: none;text-decoration: none;float: none\">Le produit est fabriqu\u00e9 uniquement \u00e0 partir de cette algue et ne contient aucun additif ou produit chimique.<\/span><span style=\"font-family: Madera, sans-serif;font-size: 16px;font-style: normal;font-weight: 500;letter-spacing: normal;text-align: left;text-indent: 0px;text-transform: none;text-decoration: none\">&nbsp;<\/span><span style=\"font-family: Madera, sans-serif;font-size: 16px;font-style: normal;font-weight: 500;letter-spacing: normal;text-align: left;text-indent: 0px;text-transform: none;text-decoration: none;float: none\">Il est de qualit\u00e9 humaine et test\u00e9 sur l&rsquo;homme<\/span><\/p>\n<p data-mce-fragment=\"1\" style=\"margin: 0px 0px 1em;padding: 0px;font-family: Helvetica,\"><strong data-mce-fragment=\"1\" style=\"font-weight: 700\">Posologie :<\/strong><\/p>\n<ul data-mce-fragment=\"1\" style=\"margin: 1em 0px 1em 2em;padding: 0px;font-family: Helvetica,\">\n<li data-mce-fragment=\"1\" style=\"margin: 0px;padding: 0px\">Petits chiens\/chats de moins de 25 lbs&nbsp; \u00bd \u00e0 1 cuill\u00e8re par jour.<\/li>\n<li data-mce-fragment=\"1\" style=\"margin: 0.25em 0px 0px;padding: 0px\">Moyens chiens\/chats 25-50 lbs 1 \u00e0 2 cuill\u00e8re par jour.<\/li>\n<li data-mce-fragment=\"1\" style=\"margin: 0.25em 0px 0px;padding: 0px\">Grands chiens 50-100 lbs&nbsp; 2 \u00e0 3 cuill\u00e8res par jour.<\/li>\n<\/ul>\n<p data-mce-fragment=\"1\" style=\"margin: 0px 0px 1em;padding: 0px;font-family: Helvetica,\">Cuill\u00e8re de mesure incluse.&nbsp;<\/p>\n<p data-mce-fragment=\"1\" style=\"margin: 0px 0px 1em;padding: 0px;font-family: Helvetica,\">1 cuill\u00e8re = 330 mg.<\/p>\n<p data-mce-fragment=\"1\" style=\"margin: 0px 0px 1em;padding: 0px;font-family: Helvetica,\">Format de 60gr<\/p>\n<p data-mce-fragment=\"1\" style=\"margin: 0px;padding: 0px;font-family: Helvetica,\">*Les chiens ayant des probl\u00e8mes de thyro\u00efde doivent surveiller leur consommation d&rsquo;iode. Comme le varech, y compris l&rsquo;ingr\u00e9dient unique de ProDen, est naturellement riche en iode, ce produit n&rsquo;est pas recommand\u00e9 pour ces chiens.<\/p>\n<p data-mce-fragment=\"1\" style=\"margin: 0px;padding: 0px;font-family: Helvetica,\">Astuce : on vous recommande de votre prochain toilettage ou coupe de griffes chez Fantaisies Canin Felin \u00e0 nous mentionner que votre chien utilise le Plaque Off. Nous allons lui faire un brossage des dents \ud83d\ude42 Gr\u00e2ce \u00e0 ce produit , plusieurs chiens viennent en boutique et nous sommes capable de r\u00e9duire le tartre.<\/p>\n","protected":false},"excerpt":{"rendered":"<p>Cette poudre \u00e0 base d&rsquo;algues \u00e9limine le tartre sur une p\u00e9riode de 2 \u00e0 8 semaines . Bonjour l&rsquo;hygi\u00e8ne dentaire!&#8230;<\/p>\n","protected":false},"featured_media":208,"comment_status":"open","ping_status":"closed","template":"","meta":{"advanced_seo_description":"","jetpack_seo_html_title":"","jetpack_seo_noindex":false},"product_brand":[],"product_cat":[27],"product_tag":[],"class_list":{"0":"post-162","1":"product","2":"type-product","3":"status-publish","4":"has-post-thumbnail","6":"product_cat-non-classe","8":"first","9":"instock","10":"taxable","11":"shipping-taxable","12":"purchasable","13":"product-type-simple"},"jetpack_sharing_enabled":true,"_links":{"self":[{"href":"https:\/\/fantaisiescaninfelin.com\/index.php?rest_route=\/wp\/v2\/product\/162","targetHints":{"allow":["GET"]}}],"collection":[{"href":"https:\/\/fantaisiescaninfelin.com\/index.php?rest_route=\/wp\/v2\/product"}],"about":[{"href":"https:\/\/fantaisiescaninfelin.com\/index.php?rest_route=\/wp\/v2\/types\/product"}],"replies":[{"embeddable":true,"href":"https:\/\/fantaisiescaninfelin.com\/index.php?rest_route=%2Fwp%2Fv2%2Fcomments&post=162"}],"wp:featuredmedia":[{"embeddable":true,"href":"https:\/\/fantaisiescaninfelin.com\/index.php?rest_route=\/wp\/v2\/media\/208"}],"wp:attachment":[{"href":"https:\/\/fantaisiescaninfelin.com\/index.php?rest_route=%2Fwp%2Fv2%2Fmedia&parent=162"}],"wp:term":[{"taxonomy":"product_brand","embeddable":true,"href":"https:\/\/fantaisiescaninfelin.com\/index.php?rest_route=%2Fwp%2Fv2%2Fproduct_brand&post=162"},{"taxonomy":"product_cat","embeddable":true,"href":"https:\/\/fantaisiescaninfelin.com\/index.php?rest_route=%2Fwp%2Fv2%2Fproduct_cat&post=162"},{"taxonomy":"product_tag","embeddable":true,"href":"https:\/\/fantaisiescaninfelin.com\/index.php?rest_route=%2Fwp%2Fv2%2Fproduct_tag&post=162"}],"curies":[{"name":"wp","href":"https:\/\/api.w.org\/{rel}","templated":true}]}}