{"id":166,"date":"2024-09-03T12:37:09","date_gmt":"2024-09-03T12:37:09","guid":{"rendered":"https:\/\/fantaisies:8890\/?post_type=product&#038;p=166"},"modified":"2025-03-15T14:11:23","modified_gmt":"2025-03-15T18:11:23","slug":"trachee-de-veau","status":"publish","type":"product","link":"https:\/\/fantaisiescaninfelin.com\/?product=trachee-de-veau","title":{"rendered":"Trach\u00e9e de veau"},"content":{"rendered":"<p>Votre chien va adorer ses s\u00e9ances de mastication avec les trach\u00e9es de veau. Croyez nous, cet os 100 % naturelle va r\u00e9v\u00e9ler l&rsquo;instinct chasseur de votre chien.<\/p>\n<p>Produit Bellerive fi\u00e8rement qu\u00e9b\u00e9cois<\/p>\n<p>Recommand\u00e9 pour les masticateurs mod\u00e9r\u00e9s<\/p>\n<p>\ufffc\u2b50\ufe0f Toujours avoir une supervision lors des s\u00e9ances de mastication<\/p>\n","protected":false},"excerpt":{"rendered":"<p>Votre chien va adorer ses s\u00e9ances de mastication avec les trach\u00e9es de veau. Croyez nous, cet os 100 % naturelle&#8230;<\/p>\n","protected":false},"featured_media":213,"comment_status":"open","ping_status":"closed","template":"","meta":{"advanced_seo_description":"","jetpack_seo_html_title":"","jetpack_seo_noindex":false},"product_brand":[],"product_cat":[30,27],"product_tag":[],"class_list":{"0":"post-166","1":"product","2":"type-product","3":"status-publish","4":"has-post-thumbnail","6":"product_cat-mastication","7":"product_cat-non-classe","9":"first","10":"instock","11":"taxable","12":"shipping-taxable","13":"purchasable","14":"product-type-simple"},"jetpack_sharing_enabled":true,"_links":{"self":[{"href":"https:\/\/fantaisiescaninfelin.com\/index.php?rest_route=\/wp\/v2\/product\/166","targetHints":{"allow":["GET"]}}],"collection":[{"href":"https:\/\/fantaisiescaninfelin.com\/index.php?rest_route=\/wp\/v2\/product"}],"about":[{"href":"https:\/\/fantaisiescaninfelin.com\/index.php?rest_route=\/wp\/v2\/types\/product"}],"replies":[{"embeddable":true,"href":"https:\/\/fantaisiescaninfelin.com\/index.php?rest_route=%2Fwp%2Fv2%2Fcomments&post=166"}],"wp:featuredmedia":[{"embeddable":true,"href":"https:\/\/fantaisiescaninfelin.com\/index.php?rest_route=\/wp\/v2\/media\/213"}],"wp:attachment":[{"href":"https:\/\/fantaisiescaninfelin.com\/index.php?rest_route=%2Fwp%2Fv2%2Fmedia&parent=166"}],"wp:term":[{"taxonomy":"product_brand","embeddable":true,"href":"https:\/\/fantaisiescaninfelin.com\/index.php?rest_route=%2Fwp%2Fv2%2Fproduct_brand&post=166"},{"taxonomy":"product_cat","embeddable":true,"href":"https:\/\/fantaisiescaninfelin.com\/index.php?rest_route=%2Fwp%2Fv2%2Fproduct_cat&post=166"},{"taxonomy":"product_tag","embeddable":true,"href":"https:\/\/fantaisiescaninfelin.com\/index.php?rest_route=%2Fwp%2Fv2%2Fproduct_tag&post=166"}],"curies":[{"name":"wp","href":"https:\/\/api.w.org\/{rel}","templated":true}]}}