{"id":1665,"date":"2024-10-23T19:42:54","date_gmt":"2024-10-23T23:42:54","guid":{"rendered":"https:\/\/espritpublic.com\/fantaisies\/?product=coffret-adieu-poil-volatile-poil-court"},"modified":"2024-12-03T00:03:16","modified_gmt":"2024-12-03T05:03:16","slug":"coffret-adieu-poil-volatile-poil-court","status":"publish","type":"product","link":"https:\/\/fantaisiescaninfelin.com\/?product=coffret-adieu-poil-volatile-poil-court","title":{"rendered":"coffret adieu poil volatile poil court"},"content":{"rendered":"<p>Dites adieu au poil volatile ! ce coffret est id\u00e9alement con\u00e7u pour entretenir vos chiens \u00e0 sous-poil tel que les races labradors , beagle , boxer, danois,husky &#8230;.<\/p>\n<p>Tout est dans le coffret y compris la brosse de la mue et le suppl\u00e9ment chute de poil de la compagnie qu\u00e9b\u00e9coise Zanimo<\/p>\n<p>Cette bo\u00eete est approuv\u00e9e par R\u00e9alit\u00e9 d&rsquo;une toiletteuse<\/p>\n<p>Prenez note que votre chien va perdre toujours sa mue puisque c&rsquo;est un cycle qui se r\u00e9p\u00e8te au changement des saisons pour r\u00e9guler sa temp\u00e9rature . ne croyez pas que cette bo\u00eete va faire dispara\u00eetre la mue . Non, elle va uniquement vous aider \u00e0 ce que votre chien en perd moins et il aura un pelage brillant avec le suppl\u00e9ment \ud83d\ude42<\/p>\n","protected":false},"excerpt":{"rendered":"<p>Dites adieu au poil volatile ! ce coffret est id\u00e9alement con\u00e7u pour entretenir vos chiens \u00e0 sous-poil tel que les&#8230;<\/p>\n","protected":false},"featured_media":1663,"comment_status":"open","ping_status":"closed","template":"","meta":{"advanced_seo_description":"","jetpack_seo_html_title":"","jetpack_seo_noindex":false},"product_brand":[],"product_cat":[17,15],"product_tag":[],"class_list":{"0":"post-1665","1":"product","2":"type-product","3":"status-publish","4":"has-post-thumbnail","6":"product_cat-nos-coffrets","7":"product_cat-uncategorized","9":"first","10":"instock","11":"taxable","12":"shipping-taxable","13":"purchasable","14":"product-type-simple"},"jetpack_sharing_enabled":true,"_links":{"self":[{"href":"https:\/\/fantaisiescaninfelin.com\/index.php?rest_route=\/wp\/v2\/product\/1665","targetHints":{"allow":["GET"]}}],"collection":[{"href":"https:\/\/fantaisiescaninfelin.com\/index.php?rest_route=\/wp\/v2\/product"}],"about":[{"href":"https:\/\/fantaisiescaninfelin.com\/index.php?rest_route=\/wp\/v2\/types\/product"}],"replies":[{"embeddable":true,"href":"https:\/\/fantaisiescaninfelin.com\/index.php?rest_route=%2Fwp%2Fv2%2Fcomments&post=1665"}],"wp:featuredmedia":[{"embeddable":true,"href":"https:\/\/fantaisiescaninfelin.com\/index.php?rest_route=\/wp\/v2\/media\/1663"}],"wp:attachment":[{"href":"https:\/\/fantaisiescaninfelin.com\/index.php?rest_route=%2Fwp%2Fv2%2Fmedia&parent=1665"}],"wp:term":[{"taxonomy":"product_brand","embeddable":true,"href":"https:\/\/fantaisiescaninfelin.com\/index.php?rest_route=%2Fwp%2Fv2%2Fproduct_brand&post=1665"},{"taxonomy":"product_cat","embeddable":true,"href":"https:\/\/fantaisiescaninfelin.com\/index.php?rest_route=%2Fwp%2Fv2%2Fproduct_cat&post=1665"},{"taxonomy":"product_tag","embeddable":true,"href":"https:\/\/fantaisiescaninfelin.com\/index.php?rest_route=%2Fwp%2Fv2%2Fproduct_tag&post=1665"}],"curies":[{"name":"wp","href":"https:\/\/api.w.org\/{rel}","templated":true}]}}