{"id":167,"date":"2024-09-03T12:37:09","date_gmt":"2024-09-03T12:37:09","guid":{"rendered":"https:\/\/fantaisies:8890\/?post_type=product&#038;p=167"},"modified":"2025-03-07T20:26:20","modified_gmt":"2025-03-08T01:26:20","slug":"oesophage-de-boeuf-6pouces","status":"publish","type":"product","link":"https:\/\/fantaisiescaninfelin.com\/?product=oesophage-de-boeuf-6pouces","title":{"rendered":"\u0152sophage de b\u0153uf 6pouces"},"content":{"rendered":"<p>C&rsquo;est un \u00b4must&rsquo; \u00e0 avoir pour tout les propri\u00e9taires de chiots . Votre chiot ne pourra plus se passer de ces \u0153sophages 100% naturelle . Elles vont apporter un b\u00e9n\u00e9fique lors de la mastication de votre chiot pour ses dents .<\/p>\n<p>Produit Bellerive 100% qu\u00e9b\u00e9cois<\/p>\n<p>\u00c0 recommand\u00e9 pour tout les chiots ou les masticateurs d\u00e9butant<\/p>\n<p>\u2b50\ufe0f Toujours avoir une supervision lors des s\u00e9ances de mastication<\/p>\n","protected":false},"excerpt":{"rendered":"<p>C&rsquo;est un \u00b4must&rsquo; \u00e0 avoir pour tout les propri\u00e9taires de chiots . Votre chiot ne pourra plus se passer de&#8230;<\/p>\n","protected":false},"featured_media":214,"comment_status":"open","ping_status":"closed","template":"","meta":{"advanced_seo_description":"","jetpack_seo_html_title":"","jetpack_seo_noindex":false},"product_brand":[],"product_cat":[30,27],"product_tag":[],"class_list":{"0":"post-167","1":"product","2":"type-product","3":"status-publish","4":"has-post-thumbnail","6":"product_cat-mastication","7":"product_cat-non-classe","9":"first","10":"instock","11":"taxable","12":"shipping-taxable","13":"purchasable","14":"product-type-simple"},"jetpack_sharing_enabled":true,"_links":{"self":[{"href":"https:\/\/fantaisiescaninfelin.com\/index.php?rest_route=\/wp\/v2\/product\/167","targetHints":{"allow":["GET"]}}],"collection":[{"href":"https:\/\/fantaisiescaninfelin.com\/index.php?rest_route=\/wp\/v2\/product"}],"about":[{"href":"https:\/\/fantaisiescaninfelin.com\/index.php?rest_route=\/wp\/v2\/types\/product"}],"replies":[{"embeddable":true,"href":"https:\/\/fantaisiescaninfelin.com\/index.php?rest_route=%2Fwp%2Fv2%2Fcomments&post=167"}],"wp:featuredmedia":[{"embeddable":true,"href":"https:\/\/fantaisiescaninfelin.com\/index.php?rest_route=\/wp\/v2\/media\/214"}],"wp:attachment":[{"href":"https:\/\/fantaisiescaninfelin.com\/index.php?rest_route=%2Fwp%2Fv2%2Fmedia&parent=167"}],"wp:term":[{"taxonomy":"product_brand","embeddable":true,"href":"https:\/\/fantaisiescaninfelin.com\/index.php?rest_route=%2Fwp%2Fv2%2Fproduct_brand&post=167"},{"taxonomy":"product_cat","embeddable":true,"href":"https:\/\/fantaisiescaninfelin.com\/index.php?rest_route=%2Fwp%2Fv2%2Fproduct_cat&post=167"},{"taxonomy":"product_tag","embeddable":true,"href":"https:\/\/fantaisiescaninfelin.com\/index.php?rest_route=%2Fwp%2Fv2%2Fproduct_tag&post=167"}],"curies":[{"name":"wp","href":"https:\/\/api.w.org\/{rel}","templated":true}]}}