{"id":171,"date":"2024-09-03T08:37:09","date_gmt":"2024-09-03T12:37:09","guid":{"rendered":"https:\/\/fantaisies:8890\/?post_type=product&#038;p=171"},"modified":"2026-01-14T20:05:46","modified_gmt":"2026-01-15T01:05:46","slug":"bully-spring","status":"publish","type":"product","link":"https:\/\/fantaisiescaninfelin.com\/?product=bully-spring","title":{"rendered":"Redbarn Bully Spring"},"content":{"rendered":"<ul style=\"margin-top: 0rem;margin-bottom: 2.5rem;font-family: Lexend,\">\n<li style=\"margin-top: 0rem;margin-bottom: 1rem\">Les Bully Sticks sont notre produit le plus populaire, et pour cause ! Ces produits \u00e0 m\u00e2cher enti\u00e8rement naturels et hautement digestibles sont fabriqu\u00e9s \u00e0 partir d&rsquo;un seul ingr\u00e9dient, et r\u00f4tis lentement dans leur propre jus pour un maximum de saveur.<\/li>\n<li style=\"margin-top: 0rem;margin-bottom: 1rem\">Mais ils font plus qu&#8217;emballer une puissante saveur. Ils travaillent fort pour soutenir le d\u00e9veloppement musculaire de votre chien, tandis que l&rsquo;acte naturel de m\u00e2cher aide \u00e0 soutenir sa sant\u00e9 dentaire en massant doucement ses gencives et en grattant l&rsquo;accumulation de plaque et de tartre.<\/li>\n<li style=\"margin-top: 0rem;margin-bottom: 1rem\">Nos formes uniques pimentent la routine de mastication de votre chien alors qu&rsquo;il trouve avec plaisir comment enrouler sa bouche autour de sa forme pr\u00e9f\u00e9r\u00e9e.<\/li>\n<li style=\"margin-top: 0rem;margin-bottom: 1rem\">Sans conservateurs, produits chimiques ou ar\u00f4mes artificiels.<\/li>\n<li style=\"margin-top: 0rem;margin-bottom: 1rem\">Tr\u00e8s app\u00e9tissant et mastication longue dur\u00e9e.<\/li>\n<li style=\"margin-top: 0rem;margin-bottom: 1rem\">Enti\u00e8rement naturel et sans grains.<\/li>\n<li style=\"margin-top: 0rem;margin-bottom: 1rem\">Une mastication vraiment d\u00e9licieuse et nutritive pour lutter contre l&rsquo;ennui !<\/li>\n<\/ul>\n<p>Produit am\u00e9ricain<\/p>\n<p>\u2b50\ufe0f Toujours avoir une supervision lors des s\u00e9ances de mastication<\/p>\n","protected":false},"excerpt":{"rendered":"<p>Les Bully Sticks sont notre produit le plus populaire, et pour cause ! Ces produits \u00e0 m\u00e2cher enti\u00e8rement naturels et&#8230;<\/p>\n","protected":false},"featured_media":218,"comment_status":"open","ping_status":"closed","template":"","meta":{"advanced_seo_description":"","jetpack_seo_html_title":"","jetpack_seo_noindex":false},"product_brand":[],"product_cat":[30,27],"product_tag":[],"class_list":{"0":"post-171","1":"product","2":"type-product","3":"status-publish","4":"has-post-thumbnail","6":"product_cat-mastication","7":"product_cat-non-classe","9":"first","10":"instock","11":"taxable","12":"shipping-taxable","13":"purchasable","14":"product-type-simple"},"jetpack_sharing_enabled":true,"_links":{"self":[{"href":"https:\/\/fantaisiescaninfelin.com\/index.php?rest_route=\/wp\/v2\/product\/171","targetHints":{"allow":["GET"]}}],"collection":[{"href":"https:\/\/fantaisiescaninfelin.com\/index.php?rest_route=\/wp\/v2\/product"}],"about":[{"href":"https:\/\/fantaisiescaninfelin.com\/index.php?rest_route=\/wp\/v2\/types\/product"}],"replies":[{"embeddable":true,"href":"https:\/\/fantaisiescaninfelin.com\/index.php?rest_route=%2Fwp%2Fv2%2Fcomments&post=171"}],"wp:featuredmedia":[{"embeddable":true,"href":"https:\/\/fantaisiescaninfelin.com\/index.php?rest_route=\/wp\/v2\/media\/218"}],"wp:attachment":[{"href":"https:\/\/fantaisiescaninfelin.com\/index.php?rest_route=%2Fwp%2Fv2%2Fmedia&parent=171"}],"wp:term":[{"taxonomy":"product_brand","embeddable":true,"href":"https:\/\/fantaisiescaninfelin.com\/index.php?rest_route=%2Fwp%2Fv2%2Fproduct_brand&post=171"},{"taxonomy":"product_cat","embeddable":true,"href":"https:\/\/fantaisiescaninfelin.com\/index.php?rest_route=%2Fwp%2Fv2%2Fproduct_cat&post=171"},{"taxonomy":"product_tag","embeddable":true,"href":"https:\/\/fantaisiescaninfelin.com\/index.php?rest_route=%2Fwp%2Fv2%2Fproduct_tag&post=171"}],"curies":[{"name":"wp","href":"https:\/\/api.w.org\/{rel}","templated":true}]}}