{"id":172,"date":"2024-09-03T08:37:09","date_gmt":"2024-09-03T12:37:09","guid":{"rendered":"https:\/\/fantaisies:8890\/?post_type=product&#038;p=172"},"modified":"2026-01-24T20:19:40","modified_gmt":"2026-01-25T01:19:40","slug":"baton-de-collagene-grand","status":"publish","type":"product","link":"https:\/\/fantaisiescaninfelin.com\/?product=baton-de-collagene-grand","title":{"rendered":"Redbarn B\u00e2ton de collag\u00e8ne grand"},"content":{"rendered":"<ul>\n<li style=\"margin-top: 0rem;margin-bottom: 1rem\">Ils sont naturellement riches en chondro\u00eftine et en glucosamine, qui favorisent des articulations saines, une peau saine et un beau pelage brillant.<\/li>\n<li style=\"margin-top: 0rem;margin-bottom: 1rem\">Les g\u00e2teries \u00e0 m\u00e2cher en collag\u00e8ne de Redbarn contiennent 75 % de prot\u00e9ines ! Le collag\u00e8ne est une prot\u00e9ine pr\u00e9sente sous la couche sup\u00e9rieure de la peau chez les animaux et les humains.<\/li>\n<li style=\"margin-top: 0rem;margin-bottom: 1rem\">C&rsquo;est l&rsquo;un des composants cl\u00e9s des tissus conjonctifs. Consid\u00e9rez-le comme la \u00ab\u00a0colle\u00a0\u00bb qui aide \u00e0 maintenir le corps ensemble.<\/li>\n<li style=\"margin-top: 0rem;margin-bottom: 1rem\">Le collag\u00e8ne contient plus de prot\u00e9ines et moins de mati\u00e8res grasses que les friandises traditionnelles en cuir brut et se dig\u00e8re beaucoup plus facilement.<\/li>\n<\/ul>\n<p>\u00c0 recommander pour les chiens \u00e0 poil long et fris\u00e9 puisqu&rsquo;ils ont besoin de collag\u00e8ne pour avoir un pelage en sant\u00e9<\/p>\n<p>Produit am\u00e9ricain<\/p>\n<p>\u2b50\ufe0f Toujours avoir une supervision lors des s\u00e9ances de mastication<\/p>\n","protected":false},"excerpt":{"rendered":"<p>Ils sont naturellement riches en chondro\u00eftine et en glucosamine, qui favorisent des articulations saines, une peau saine et un beau&#8230;<\/p>\n","protected":false},"featured_media":219,"comment_status":"open","ping_status":"closed","template":"","meta":{"advanced_seo_description":"","jetpack_seo_html_title":"","jetpack_seo_noindex":false},"product_brand":[],"product_cat":[30,27],"product_tag":[],"class_list":{"0":"post-172","1":"product","2":"type-product","3":"status-publish","4":"has-post-thumbnail","6":"product_cat-mastication","7":"product_cat-non-classe","9":"first","10":"instock","11":"taxable","12":"shipping-taxable","13":"purchasable","14":"product-type-simple"},"jetpack_sharing_enabled":true,"_links":{"self":[{"href":"https:\/\/fantaisiescaninfelin.com\/index.php?rest_route=\/wp\/v2\/product\/172","targetHints":{"allow":["GET"]}}],"collection":[{"href":"https:\/\/fantaisiescaninfelin.com\/index.php?rest_route=\/wp\/v2\/product"}],"about":[{"href":"https:\/\/fantaisiescaninfelin.com\/index.php?rest_route=\/wp\/v2\/types\/product"}],"replies":[{"embeddable":true,"href":"https:\/\/fantaisiescaninfelin.com\/index.php?rest_route=%2Fwp%2Fv2%2Fcomments&post=172"}],"wp:featuredmedia":[{"embeddable":true,"href":"https:\/\/fantaisiescaninfelin.com\/index.php?rest_route=\/wp\/v2\/media\/219"}],"wp:attachment":[{"href":"https:\/\/fantaisiescaninfelin.com\/index.php?rest_route=%2Fwp%2Fv2%2Fmedia&parent=172"}],"wp:term":[{"taxonomy":"product_brand","embeddable":true,"href":"https:\/\/fantaisiescaninfelin.com\/index.php?rest_route=%2Fwp%2Fv2%2Fproduct_brand&post=172"},{"taxonomy":"product_cat","embeddable":true,"href":"https:\/\/fantaisiescaninfelin.com\/index.php?rest_route=%2Fwp%2Fv2%2Fproduct_cat&post=172"},{"taxonomy":"product_tag","embeddable":true,"href":"https:\/\/fantaisiescaninfelin.com\/index.php?rest_route=%2Fwp%2Fv2%2Fproduct_tag&post=172"}],"curies":[{"name":"wp","href":"https:\/\/api.w.org\/{rel}","templated":true}]}}