{"id":173,"date":"2024-09-03T08:37:10","date_gmt":"2024-09-03T12:37:10","guid":{"rendered":"https:\/\/fantaisies:8890\/?post_type=product&#038;p=173"},"modified":"2025-12-01T09:56:35","modified_gmt":"2025-12-01T14:56:35","slug":"queue-de-vache","status":"publish","type":"product","link":"https:\/\/fantaisiescaninfelin.com\/?product=queue-de-vache","title":{"rendered":"Queue de vache"},"content":{"rendered":"<ul>\n<li style=\"margin-top: 0rem;margin-bottom: 1rem\">Comme nous savons que chaque chien est unique, nous avons cr\u00e9\u00e9 une gamme vari\u00e9e de produits \u00e0 m\u00e2cher naturels de qualit\u00e9 sup\u00e9rieure pour les chiens d&rsquo;\u00e2ges, de tailles et de personnalit\u00e9s diff\u00e9rentes.<\/li>\n<li style=\"margin-top: 0rem;margin-bottom: 1rem\">Nos produits \u00e0 m\u00e2cher sont naturellement riches en prot\u00e9ines, \u00e0 ingr\u00e9dient unique, sans produits chimiques ajout\u00e9s, ni colorants ni ar\u00f4mes artificiels, et toujours sans c\u00e9r\u00e9ales ni gluten.<\/li>\n<li style=\"margin-top: 0rem;margin-bottom: 1rem\">C&rsquo;est l&rsquo;alternative parfaite aux friandises riches en calories.<\/li>\n<li style=\"margin-top: 0rem;margin-bottom: 1rem\">Leurs textures et formes naturelles offrent \u00e9galement l&rsquo;avantage suppl\u00e9mentaire de gratter doucement l&rsquo;accumulation de plaque.<\/li>\n<\/ul>\n<p>Recommand\u00e9 pour les masticateurs mod\u00e9r\u00e9s et les chiots<\/p>\n<p>Produit am\u00e9ricain<\/p>\n<p>\u2b50\ufe0f Toujours avoir une supervision lors des s\u00e9ances de mastication<\/p>\n","protected":false},"excerpt":{"rendered":"<p>Comme nous savons que chaque chien est unique, nous avons cr\u00e9\u00e9 une gamme vari\u00e9e de produits \u00e0 m\u00e2cher naturels de&#8230;<\/p>\n","protected":false},"featured_media":220,"comment_status":"open","ping_status":"closed","template":"","meta":{"advanced_seo_description":"","jetpack_seo_html_title":"","jetpack_seo_noindex":false},"product_brand":[],"product_cat":[30,27],"product_tag":[42],"class_list":{"0":"post-173","1":"product","2":"type-product","3":"status-publish","4":"has-post-thumbnail","6":"product_cat-mastication","7":"product_cat-non-classe","8":"product_tag-scarlet","10":"first","11":"outofstock","12":"taxable","13":"shipping-taxable","14":"purchasable","15":"product-type-simple"},"jetpack_sharing_enabled":true,"_links":{"self":[{"href":"https:\/\/fantaisiescaninfelin.com\/index.php?rest_route=\/wp\/v2\/product\/173","targetHints":{"allow":["GET"]}}],"collection":[{"href":"https:\/\/fantaisiescaninfelin.com\/index.php?rest_route=\/wp\/v2\/product"}],"about":[{"href":"https:\/\/fantaisiescaninfelin.com\/index.php?rest_route=\/wp\/v2\/types\/product"}],"replies":[{"embeddable":true,"href":"https:\/\/fantaisiescaninfelin.com\/index.php?rest_route=%2Fwp%2Fv2%2Fcomments&post=173"}],"wp:featuredmedia":[{"embeddable":true,"href":"https:\/\/fantaisiescaninfelin.com\/index.php?rest_route=\/wp\/v2\/media\/220"}],"wp:attachment":[{"href":"https:\/\/fantaisiescaninfelin.com\/index.php?rest_route=%2Fwp%2Fv2%2Fmedia&parent=173"}],"wp:term":[{"taxonomy":"product_brand","embeddable":true,"href":"https:\/\/fantaisiescaninfelin.com\/index.php?rest_route=%2Fwp%2Fv2%2Fproduct_brand&post=173"},{"taxonomy":"product_cat","embeddable":true,"href":"https:\/\/fantaisiescaninfelin.com\/index.php?rest_route=%2Fwp%2Fv2%2Fproduct_cat&post=173"},{"taxonomy":"product_tag","embeddable":true,"href":"https:\/\/fantaisiescaninfelin.com\/index.php?rest_route=%2Fwp%2Fv2%2Fproduct_tag&post=173"}],"curies":[{"name":"wp","href":"https:\/\/api.w.org\/{rel}","templated":true}]}}