{"id":174,"date":"2024-09-03T08:37:10","date_gmt":"2024-09-03T12:37:10","guid":{"rendered":"https:\/\/fantaisies:8890\/?post_type=product&#038;p=174"},"modified":"2025-12-03T12:01:45","modified_gmt":"2025-12-03T17:01:45","slug":"nez-de-cochon","status":"publish","type":"product","link":"https:\/\/fantaisiescaninfelin.com\/?product=nez-de-cochon","title":{"rendered":"Nez de cochon"},"content":{"rendered":"<ul>\n<li style=\"margin-top: 0rem;margin-bottom: 1rem\">Les produits \u00e0 m\u00e2cher au porc de Redbarn sont fabriqu\u00e9s avec du porc enti\u00e8rement naturel et rien d&rsquo;autre.<\/li>\n<li style=\"margin-top: 0rem;margin-bottom: 1rem\">Une fois r\u00f4ti lentement dans leur propre jus ou gonfl\u00e9 dans une texture l\u00e9g\u00e8re et croustillante, il n&rsquo;y a plus simplement besoin d&rsquo;ar\u00f4mes, de colorants ou d&rsquo;autres additifs artificiels.<\/li>\n<li style=\"margin-top: 0rem;margin-bottom: 1rem\">Les produits \u00e0 m\u00e2cher au porc sont une alternative tentante aux produits \u00e0 m\u00e2cher au b\u0153uf et au cuir brut, riches en saveurs et en bienfaits pour la sant\u00e9.<\/li>\n<li style=\"margin-top: 0rem;margin-bottom: 1rem\">Non seulement ils aident \u00e0 r\u00e9duire le stress et \u00e0 lutter contre l&rsquo;ennui tout au long de la journ\u00e9e, mais l&rsquo;acte naturel de m\u00e2cher aide \u00e0 soutenir leur sant\u00e9 dentaire en massant doucement leurs gencives et en nettoyant l&rsquo;accumulation de plaque et de tartre.<\/li>\n<\/ul>\n<p>Produit Redbarn am\u00e9ricain<\/p>\n<p>\u2b50\ufe0f Toujours avoir une supervision lors des s\u00e9ances de mastication<\/p>\n","protected":false},"excerpt":{"rendered":"<p>Les produits \u00e0 m\u00e2cher au porc de Redbarn sont fabriqu\u00e9s avec du porc enti\u00e8rement naturel et rien d&rsquo;autre. Une fois&#8230;<\/p>\n","protected":false},"featured_media":221,"comment_status":"open","ping_status":"closed","template":"","meta":{"advanced_seo_description":"","jetpack_seo_html_title":"","jetpack_seo_noindex":false},"product_brand":[],"product_cat":[30,27],"product_tag":[43,42],"class_list":{"0":"post-174","1":"product","2":"type-product","3":"status-publish","4":"has-post-thumbnail","6":"product_cat-mastication","7":"product_cat-non-classe","8":"product_tag-noel","9":"product_tag-scarlet","11":"first","12":"instock","13":"taxable","14":"shipping-taxable","15":"purchasable","16":"product-type-simple"},"jetpack_sharing_enabled":true,"_links":{"self":[{"href":"https:\/\/fantaisiescaninfelin.com\/index.php?rest_route=\/wp\/v2\/product\/174","targetHints":{"allow":["GET"]}}],"collection":[{"href":"https:\/\/fantaisiescaninfelin.com\/index.php?rest_route=\/wp\/v2\/product"}],"about":[{"href":"https:\/\/fantaisiescaninfelin.com\/index.php?rest_route=\/wp\/v2\/types\/product"}],"replies":[{"embeddable":true,"href":"https:\/\/fantaisiescaninfelin.com\/index.php?rest_route=%2Fwp%2Fv2%2Fcomments&post=174"}],"wp:featuredmedia":[{"embeddable":true,"href":"https:\/\/fantaisiescaninfelin.com\/index.php?rest_route=\/wp\/v2\/media\/221"}],"wp:attachment":[{"href":"https:\/\/fantaisiescaninfelin.com\/index.php?rest_route=%2Fwp%2Fv2%2Fmedia&parent=174"}],"wp:term":[{"taxonomy":"product_brand","embeddable":true,"href":"https:\/\/fantaisiescaninfelin.com\/index.php?rest_route=%2Fwp%2Fv2%2Fproduct_brand&post=174"},{"taxonomy":"product_cat","embeddable":true,"href":"https:\/\/fantaisiescaninfelin.com\/index.php?rest_route=%2Fwp%2Fv2%2Fproduct_cat&post=174"},{"taxonomy":"product_tag","embeddable":true,"href":"https:\/\/fantaisiescaninfelin.com\/index.php?rest_route=%2Fwp%2Fv2%2Fproduct_tag&post=174"}],"curies":[{"name":"wp","href":"https:\/\/api.w.org\/{rel}","templated":true}]}}