{"id":175,"date":"2024-09-03T08:37:10","date_gmt":"2024-09-03T12:37:10","guid":{"rendered":"https:\/\/fantaisies:8890\/?post_type=product&#038;p=175"},"modified":"2025-12-28T11:29:00","modified_gmt":"2025-12-28T16:29:00","slug":"first-choice-nourriture-pour-tout-les-types-de-chiots","status":"publish","type":"product","link":"https:\/\/fantaisiescaninfelin.com\/?product=first-choice-nourriture-pour-tout-les-types-de-chiots","title":{"rendered":"First choice nourriture pour tout les types de chiots 25lbs"},"content":{"rendered":"<ul>\n<li style=\"margin-top: 0rem;margin-bottom: 1rem\">D\u00e9velopp\u00e9es par des experts en nutrition, la gamme 1st Choice r\u00e9pond aux besoins de sant\u00e9 sp\u00e9cifiques de votre animal et aux diff\u00e9rents stades de sa vie.<\/li>\n<li style=\"margin-top: 0rem;margin-bottom: 1rem\">Les formules 1st Choice sont fabriqu\u00e9es \u00e0 partir d\u2019ingr\u00e9dients de qualit\u00e9 sup\u00e9rieure, sans aucun sous-produit de viande.<\/li>\n<li style=\"margin-top: 0rem;margin-bottom: 1rem\">La formule PEAU ET PELAGE agneau et poisson a \u00e9t\u00e9 con\u00e7ue pour r\u00e9pondre aux besoins nutritionnels des chiots de toutes races.<\/li>\n<li style=\"margin-top: 0rem;margin-bottom: 1rem\">L\u2019ajout d\u2019om\u00e9ga-3 et d\u2019om\u00e9ga-6 leur assure une peau saine et un pelage soyeux.<\/li>\n<li style=\"margin-top: 0rem;margin-bottom: 1rem\">Les petites croquettes d\u00e9bordent de saveur pour que la d\u00e9couverte de la nourriture s\u00e8che soit agr\u00e9able et r\u00e9ussie.<\/li>\n<li style=\"margin-top: 0rem;margin-bottom: 1rem\">Cette formule compl\u00e8te et \u00e9quilibr\u00e9e soutient la croissance des os, le d\u00e9veloppement des fonctions vitales et le d\u00e9veloppement du cerveau, en plus d\u2019aider les chiots \u00e0 se b\u00e2tir un bon syst\u00e8me immunitaire.<\/li>\n<li style=\"margin-top: 0rem;margin-bottom: 1rem\">Facile \u00e0 dig\u00e9rer, elle constitue une option sans poulet tr\u00e8s appr\u00e9ci\u00e9e. La premi\u00e8re \u00e9tape pour grandir en sant\u00e9 et en beaut\u00e9 !<\/li>\n<\/ul>\n<p>Produit fi\u00e8rement qu\u00e9b\u00e9cois<\/p>\n","protected":false},"excerpt":{"rendered":"<p>D\u00e9velopp\u00e9es par des experts en nutrition, la gamme 1st Choice r\u00e9pond aux besoins de sant\u00e9 sp\u00e9cifiques de votre animal et&#8230;<\/p>\n","protected":false},"featured_media":222,"comment_status":"open","ping_status":"closed","template":"","meta":{"advanced_seo_description":"","jetpack_seo_html_title":"","jetpack_seo_noindex":false},"product_brand":[],"product_cat":[27,16,28],"product_tag":[43],"class_list":{"0":"post-175","1":"product","2":"type-product","3":"status-publish","4":"has-post-thumbnail","6":"product_cat-non-classe","7":"product_cat-nourriture","8":"product_cat-peau-pelage","9":"product_tag-noel","11":"first","12":"instock","13":"taxable","14":"shipping-taxable","15":"purchasable","16":"product-type-simple"},"jetpack_sharing_enabled":true,"_links":{"self":[{"href":"https:\/\/fantaisiescaninfelin.com\/index.php?rest_route=\/wp\/v2\/product\/175","targetHints":{"allow":["GET"]}}],"collection":[{"href":"https:\/\/fantaisiescaninfelin.com\/index.php?rest_route=\/wp\/v2\/product"}],"about":[{"href":"https:\/\/fantaisiescaninfelin.com\/index.php?rest_route=\/wp\/v2\/types\/product"}],"replies":[{"embeddable":true,"href":"https:\/\/fantaisiescaninfelin.com\/index.php?rest_route=%2Fwp%2Fv2%2Fcomments&post=175"}],"wp:featuredmedia":[{"embeddable":true,"href":"https:\/\/fantaisiescaninfelin.com\/index.php?rest_route=\/wp\/v2\/media\/222"}],"wp:attachment":[{"href":"https:\/\/fantaisiescaninfelin.com\/index.php?rest_route=%2Fwp%2Fv2%2Fmedia&parent=175"}],"wp:term":[{"taxonomy":"product_brand","embeddable":true,"href":"https:\/\/fantaisiescaninfelin.com\/index.php?rest_route=%2Fwp%2Fv2%2Fproduct_brand&post=175"},{"taxonomy":"product_cat","embeddable":true,"href":"https:\/\/fantaisiescaninfelin.com\/index.php?rest_route=%2Fwp%2Fv2%2Fproduct_cat&post=175"},{"taxonomy":"product_tag","embeddable":true,"href":"https:\/\/fantaisiescaninfelin.com\/index.php?rest_route=%2Fwp%2Fv2%2Fproduct_tag&post=175"}],"curies":[{"name":"wp","href":"https:\/\/api.w.org\/{rel}","templated":true}]}}