{"id":176,"date":"2024-09-03T08:37:10","date_gmt":"2024-09-03T12:37:10","guid":{"rendered":"https:\/\/fantaisies:8890\/?post_type=product&#038;p=176"},"modified":"2026-02-23T14:07:17","modified_gmt":"2026-02-23T19:07:17","slug":"first-choice-nourriture-dentaire-pour-les-chiens","status":"publish","type":"product","link":"https:\/\/fantaisiescaninfelin.com\/?product=first-choice-nourriture-dentaire-pour-les-chiens","title":{"rendered":"First choice nourriture dentaire pour les chiens"},"content":{"rendered":"<ul>\n<li style=\"margin-top: 0rem;margin-bottom: 1rem\">D\u00e9velopp\u00e9es par des experts en nutrition, la gamme 1st Choice r\u00e9pond aux besoins de sant\u00e9 sp\u00e9cifiques de votre animal et aux diff\u00e9rents stades de sa vie.<\/li>\n<li style=\"margin-top: 0rem;margin-bottom: 1rem\">Les formules 1st Choice sont fabriqu\u00e9es \u00e0 partir d\u2019ingr\u00e9dients de qualit\u00e9 sup\u00e9rieure, sans aucun sous-produit de viande.<\/li>\n<li style=\"margin-top: 0rem;margin-bottom: 1rem\">L\u2019hygi\u00e8ne bucco-dentaire n\u2019aura jamais \u00e9t\u00e9 aussi facile, gr\u00e2ce \u00e0 la formule SANT\u00c9 DENTAIRE.<\/li>\n<li style=\"margin-top: 0rem;margin-bottom: 1rem\">Offerte de fa\u00e7on r\u00e9guli\u00e8re, cette nourriture aide les chiens adultes de toutes races \u00e0 garder leurs dents et gencives saines, en plus de maintenir l\u2019haleine fra\u00eeche.<\/li>\n<li style=\"margin-top: 0rem;margin-bottom: 1rem\">De plus, cette formule renferme notre \u00c9quilibre de Fibres Pr\u00e9biotiques. Gr\u00e2ce \u00e0 un savant m\u00e9lange de fibres solubles et insolubles, chaque croquette offre un apport optimal en fibres pr\u00e9biotiques contribuant \u00e0 nourrir la flore intestinale.<\/li>\n<li style=\"margin-top: 0rem;margin-bottom: 1rem\">Pour une meilleure sant\u00e9 digestive au quotidien, un syst\u00e8me immunitaire fort et une vitalit\u00e9 accrue.<\/li>\n<\/ul>\n<p>Produit fi\u00e8rement qu\u00e9b\u00e9cois<\/p>\n<p>\u2b50\ufe0f N&rsquo;oubliez pas de continuer \u00e0 donner des s\u00e9ances de mastication ,de donner les g\u00e2teries dentaire \u00e0 la canneberge et de brosser les dents pour soutenir une bonne hygi\u00e8ne dentaire<\/p>\n","protected":false},"excerpt":{"rendered":"<p>D\u00e9velopp\u00e9es par des experts en nutrition, la gamme 1st Choice r\u00e9pond aux besoins de sant\u00e9 sp\u00e9cifiques de votre animal et&#8230;<\/p>\n","protected":false},"featured_media":223,"comment_status":"open","ping_status":"closed","template":"","meta":{"advanced_seo_description":"","jetpack_seo_html_title":"","jetpack_seo_noindex":false},"product_brand":[],"product_cat":[21,27,16],"product_tag":[43],"class_list":{"0":"post-176","1":"product","2":"type-product","3":"status-publish","4":"has-post-thumbnail","6":"product_cat-dentition-pawfaite","7":"product_cat-non-classe","8":"product_cat-nourriture","9":"product_tag-noel","11":"first","12":"instock","13":"taxable","14":"shipping-taxable","15":"purchasable","16":"product-type-variable"},"jetpack_sharing_enabled":true,"_links":{"self":[{"href":"https:\/\/fantaisiescaninfelin.com\/index.php?rest_route=\/wp\/v2\/product\/176","targetHints":{"allow":["GET"]}}],"collection":[{"href":"https:\/\/fantaisiescaninfelin.com\/index.php?rest_route=\/wp\/v2\/product"}],"about":[{"href":"https:\/\/fantaisiescaninfelin.com\/index.php?rest_route=\/wp\/v2\/types\/product"}],"replies":[{"embeddable":true,"href":"https:\/\/fantaisiescaninfelin.com\/index.php?rest_route=%2Fwp%2Fv2%2Fcomments&post=176"}],"wp:featuredmedia":[{"embeddable":true,"href":"https:\/\/fantaisiescaninfelin.com\/index.php?rest_route=\/wp\/v2\/media\/223"}],"wp:attachment":[{"href":"https:\/\/fantaisiescaninfelin.com\/index.php?rest_route=%2Fwp%2Fv2%2Fmedia&parent=176"}],"wp:term":[{"taxonomy":"product_brand","embeddable":true,"href":"https:\/\/fantaisiescaninfelin.com\/index.php?rest_route=%2Fwp%2Fv2%2Fproduct_brand&post=176"},{"taxonomy":"product_cat","embeddable":true,"href":"https:\/\/fantaisiescaninfelin.com\/index.php?rest_route=%2Fwp%2Fv2%2Fproduct_cat&post=176"},{"taxonomy":"product_tag","embeddable":true,"href":"https:\/\/fantaisiescaninfelin.com\/index.php?rest_route=%2Fwp%2Fv2%2Fproduct_tag&post=176"}],"curies":[{"name":"wp","href":"https:\/\/api.w.org\/{rel}","templated":true}]}}