{"id":177,"date":"2024-09-03T08:37:10","date_gmt":"2024-09-03T12:37:10","guid":{"rendered":"https:\/\/fantaisies:8890\/?post_type=product&#038;p=177"},"modified":"2025-04-04T18:59:51","modified_gmt":"2025-04-04T22:59:51","slug":"first-choice-nourriture-derma-au-poisson","status":"publish","type":"product","link":"https:\/\/fantaisiescaninfelin.com\/?product=first-choice-nourriture-derma-au-poisson","title":{"rendered":"First choice nourriture Derma au poisson"},"content":{"rendered":"<ul>\n<li style=\"margin-top: 0rem;margin-bottom: 1rem\">D\u00e9velopp\u00e9es par des experts en nutrition, la gamme 1st Choice r\u00e9pond aux besoins de sant\u00e9 sp\u00e9cifiques de votre animal et aux diff\u00e9rents stades de sa vie.<\/li>\n<li style=\"margin-top: 0rem;margin-bottom: 1rem\">Les formules 1st Choice sont fabriqu\u00e9es \u00e0 partir d\u2019ingr\u00e9dients de qualit\u00e9 sup\u00e9rieure, sans aucun sous-produit de viande.<\/li>\n<li style=\"margin-top: 0rem;margin-bottom: 1rem\">La formule DERMA sans grains a \u00e9t\u00e9 con\u00e7ue pour aider les chiens dont la peau est r\u00e9active ou hypersensible.<\/li>\n<li style=\"margin-top: 0rem;margin-bottom: 1rem\">Sp\u00e9cialement \u00e9labor\u00e9e \u00e0 partir d\u2019ingr\u00e9dients reconnus pour diminuer l\u2019inflammation cutan\u00e9e, les irritations et les d\u00e9mangeaisons, cette formule cr\u00e9e une barri\u00e8re protectrice contre les agresseurs de l\u2019environnement.<\/li>\n<li style=\"margin-top: 0rem;margin-bottom: 1rem\">La formule DERMA rend \u00e9galement le poil incroyablement lustr\u00e9 et soyeux! De plus, cette formule renferme notre \u00c9quilibre de Fibres Pr\u00e9biotiques.<\/li>\n<li style=\"margin-top: 0rem;margin-bottom: 1rem\">Gr\u00e2ce \u00e0 un savant m\u00e9lange de fibres solubles et insolubles, chaque croquette offre un apport optimal en fibres pr\u00e9biotiques contribuant \u00e0 nourrir la flore intestinale.<\/li>\n<li style=\"margin-top: 0rem;margin-bottom: 1rem\">Pour une meilleure sant\u00e9 digestive au quotidien, un syst\u00e8me immunitaire fort et une vitalit\u00e9 accrue.<\/li>\n<\/ul>\n<p>Produit fi\u00e8rement qu\u00e9b\u00e9cois<\/p>\n","protected":false},"excerpt":{"rendered":"<p>D\u00e9velopp\u00e9es par des experts en nutrition, la gamme 1st Choice r\u00e9pond aux besoins de sant\u00e9 sp\u00e9cifiques de votre animal et&#8230;<\/p>\n","protected":false},"featured_media":224,"comment_status":"open","ping_status":"closed","template":"","meta":{"advanced_seo_description":"","jetpack_seo_html_title":"","jetpack_seo_noindex":false},"product_brand":[],"product_cat":[27,16,28],"product_tag":[43],"class_list":{"0":"post-177","1":"product","2":"type-product","3":"status-publish","4":"has-post-thumbnail","6":"product_cat-non-classe","7":"product_cat-nourriture","8":"product_cat-peau-pelage","9":"product_tag-noel","11":"first","12":"instock","13":"taxable","14":"shipping-taxable","15":"purchasable","16":"product-type-variable"},"jetpack_sharing_enabled":true,"_links":{"self":[{"href":"https:\/\/fantaisiescaninfelin.com\/index.php?rest_route=\/wp\/v2\/product\/177","targetHints":{"allow":["GET"]}}],"collection":[{"href":"https:\/\/fantaisiescaninfelin.com\/index.php?rest_route=\/wp\/v2\/product"}],"about":[{"href":"https:\/\/fantaisiescaninfelin.com\/index.php?rest_route=\/wp\/v2\/types\/product"}],"replies":[{"embeddable":true,"href":"https:\/\/fantaisiescaninfelin.com\/index.php?rest_route=%2Fwp%2Fv2%2Fcomments&post=177"}],"wp:featuredmedia":[{"embeddable":true,"href":"https:\/\/fantaisiescaninfelin.com\/index.php?rest_route=\/wp\/v2\/media\/224"}],"wp:attachment":[{"href":"https:\/\/fantaisiescaninfelin.com\/index.php?rest_route=%2Fwp%2Fv2%2Fmedia&parent=177"}],"wp:term":[{"taxonomy":"product_brand","embeddable":true,"href":"https:\/\/fantaisiescaninfelin.com\/index.php?rest_route=%2Fwp%2Fv2%2Fproduct_brand&post=177"},{"taxonomy":"product_cat","embeddable":true,"href":"https:\/\/fantaisiescaninfelin.com\/index.php?rest_route=%2Fwp%2Fv2%2Fproduct_cat&post=177"},{"taxonomy":"product_tag","embeddable":true,"href":"https:\/\/fantaisiescaninfelin.com\/index.php?rest_route=%2Fwp%2Fv2%2Fproduct_tag&post=177"}],"curies":[{"name":"wp","href":"https:\/\/api.w.org\/{rel}","templated":true}]}}