{"id":1780,"date":"2024-11-02T17:34:04","date_gmt":"2024-11-02T21:34:04","guid":{"rendered":"https:\/\/fantaisiescaninfelin.com\/?post_type=product&#038;p=1780"},"modified":"2025-12-28T11:33:45","modified_gmt":"2025-12-28T16:33:45","slug":"hurraw-formule-poulet-de-grain","status":"publish","type":"product","link":"https:\/\/fantaisiescaninfelin.com\/?product=hurraw-formule-poulet-de-grain","title":{"rendered":"Hurraw formule poulet de grain"},"content":{"rendered":"<p>Nourriture crue d\u00e9shydrat\u00e9e<br \/>Pour les chiens de toutes tailles, races et pour toutes les \u00e9tapes de vie.<br \/>Nous rendons accessibles \u00e0 tous les avantages de l\u2019alimentation crue!<br \/>Fi\u00e8rement fabriqu\u00e9 au Qu\u00e9bec!<\/p>\n","protected":false},"excerpt":{"rendered":"<p>Nourriture crue d\u00e9shydrat\u00e9ePour les chiens de toutes tailles, races et pour toutes les \u00e9tapes de vie.Nous rendons accessibles \u00e0 tous&#8230;<\/p>\n","protected":false},"featured_media":1781,"comment_status":"open","ping_status":"closed","template":"","meta":{"advanced_seo_description":"","jetpack_seo_html_title":"","jetpack_seo_noindex":false},"product_brand":[],"product_cat":[58,16,15],"product_tag":[],"class_list":{"0":"post-1780","1":"product","2":"type-product","3":"status-publish","4":"has-post-thumbnail","6":"product_cat-crue-deshydratee-lyophilisee","7":"product_cat-nourriture","8":"product_cat-uncategorized","10":"first","11":"instock","12":"sale","13":"taxable","14":"shipping-taxable","15":"purchasable","16":"product-type-variable","17":"has-default-attributes"},"jetpack_sharing_enabled":true,"_links":{"self":[{"href":"https:\/\/fantaisiescaninfelin.com\/index.php?rest_route=\/wp\/v2\/product\/1780","targetHints":{"allow":["GET"]}}],"collection":[{"href":"https:\/\/fantaisiescaninfelin.com\/index.php?rest_route=\/wp\/v2\/product"}],"about":[{"href":"https:\/\/fantaisiescaninfelin.com\/index.php?rest_route=\/wp\/v2\/types\/product"}],"replies":[{"embeddable":true,"href":"https:\/\/fantaisiescaninfelin.com\/index.php?rest_route=%2Fwp%2Fv2%2Fcomments&post=1780"}],"wp:featuredmedia":[{"embeddable":true,"href":"https:\/\/fantaisiescaninfelin.com\/index.php?rest_route=\/wp\/v2\/media\/1781"}],"wp:attachment":[{"href":"https:\/\/fantaisiescaninfelin.com\/index.php?rest_route=%2Fwp%2Fv2%2Fmedia&parent=1780"}],"wp:term":[{"taxonomy":"product_brand","embeddable":true,"href":"https:\/\/fantaisiescaninfelin.com\/index.php?rest_route=%2Fwp%2Fv2%2Fproduct_brand&post=1780"},{"taxonomy":"product_cat","embeddable":true,"href":"https:\/\/fantaisiescaninfelin.com\/index.php?rest_route=%2Fwp%2Fv2%2Fproduct_cat&post=1780"},{"taxonomy":"product_tag","embeddable":true,"href":"https:\/\/fantaisiescaninfelin.com\/index.php?rest_route=%2Fwp%2Fv2%2Fproduct_tag&post=1780"}],"curies":[{"name":"wp","href":"https:\/\/api.w.org\/{rel}","templated":true}]}}