{"id":1862,"date":"2024-11-09T15:42:40","date_gmt":"2024-11-09T20:42:40","guid":{"rendered":"https:\/\/fantaisiescaninfelin.com\/?post_type=product&#038;p=1862"},"modified":"2025-12-03T11:57:43","modified_gmt":"2025-12-03T16:57:43","slug":"hide-n-seek-foufit-jeu-dodeur-cane-noel","status":"publish","type":"product","link":"https:\/\/fantaisiescaninfelin.com\/?product=hide-n-seek-foufit-jeu-dodeur-cane-noel","title":{"rendered":"Hide n Seek foufit jeu d&rsquo;odeur cane noel"},"content":{"rendered":"<p>Amuser vous avec votre chien \u00e0 cacher ses g\u00e2teries ou sa nourriture pr\u00e9f\u00e9r\u00e9 pour qu&rsquo;il puisse travailler son mental ! Votre chien va s&rsquo;amuser \u00e0 les rep\u00e9rer \ud83d\ude42<\/p>\n","protected":false},"excerpt":{"rendered":"<p>Amuser vous avec votre chien \u00e0 cacher ses g\u00e2teries ou sa nourriture pr\u00e9f\u00e9r\u00e9 pour qu&rsquo;il puisse travailler son mental !&#8230;<\/p>\n","protected":false},"featured_media":1863,"comment_status":"open","ping_status":"closed","template":"","meta":{"advanced_seo_description":"","jetpack_seo_html_title":"","jetpack_seo_noindex":false},"product_brand":[],"product_cat":[41,15],"product_tag":[43,42],"class_list":{"0":"post-1862","1":"product","2":"type-product","3":"status-publish","4":"has-post-thumbnail","6":"product_cat-linteractive","7":"product_cat-uncategorized","8":"product_tag-noel","9":"product_tag-scarlet","11":"first","12":"instock","13":"taxable","14":"shipping-taxable","15":"purchasable","16":"product-type-simple"},"jetpack_sharing_enabled":true,"_links":{"self":[{"href":"https:\/\/fantaisiescaninfelin.com\/index.php?rest_route=\/wp\/v2\/product\/1862","targetHints":{"allow":["GET"]}}],"collection":[{"href":"https:\/\/fantaisiescaninfelin.com\/index.php?rest_route=\/wp\/v2\/product"}],"about":[{"href":"https:\/\/fantaisiescaninfelin.com\/index.php?rest_route=\/wp\/v2\/types\/product"}],"replies":[{"embeddable":true,"href":"https:\/\/fantaisiescaninfelin.com\/index.php?rest_route=%2Fwp%2Fv2%2Fcomments&post=1862"}],"wp:featuredmedia":[{"embeddable":true,"href":"https:\/\/fantaisiescaninfelin.com\/index.php?rest_route=\/wp\/v2\/media\/1863"}],"wp:attachment":[{"href":"https:\/\/fantaisiescaninfelin.com\/index.php?rest_route=%2Fwp%2Fv2%2Fmedia&parent=1862"}],"wp:term":[{"taxonomy":"product_brand","embeddable":true,"href":"https:\/\/fantaisiescaninfelin.com\/index.php?rest_route=%2Fwp%2Fv2%2Fproduct_brand&post=1862"},{"taxonomy":"product_cat","embeddable":true,"href":"https:\/\/fantaisiescaninfelin.com\/index.php?rest_route=%2Fwp%2Fv2%2Fproduct_cat&post=1862"},{"taxonomy":"product_tag","embeddable":true,"href":"https:\/\/fantaisiescaninfelin.com\/index.php?rest_route=%2Fwp%2Fv2%2Fproduct_tag&post=1862"}],"curies":[{"name":"wp","href":"https:\/\/api.w.org\/{rel}","templated":true}]}}