{"id":1880,"date":"2024-11-10T21:18:30","date_gmt":"2024-11-11T02:18:30","guid":{"rendered":"https:\/\/fantaisiescaninfelin.com\/?post_type=product&#038;p=1880"},"modified":"2025-11-03T17:15:36","modified_gmt":"2025-11-03T22:15:36","slug":"oven-baked-tradition-nourriture-seche-sans-grains-pour-chien-de-petite-race-poulet","status":"publish","type":"product","link":"https:\/\/fantaisiescaninfelin.com\/?product=oven-baked-tradition-nourriture-seche-sans-grains-pour-chien-de-petite-race-poulet","title":{"rendered":"Oven Baked Tradition  Nourriture S\u00e8che Sans Grains Pour Chien De Petite Race &#8211; Poulet"},"content":{"rendered":"<ul>\n<li style=\"margin-top: 0rem;margin-bottom: 1rem\">Cette nourriture sans grains au poulet d\u00e9soss\u00e9 est cuite au four pour conserver les qualit\u00e9s nutritives de la viande.<\/li>\n<li style=\"margin-top: 0rem;margin-bottom: 1rem\">Son contenu \u00e9quilibr\u00e9 en acides amin\u00e9s assure le d\u00e9veloppement des tissus de votre chien.<\/li>\n<li style=\"margin-top: 0rem;margin-bottom: 1rem\">La densit\u00e9 \u00e9lev\u00e9e de ces croquettes leur \u00e9vite de prendre de l&rsquo;expansion dans l&rsquo;estomac, pour faciliter la digestion et mieux contr\u00f4ler les flatulences et ballonnements.<\/li>\n<li style=\"margin-top: 0rem;margin-bottom: 1rem\">Cuit au four.<\/li>\n<li style=\"margin-top: 0rem;margin-bottom: 1rem\">Sans grains.<\/li>\n<li style=\"margin-top: 0rem;margin-bottom: 1rem\">Fabriqu\u00e9 au Qu\u00e9bec.<\/li>\n<\/ul>\n<p>Format disponible 5lbs et 12,5 lbs<\/p>\n","protected":false},"excerpt":{"rendered":"<p>Cette nourriture sans grains au poulet d\u00e9soss\u00e9 est cuite au four pour conserver les qualit\u00e9s nutritives de la viande. Son&#8230;<\/p>\n","protected":false},"featured_media":1890,"comment_status":"open","ping_status":"closed","template":"","meta":{"advanced_seo_description":"","jetpack_seo_html_title":"","jetpack_seo_noindex":false},"product_brand":[],"product_cat":[16,31,15],"product_tag":[],"class_list":{"0":"post-1880","1":"product","2":"type-product","3":"status-publish","4":"has-post-thumbnail","6":"product_cat-nourriture","7":"product_cat-oven-baked-tradition","8":"product_cat-uncategorized","10":"first","11":"outofstock","12":"taxable","13":"shipping-taxable","14":"purchasable","15":"product-type-variable"},"jetpack_sharing_enabled":true,"_links":{"self":[{"href":"https:\/\/fantaisiescaninfelin.com\/index.php?rest_route=\/wp\/v2\/product\/1880","targetHints":{"allow":["GET"]}}],"collection":[{"href":"https:\/\/fantaisiescaninfelin.com\/index.php?rest_route=\/wp\/v2\/product"}],"about":[{"href":"https:\/\/fantaisiescaninfelin.com\/index.php?rest_route=\/wp\/v2\/types\/product"}],"replies":[{"embeddable":true,"href":"https:\/\/fantaisiescaninfelin.com\/index.php?rest_route=%2Fwp%2Fv2%2Fcomments&post=1880"}],"wp:featuredmedia":[{"embeddable":true,"href":"https:\/\/fantaisiescaninfelin.com\/index.php?rest_route=\/wp\/v2\/media\/1890"}],"wp:attachment":[{"href":"https:\/\/fantaisiescaninfelin.com\/index.php?rest_route=%2Fwp%2Fv2%2Fmedia&parent=1880"}],"wp:term":[{"taxonomy":"product_brand","embeddable":true,"href":"https:\/\/fantaisiescaninfelin.com\/index.php?rest_route=%2Fwp%2Fv2%2Fproduct_brand&post=1880"},{"taxonomy":"product_cat","embeddable":true,"href":"https:\/\/fantaisiescaninfelin.com\/index.php?rest_route=%2Fwp%2Fv2%2Fproduct_cat&post=1880"},{"taxonomy":"product_tag","embeddable":true,"href":"https:\/\/fantaisiescaninfelin.com\/index.php?rest_route=%2Fwp%2Fv2%2Fproduct_tag&post=1880"}],"curies":[{"name":"wp","href":"https:\/\/api.w.org\/{rel}","templated":true}]}}