{"id":1883,"date":"2024-11-10T21:25:32","date_gmt":"2024-11-11T02:25:32","guid":{"rendered":"https:\/\/fantaisiescaninfelin.com\/?product=oven-baked-tradition-nourriture-en-conserves-pour-chat-entree-de-poitrine-de-poulet-avec-crevettes"},"modified":"2025-11-13T09:34:40","modified_gmt":"2025-11-13T14:34:40","slug":"oven-baked-tradition-nourriture-en-conserves-pour-chat-entree-de-poitrine-de-poulet-avec-crevettes","status":"publish","type":"product","link":"https:\/\/fantaisiescaninfelin.com\/?product=oven-baked-tradition-nourriture-en-conserves-pour-chat-entree-de-poitrine-de-poulet-avec-crevettes","title":{"rendered":"Oven Baked tradition  Nourriture En Conserves Pour Chat, Entr\u00e9e De Poitrine De Poulet Avec Crevettes 3 oZ"},"content":{"rendered":"<ul>\n<li style=\"margin-top: 0rem;margin-bottom: 1rem\">Nourriture \u00e0 ingr\u00e9dients limit\u00e9s, conserv\u00e9e naturellement dans le bouillon de cuisson.<\/li>\n<li style=\"margin-top: 0rem;margin-bottom: 1rem\">Vraie viande de poulet et crevettes. 100% naturelle.<\/li>\n<li style=\"margin-top: 0rem;margin-bottom: 1rem\">Sans aucun sous-produit. Un choix id\u00e9al pour le cas de difficult\u00e9s alimentaires.<\/li>\n<li style=\"margin-top: 0rem;margin-bottom: 1rem\">Cet aliment humide pour chat est un d\u00e9licieux compl\u00e9ment pour les aliments secs et constitue une bonne source d&rsquo;hydratation.<\/li>\n<li style=\"margin-top: 0rem;margin-bottom: 1rem\">Sans g\u00e9latine, gluten ni carragh\u00e9nine.<\/li>\n<\/ul>\n<p>\u269c\ufe0f Produit fi\u00e8rement qu\u00e9b\u00e9coise<\/p>\n","protected":false},"excerpt":{"rendered":"<p>Nourriture \u00e0 ingr\u00e9dients limit\u00e9s, conserv\u00e9e naturellement dans le bouillon de cuisson. Vraie viande de poulet et crevettes. 100% naturelle. Sans&#8230;<\/p>\n","protected":false},"featured_media":1888,"comment_status":"open","ping_status":"closed","template":"","meta":{"advanced_seo_description":"","jetpack_seo_html_title":"","jetpack_seo_noindex":false},"product_brand":[],"product_cat":[20,16,31,15],"product_tag":[],"class_list":{"0":"post-1883","1":"product","2":"type-product","3":"status-publish","4":"has-post-thumbnail","6":"product_cat-miaou","7":"product_cat-nourriture","8":"product_cat-oven-baked-tradition","9":"product_cat-uncategorized","11":"first","12":"instock","13":"taxable","14":"shipping-taxable","15":"purchasable","16":"product-type-simple"},"jetpack_sharing_enabled":true,"_links":{"self":[{"href":"https:\/\/fantaisiescaninfelin.com\/index.php?rest_route=\/wp\/v2\/product\/1883","targetHints":{"allow":["GET"]}}],"collection":[{"href":"https:\/\/fantaisiescaninfelin.com\/index.php?rest_route=\/wp\/v2\/product"}],"about":[{"href":"https:\/\/fantaisiescaninfelin.com\/index.php?rest_route=\/wp\/v2\/types\/product"}],"replies":[{"embeddable":true,"href":"https:\/\/fantaisiescaninfelin.com\/index.php?rest_route=%2Fwp%2Fv2%2Fcomments&post=1883"}],"wp:featuredmedia":[{"embeddable":true,"href":"https:\/\/fantaisiescaninfelin.com\/index.php?rest_route=\/wp\/v2\/media\/1888"}],"wp:attachment":[{"href":"https:\/\/fantaisiescaninfelin.com\/index.php?rest_route=%2Fwp%2Fv2%2Fmedia&parent=1883"}],"wp:term":[{"taxonomy":"product_brand","embeddable":true,"href":"https:\/\/fantaisiescaninfelin.com\/index.php?rest_route=%2Fwp%2Fv2%2Fproduct_brand&post=1883"},{"taxonomy":"product_cat","embeddable":true,"href":"https:\/\/fantaisiescaninfelin.com\/index.php?rest_route=%2Fwp%2Fv2%2Fproduct_cat&post=1883"},{"taxonomy":"product_tag","embeddable":true,"href":"https:\/\/fantaisiescaninfelin.com\/index.php?rest_route=%2Fwp%2Fv2%2Fproduct_tag&post=1883"}],"curies":[{"name":"wp","href":"https:\/\/api.w.org\/{rel}","templated":true}]}}