{"id":1884,"date":"2024-11-10T21:27:49","date_gmt":"2024-11-11T02:27:49","guid":{"rendered":"https:\/\/fantaisiescaninfelin.com\/?product=oven-baked-tradition-nourriture-en-conserves-pour-chat-entree-de-thon-avec-glucosamine-3oz"},"modified":"2025-04-11T10:56:51","modified_gmt":"2025-04-11T14:56:51","slug":"oven-baked-tradition-nourriture-en-conserves-pour-chat-entree-de-thon-avec-glucosamine-3oz","status":"publish","type":"product","link":"https:\/\/fantaisiescaninfelin.com\/?product=oven-baked-tradition-nourriture-en-conserves-pour-chat-entree-de-thon-avec-glucosamine-3oz","title":{"rendered":"Oven Baked Tradition  Nourriture En Conserves Pour Chat, Entr\u00e9e De Thon Avec Glucosamine 3oz"},"content":{"rendered":"<ul>\n<li style=\"margin-top: 0rem;margin-bottom: 1rem\">Nourriture \u00e0 ingr\u00e9dients limit\u00e9s, conserv\u00e9e naturellement dans le bouillon de cuisson.<\/li>\n<li style=\"margin-top: 0rem;margin-bottom: 1rem\">Vraie viande de thon. 100% naturelle.<\/li>\n<li style=\"margin-top: 0rem;margin-bottom: 1rem\">Sans aucun sous-produit. Un choix id\u00e9al pour le cas de difficult\u00e9s alimentaires.<\/li>\n<li style=\"margin-top: 0rem;margin-bottom: 1rem\">Cet aliment humide pour chat est un d\u00e9licieux compl\u00e9ment pour les aliments secs et constitue une bonne source d&rsquo;hydratation.<\/li>\n<li style=\"margin-top: 0rem;margin-bottom: 1rem\">Sans g\u00e9latine, gluten ni carragh\u00e9nine.<\/li>\n<li style=\"margin-top: 0rem;margin-bottom: 1rem\">\u269c\ufe0f Produit fi\u00e8rement qu\u00e9b\u00e9cois<\/li>\n<\/ul>\n","protected":false},"excerpt":{"rendered":"<p>Nourriture \u00e0 ingr\u00e9dients limit\u00e9s, conserv\u00e9e naturellement dans le bouillon de cuisson. Vraie viande de thon. 100% naturelle. Sans aucun sous-produit&#8230;.<\/p>\n","protected":false},"featured_media":1889,"comment_status":"open","ping_status":"closed","template":"","meta":{"advanced_seo_description":"","jetpack_seo_html_title":"","jetpack_seo_noindex":false},"product_brand":[],"product_cat":[20,16,31,15],"product_tag":[],"class_list":{"0":"post-1884","1":"product","2":"type-product","3":"status-publish","4":"has-post-thumbnail","6":"product_cat-miaou","7":"product_cat-nourriture","8":"product_cat-oven-baked-tradition","9":"product_cat-uncategorized","11":"first","12":"instock","13":"taxable","14":"shipping-taxable","15":"purchasable","16":"product-type-simple"},"jetpack_sharing_enabled":true,"_links":{"self":[{"href":"https:\/\/fantaisiescaninfelin.com\/index.php?rest_route=\/wp\/v2\/product\/1884","targetHints":{"allow":["GET"]}}],"collection":[{"href":"https:\/\/fantaisiescaninfelin.com\/index.php?rest_route=\/wp\/v2\/product"}],"about":[{"href":"https:\/\/fantaisiescaninfelin.com\/index.php?rest_route=\/wp\/v2\/types\/product"}],"replies":[{"embeddable":true,"href":"https:\/\/fantaisiescaninfelin.com\/index.php?rest_route=%2Fwp%2Fv2%2Fcomments&post=1884"}],"wp:featuredmedia":[{"embeddable":true,"href":"https:\/\/fantaisiescaninfelin.com\/index.php?rest_route=\/wp\/v2\/media\/1889"}],"wp:attachment":[{"href":"https:\/\/fantaisiescaninfelin.com\/index.php?rest_route=%2Fwp%2Fv2%2Fmedia&parent=1884"}],"wp:term":[{"taxonomy":"product_brand","embeddable":true,"href":"https:\/\/fantaisiescaninfelin.com\/index.php?rest_route=%2Fwp%2Fv2%2Fproduct_brand&post=1884"},{"taxonomy":"product_cat","embeddable":true,"href":"https:\/\/fantaisiescaninfelin.com\/index.php?rest_route=%2Fwp%2Fv2%2Fproduct_cat&post=1884"},{"taxonomy":"product_tag","embeddable":true,"href":"https:\/\/fantaisiescaninfelin.com\/index.php?rest_route=%2Fwp%2Fv2%2Fproduct_tag&post=1884"}],"curies":[{"name":"wp","href":"https:\/\/api.w.org\/{rel}","templated":true}]}}