{"id":1968,"date":"2024-11-27T21:38:14","date_gmt":"2024-11-28T02:38:14","guid":{"rendered":"https:\/\/fantaisiescaninfelin.com\/?product=nulo-pate-dinde-et-patate-douce-13oz"},"modified":"2025-08-25T08:19:22","modified_gmt":"2025-08-25T12:19:22","slug":"nulo-pate-dinde-et-patate-douce-13oz","status":"publish","type":"product","link":"https:\/\/fantaisiescaninfelin.com\/?product=nulo-pate-dinde-et-patate-douce-13oz","title":{"rendered":"Nulo p\u00e2t\u00e9 dinde et patate douce 13oz"},"content":{"rendered":"<p>DES MUSCLES MAIGRES ET UNE BONNE<\/p>\n<p>UNE PEAU SAINE ET UN POIL LUISANT<\/p>\n<p>Une quantit\u00e9 \u00e9quilibr\u00e9e d\u2019acides gras om\u00e9ga-3 et om\u00e9ga-6 nourrit la peau de votre animal et favorise un beau pelage luisant.<\/p>\n<p>SANT\u00c9 CARDIAQUE<\/p>\n<p>Les prot\u00e9ines de haute qualit\u00e9 fournissent des acides amin\u00e9s qui favorisent une masse musculaire maigre et un c\u0153ur sain.<\/p>\n<p>Recette Dinde et patates douces<\/p>\n<p>Vous ne verrez jamais votre chien courir aussi vite la premi\u00e8re fois que notre recette Dinde et patates douces trouvera dans son bol. Un d\u00e9licieux m\u00e9lange de dinde, foie de dinde, patates douces et petits pois. C\u2019est comme si vous les laissiez l\u00e9cher votre assiette de l\u2019Action de Gr\u00e2ces. Servez-la comme nourriture principale \u00e0 votre ami \u00e0 quatre pattes pr\u00e9f\u00e9r\u00e9 ou comme compl\u00e9ment sp\u00e9cial de nos recettes de croquettes.<\/p>\n<p>Ingr\u00e9dients<\/p>\n<p>Dinde, bouillon de dinde, foie de dinde, petits pois, patates douces, graines de lin<\/p>\n<p>moulues, gomme de guar, chlorure de potassium, agar-agar, sel, chlorure de choline, ar\u00f4me naturel, prot\u00e9inate de zinc, prot\u00e9inate de fer, carbonate de sodium, sulfate de magn\u00e9sium, suppl\u00e9ment de vitamine E, prot\u00e9inate de cuivre, prot\u00e9inate de mangan\u00e8se, s\u00e9l\u00e9nite de sodium, mononitrate de thiamine, prot\u00e9inate de cobalt, suppl\u00e9ment de niacine, D-pantoth\u00e9nate de calcium, suppl\u00e9ment de vitamine A, suppl\u00e9ment de riboflavine, biotine, suppl\u00e9ment de vitamine B12, iodure de potassium, chlorhydrate de pyridoxine, suppl\u00e9ment de vitamine D3, acide folique.<\/p>\n<p>\ud83c\uddfa\ud83c\uddf8 Produit fabriqu\u00e9 aux \u00c9tats Unis<\/p>\n","protected":false},"excerpt":{"rendered":"<p>DES MUSCLES MAIGRES ET UNE BONNE UNE PEAU SAINE ET UN POIL LUISANT Une quantit\u00e9 \u00e9quilibr\u00e9e d\u2019acides gras om\u00e9ga-3 et&#8230;<\/p>\n","protected":false},"featured_media":1967,"comment_status":"open","ping_status":"closed","template":"","meta":{"advanced_seo_description":"","jetpack_seo_html_title":"","jetpack_seo_noindex":false},"product_brand":[],"product_cat":[16,37,15],"product_tag":[],"class_list":{"0":"post-1968","1":"product","2":"type-product","3":"status-publish","4":"has-post-thumbnail","6":"product_cat-nourriture","7":"product_cat-nulo","8":"product_cat-uncategorized","10":"first","11":"outofstock","12":"taxable","13":"shipping-taxable","14":"purchasable","15":"product-type-simple"},"jetpack_sharing_enabled":true,"_links":{"self":[{"href":"https:\/\/fantaisiescaninfelin.com\/index.php?rest_route=\/wp\/v2\/product\/1968","targetHints":{"allow":["GET"]}}],"collection":[{"href":"https:\/\/fantaisiescaninfelin.com\/index.php?rest_route=\/wp\/v2\/product"}],"about":[{"href":"https:\/\/fantaisiescaninfelin.com\/index.php?rest_route=\/wp\/v2\/types\/product"}],"replies":[{"embeddable":true,"href":"https:\/\/fantaisiescaninfelin.com\/index.php?rest_route=%2Fwp%2Fv2%2Fcomments&post=1968"}],"wp:featuredmedia":[{"embeddable":true,"href":"https:\/\/fantaisiescaninfelin.com\/index.php?rest_route=\/wp\/v2\/media\/1967"}],"wp:attachment":[{"href":"https:\/\/fantaisiescaninfelin.com\/index.php?rest_route=%2Fwp%2Fv2%2Fmedia&parent=1968"}],"wp:term":[{"taxonomy":"product_brand","embeddable":true,"href":"https:\/\/fantaisiescaninfelin.com\/index.php?rest_route=%2Fwp%2Fv2%2Fproduct_brand&post=1968"},{"taxonomy":"product_cat","embeddable":true,"href":"https:\/\/fantaisiescaninfelin.com\/index.php?rest_route=%2Fwp%2Fv2%2Fproduct_cat&post=1968"},{"taxonomy":"product_tag","embeddable":true,"href":"https:\/\/fantaisiescaninfelin.com\/index.php?rest_route=%2Fwp%2Fv2%2Fproduct_tag&post=1968"}],"curies":[{"name":"wp","href":"https:\/\/api.w.org\/{rel}","templated":true}]}}