{"id":1974,"date":"2024-11-27T21:46:35","date_gmt":"2024-11-28T02:46:35","guid":{"rendered":"https:\/\/fantaisiescaninfelin.com\/?product=nulo-pate-agneau-et-lentilles-13-oz"},"modified":"2026-01-15T16:26:17","modified_gmt":"2026-01-15T21:26:17","slug":"nulo-pate-agneau-et-lentilles-13-oz","status":"publish","type":"product","link":"https:\/\/fantaisiescaninfelin.com\/?product=nulo-pate-agneau-et-lentilles-13-oz","title":{"rendered":"Nulo pate agneau et lentilles 13 oZ"},"content":{"rendered":"<p>DES MUSCLES MAIGRES ET UNE BONNE<\/p>\n<p>UNE PEAU SAINE ET UN POIL LUISANT<\/p>\n<p>Une quantit\u00e9 \u00e9quilibr\u00e9e d\u2019acides gras om\u00e9ga-3 et om\u00e9ga-6 nourrit la peau de votre animal et favorise un beau pelage luisant.<\/p>\n<p>SANT\u00c9 CARDIAQUE<\/p>\n<p>Les prot\u00e9ines de haute qualit\u00e9 fournissent des acides amin\u00e9s qui favorisent une masse musculaire maigre et un c\u0153ur sain<\/p>\n<p>Recette Agneau et lentilles<\/p>\n<p>Les chiens adorent notre recette Agneau et lentilles sans c\u00e9r\u00e9ales qui contient une riche combinaison de prot\u00e9ines d\u2019agneau, de dinde et de saumon, ainsi que des lentilles et des carottes. Servez-la comme repas principal \u00e0 votre ami \u00e0 quatre pattes pr\u00e9f\u00e9r\u00e9 ou comme compl\u00e9ment sp\u00e9cial de nos recettes de croquettes.<\/p>\n<p>Ingr\u00e9dients<\/p>\n<p>Agneau, dinde, foie de dinde, bouillon d\u2019agneau, bouillon de dinde, lentilles, carottes, saumon, graines de lin moulues, gomme de guar, sel, agar-agar, chlorure de potassium, ar\u00f4me naturel, chlorure de choline, prot\u00e9inate de zinc, prot\u00e9inate de fer, carbonate de sodium, mononitrate de thiamine, suppl\u00e9ment de vitamine<\/p>\n<p>E, prot\u00e9inate de cuivre, prot\u00e9inate de mangan\u00e8se, s\u00e9l\u00e9nite de sodium, prot\u00e9inate de cobalt, suppl\u00e9ment de niacine, D-pantoth\u00e9nate de calcium, suppl\u00e9ment de vitamine A, suppl\u00e9ment de riboflavine, biotine, suppl\u00e9ment de vitamine B12, iodure de potassium, chlorhydrate de pyridoxine, suppl\u00e9ment de vitamine D3, acide folique.<\/p>\n<p>\ud83c\uddfa\ud83c\uddf8 Produit fabriqu\u00e9 aux \u00c9tats Unis<\/p>\n","protected":false},"excerpt":{"rendered":"<p>DES MUSCLES MAIGRES ET UNE BONNE UNE PEAU SAINE ET UN POIL LUISANT Une quantit\u00e9 \u00e9quilibr\u00e9e d\u2019acides gras om\u00e9ga-3 et&#8230;<\/p>\n","protected":false},"featured_media":1973,"comment_status":"open","ping_status":"closed","template":"","meta":{"advanced_seo_description":"","jetpack_seo_html_title":"","jetpack_seo_noindex":false},"product_brand":[],"product_cat":[16,37,15],"product_tag":[],"class_list":{"0":"post-1974","1":"product","2":"type-product","3":"status-publish","4":"has-post-thumbnail","6":"product_cat-nourriture","7":"product_cat-nulo","8":"product_cat-uncategorized","10":"first","11":"instock","12":"taxable","13":"shipping-taxable","14":"purchasable","15":"product-type-simple"},"jetpack_sharing_enabled":true,"_links":{"self":[{"href":"https:\/\/fantaisiescaninfelin.com\/index.php?rest_route=\/wp\/v2\/product\/1974","targetHints":{"allow":["GET"]}}],"collection":[{"href":"https:\/\/fantaisiescaninfelin.com\/index.php?rest_route=\/wp\/v2\/product"}],"about":[{"href":"https:\/\/fantaisiescaninfelin.com\/index.php?rest_route=\/wp\/v2\/types\/product"}],"replies":[{"embeddable":true,"href":"https:\/\/fantaisiescaninfelin.com\/index.php?rest_route=%2Fwp%2Fv2%2Fcomments&post=1974"}],"wp:featuredmedia":[{"embeddable":true,"href":"https:\/\/fantaisiescaninfelin.com\/index.php?rest_route=\/wp\/v2\/media\/1973"}],"wp:attachment":[{"href":"https:\/\/fantaisiescaninfelin.com\/index.php?rest_route=%2Fwp%2Fv2%2Fmedia&parent=1974"}],"wp:term":[{"taxonomy":"product_brand","embeddable":true,"href":"https:\/\/fantaisiescaninfelin.com\/index.php?rest_route=%2Fwp%2Fv2%2Fproduct_brand&post=1974"},{"taxonomy":"product_cat","embeddable":true,"href":"https:\/\/fantaisiescaninfelin.com\/index.php?rest_route=%2Fwp%2Fv2%2Fproduct_cat&post=1974"},{"taxonomy":"product_tag","embeddable":true,"href":"https:\/\/fantaisiescaninfelin.com\/index.php?rest_route=%2Fwp%2Fv2%2Fproduct_tag&post=1974"}],"curies":[{"name":"wp","href":"https:\/\/api.w.org\/{rel}","templated":true}]}}