{"id":204,"date":"2024-09-03T08:37:33","date_gmt":"2024-09-03T12:37:33","guid":{"rendered":"https:\/\/fantaisies:8890\/?post_type=product&#038;p=204"},"modified":"2025-10-23T18:11:38","modified_gmt":"2025-10-23T22:11:38","slug":"oven-baked-tradition-nourriture-capra-a-la-chevre","status":"publish","type":"product","link":"https:\/\/fantaisiescaninfelin.com\/?product=oven-baked-tradition-nourriture-capra-a-la-chevre","title":{"rendered":"Oven Baked Tradition nourriture Capra \u00e0 la ch\u00e8vre"},"content":{"rendered":"<ul>\n<li style=\"margin-top: 0rem;margin-bottom: 1rem\">Nourriture compl\u00e8te pour chien adulte. Recette sans grains avec ch\u00e8vre.<\/li>\n<li style=\"margin-top: 0rem;margin-bottom: 1rem\">Cuit lentement au four avec de la viande de ch\u00e8vre.<\/li>\n<li style=\"margin-top: 0rem;margin-bottom: 1rem\">Nouvelle exp\u00e9rience olfactive.<\/li>\n<li style=\"margin-top: 0rem;margin-bottom: 1rem\">Excellente source de prot\u00e9ines hautement digestibles et maigres comparativement aux autres viandes.<\/li>\n<li style=\"margin-top: 0rem;margin-bottom: 1rem\">Faible impact environnemental comparativement aux autres animaux.<\/li>\n<li style=\"margin-top: 0rem;margin-bottom: 1rem\">Cuit au four.<\/li>\n<li style=\"margin-top: 0rem;margin-bottom: 1rem\">Fabriqu\u00e9 au Qu\u00e9bec.<\/li>\n<\/ul>\n<p>Format 4lbs<\/p>\n<p>\u2b50\ufe0f Astuce : recommand\u00e9 pour les chiens difficiles qui boudent leur nourriture<\/p>\n","protected":false},"excerpt":{"rendered":"<p>Nourriture compl\u00e8te pour chien adulte. Recette sans grains avec ch\u00e8vre. Cuit lentement au four avec de la viande de ch\u00e8vre&#8230;.<\/p>\n","protected":false},"featured_media":232,"comment_status":"open","ping_status":"closed","template":"","meta":{"advanced_seo_description":"","jetpack_seo_html_title":"","jetpack_seo_noindex":false},"product_brand":[],"product_cat":[27,16,31],"product_tag":[],"class_list":{"0":"post-204","1":"product","2":"type-product","3":"status-publish","4":"has-post-thumbnail","6":"product_cat-non-classe","7":"product_cat-nourriture","8":"product_cat-oven-baked-tradition","10":"first","11":"instock","12":"taxable","13":"shipping-taxable","14":"purchasable","15":"product-type-variable"},"jetpack_sharing_enabled":true,"_links":{"self":[{"href":"https:\/\/fantaisiescaninfelin.com\/index.php?rest_route=\/wp\/v2\/product\/204","targetHints":{"allow":["GET"]}}],"collection":[{"href":"https:\/\/fantaisiescaninfelin.com\/index.php?rest_route=\/wp\/v2\/product"}],"about":[{"href":"https:\/\/fantaisiescaninfelin.com\/index.php?rest_route=\/wp\/v2\/types\/product"}],"replies":[{"embeddable":true,"href":"https:\/\/fantaisiescaninfelin.com\/index.php?rest_route=%2Fwp%2Fv2%2Fcomments&post=204"}],"wp:featuredmedia":[{"embeddable":true,"href":"https:\/\/fantaisiescaninfelin.com\/index.php?rest_route=\/wp\/v2\/media\/232"}],"wp:attachment":[{"href":"https:\/\/fantaisiescaninfelin.com\/index.php?rest_route=%2Fwp%2Fv2%2Fmedia&parent=204"}],"wp:term":[{"taxonomy":"product_brand","embeddable":true,"href":"https:\/\/fantaisiescaninfelin.com\/index.php?rest_route=%2Fwp%2Fv2%2Fproduct_brand&post=204"},{"taxonomy":"product_cat","embeddable":true,"href":"https:\/\/fantaisiescaninfelin.com\/index.php?rest_route=%2Fwp%2Fv2%2Fproduct_cat&post=204"},{"taxonomy":"product_tag","embeddable":true,"href":"https:\/\/fantaisiescaninfelin.com\/index.php?rest_route=%2Fwp%2Fv2%2Fproduct_tag&post=204"}],"curies":[{"name":"wp","href":"https:\/\/api.w.org\/{rel}","templated":true}]}}