{"id":2092,"date":"2025-01-03T19:44:07","date_gmt":"2025-01-04T00:44:07","guid":{"rendered":"https:\/\/fantaisiescaninfelin.com\/?product=artero-proteine-vital-conditionneur-100ml"},"modified":"2025-01-28T17:56:06","modified_gmt":"2025-01-28T22:56:06","slug":"artero-proteine-vital-conditionneur-100ml","status":"publish","type":"product","link":"https:\/\/fantaisiescaninfelin.com\/?product=artero-proteine-vital-conditionneur-100ml","title":{"rendered":"Artero Prot\u00e9ine Vital conditionneur 100ml"},"content":{"rendered":"<p>L&rsquo;apr\u00e8s-shampooing sans rin\u00e7age polyvalent pour chats et chiens, qui restaure instantan\u00e9ment l&rsquo;\u00e9clat de tous les types de pelage, sans ajouter de poids ni changer de texture.<\/p>\n<p>EFFET : Renforce, aide au brossage et pr\u00e9vient les n\u0153uds, hydrate pour restaurer l&rsquo;\u00e9lasticit\u00e9 et le volume naturel des poils.<\/p>\n<p>\ud83d\udc96 C&rsquo;est notre conditionneur le mieux not\u00e9 lorsqu&rsquo;on fait les coupes longues sur nos toilettages<\/p>\n<p>Utilisation : Lorsque le pelage est mouill\u00e9 , appliquer une petite quantit\u00e9 du Proteine Vital sur le pelage. Rincer abondamment jusqu&rsquo;\u00e0 temps qu&rsquo;il n&rsquo;y ait plus de conditionneur .<\/p>\n<p>Produit 100 % naturel<\/p>\n<p>100ml<\/p>\n<p>Produit d&rsquo;Espagne \ud83c\uddea\ud83c\uddf8<\/p>\n","protected":false},"excerpt":{"rendered":"<p>L&rsquo;apr\u00e8s-shampooing sans rin\u00e7age polyvalent pour chats et chiens, qui restaure instantan\u00e9ment l&rsquo;\u00e9clat de tous les types de pelage, sans ajouter&#8230;<\/p>\n","protected":false},"featured_media":2091,"comment_status":"open","ping_status":"closed","template":"","meta":{"advanced_seo_description":"","jetpack_seo_html_title":"","jetpack_seo_noindex":false},"product_brand":[],"product_cat":[40,20,15],"product_tag":[],"class_list":{"0":"post-2092","1":"product","2":"type-product","3":"status-publish","4":"has-post-thumbnail","6":"product_cat-beaute-canine","7":"product_cat-miaou","8":"product_cat-uncategorized","10":"first","11":"instock","12":"taxable","13":"shipping-taxable","14":"purchasable","15":"product-type-simple"},"jetpack_sharing_enabled":true,"_links":{"self":[{"href":"https:\/\/fantaisiescaninfelin.com\/index.php?rest_route=\/wp\/v2\/product\/2092","targetHints":{"allow":["GET"]}}],"collection":[{"href":"https:\/\/fantaisiescaninfelin.com\/index.php?rest_route=\/wp\/v2\/product"}],"about":[{"href":"https:\/\/fantaisiescaninfelin.com\/index.php?rest_route=\/wp\/v2\/types\/product"}],"replies":[{"embeddable":true,"href":"https:\/\/fantaisiescaninfelin.com\/index.php?rest_route=%2Fwp%2Fv2%2Fcomments&post=2092"}],"wp:featuredmedia":[{"embeddable":true,"href":"https:\/\/fantaisiescaninfelin.com\/index.php?rest_route=\/wp\/v2\/media\/2091"}],"wp:attachment":[{"href":"https:\/\/fantaisiescaninfelin.com\/index.php?rest_route=%2Fwp%2Fv2%2Fmedia&parent=2092"}],"wp:term":[{"taxonomy":"product_brand","embeddable":true,"href":"https:\/\/fantaisiescaninfelin.com\/index.php?rest_route=%2Fwp%2Fv2%2Fproduct_brand&post=2092"},{"taxonomy":"product_cat","embeddable":true,"href":"https:\/\/fantaisiescaninfelin.com\/index.php?rest_route=%2Fwp%2Fv2%2Fproduct_cat&post=2092"},{"taxonomy":"product_tag","embeddable":true,"href":"https:\/\/fantaisiescaninfelin.com\/index.php?rest_route=%2Fwp%2Fv2%2Fproduct_tag&post=2092"}],"curies":[{"name":"wp","href":"https:\/\/api.w.org\/{rel}","templated":true}]}}