{"id":2095,"date":"2025-01-03T19:56:33","date_gmt":"2025-01-04T00:56:33","guid":{"rendered":"https:\/\/fantaisiescaninfelin.com\/?product=artero-shampoing-hidratante-250ml"},"modified":"2025-03-31T16:21:08","modified_gmt":"2025-03-31T20:21:08","slug":"artero-shampoing-hidratante-250ml","status":"publish","type":"product","link":"https:\/\/fantaisiescaninfelin.com\/?product=artero-shampoing-hidratante-250ml","title":{"rendered":"Artero Shampoing Hidratante 250ml"},"content":{"rendered":"<p>Ce shampooing est notre passe partout dans notre salon de toilettage puisqu&rsquo;il fonctionne tr\u00e8s bien sur les pelages longs, secs et ab\u00eem\u00e9s.<\/p>\n<p>Le complexe vitaminique nourrit le pelage en profondeur, tandis que les composants hydratants et reconstituants aident \u00e0 retrouver la texture naturelle des poils, les laissant doux, brillants et pleins de vitalit\u00e9.<\/p>\n<p>Utilisation : Mouiller le pelage de votre chien , verser une petite quantit\u00e9 du museau \u00e0 la queue ( faire attention pour ne pas mettre du shampooing sur les yeux ) masser et rincer abondamment jusqu&rsquo;\u00e0 ce qu&rsquo;il n&rsquo;y ait plus de bulles .<\/p>\n<p>\u00c0 utiliser fortement l&rsquo;apr\u00e8s shampoing Proteine Vital d&rsquo;Artero<\/p>\n<p>Format : 250ml<\/p>\n<p>Produit d&rsquo;Espagne \ud83c\uddea\ud83c\uddf8<\/p>\n","protected":false},"excerpt":{"rendered":"<p>Ce shampooing est notre passe partout dans notre salon de toilettage puisqu&rsquo;il fonctionne tr\u00e8s bien sur les pelages longs, secs&#8230;<\/p>\n","protected":false},"featured_media":2094,"comment_status":"open","ping_status":"closed","template":"","meta":{"advanced_seo_description":"","jetpack_seo_html_title":"","jetpack_seo_noindex":false},"product_brand":[],"product_cat":[40,15],"product_tag":[],"class_list":{"0":"post-2095","1":"product","2":"type-product","3":"status-publish","4":"has-post-thumbnail","6":"product_cat-beaute-canine","7":"product_cat-uncategorized","9":"first","10":"outofstock","11":"taxable","12":"shipping-taxable","13":"purchasable","14":"product-type-simple"},"jetpack_sharing_enabled":true,"_links":{"self":[{"href":"https:\/\/fantaisiescaninfelin.com\/index.php?rest_route=\/wp\/v2\/product\/2095","targetHints":{"allow":["GET"]}}],"collection":[{"href":"https:\/\/fantaisiescaninfelin.com\/index.php?rest_route=\/wp\/v2\/product"}],"about":[{"href":"https:\/\/fantaisiescaninfelin.com\/index.php?rest_route=\/wp\/v2\/types\/product"}],"replies":[{"embeddable":true,"href":"https:\/\/fantaisiescaninfelin.com\/index.php?rest_route=%2Fwp%2Fv2%2Fcomments&post=2095"}],"wp:featuredmedia":[{"embeddable":true,"href":"https:\/\/fantaisiescaninfelin.com\/index.php?rest_route=\/wp\/v2\/media\/2094"}],"wp:attachment":[{"href":"https:\/\/fantaisiescaninfelin.com\/index.php?rest_route=%2Fwp%2Fv2%2Fmedia&parent=2095"}],"wp:term":[{"taxonomy":"product_brand","embeddable":true,"href":"https:\/\/fantaisiescaninfelin.com\/index.php?rest_route=%2Fwp%2Fv2%2Fproduct_brand&post=2095"},{"taxonomy":"product_cat","embeddable":true,"href":"https:\/\/fantaisiescaninfelin.com\/index.php?rest_route=%2Fwp%2Fv2%2Fproduct_cat&post=2095"},{"taxonomy":"product_tag","embeddable":true,"href":"https:\/\/fantaisiescaninfelin.com\/index.php?rest_route=%2Fwp%2Fv2%2Fproduct_tag&post=2095"}],"curies":[{"name":"wp","href":"https:\/\/api.w.org\/{rel}","templated":true}]}}