{"id":2112,"date":"2025-01-08T21:45:15","date_gmt":"2025-01-09T02:45:15","guid":{"rendered":"https:\/\/fantaisiescaninfelin.com\/?product=nulo-huile-omega-3-6-9-16-oz"},"modified":"2025-03-30T17:09:24","modified_gmt":"2025-03-30T21:09:24","slug":"nulo-huile-omega-3-6-9-16-oz","status":"publish","type":"product","link":"https:\/\/fantaisiescaninfelin.com\/?product=nulo-huile-omega-3-6-9-16-oz","title":{"rendered":"Nulo huile om\u00e9ga 3-6-9 16 oz"},"content":{"rendered":"<p>Nulo offre une huile d&rsquo;om\u00e9ga 3-6-9 en suppl\u00e9mentaire pour la peau et le pelage de votre animal .<\/p>\n<p>Format 16 oz<\/p>\n<p>Produit des \u00c9tats Unis<\/p>\n","protected":false},"excerpt":{"rendered":"<p>Nulo offre une huile d&rsquo;om\u00e9ga 3-6-9 en suppl\u00e9mentaire pour la peau et le pelage de votre animal . Format 16&#8230;<\/p>\n","protected":false},"featured_media":2110,"comment_status":"open","ping_status":"closed","template":"","meta":{"advanced_seo_description":"","jetpack_seo_html_title":"","jetpack_seo_noindex":false},"product_brand":[],"product_cat":[37,28,15],"product_tag":[43],"class_list":{"0":"post-2112","1":"product","2":"type-product","3":"status-publish","4":"has-post-thumbnail","6":"product_cat-nulo","7":"product_cat-peau-pelage","8":"product_cat-uncategorized","9":"product_tag-noel","11":"first","12":"instock","13":"taxable","14":"shipping-taxable","15":"purchasable","16":"product-type-simple"},"jetpack_sharing_enabled":true,"_links":{"self":[{"href":"https:\/\/fantaisiescaninfelin.com\/index.php?rest_route=\/wp\/v2\/product\/2112","targetHints":{"allow":["GET"]}}],"collection":[{"href":"https:\/\/fantaisiescaninfelin.com\/index.php?rest_route=\/wp\/v2\/product"}],"about":[{"href":"https:\/\/fantaisiescaninfelin.com\/index.php?rest_route=\/wp\/v2\/types\/product"}],"replies":[{"embeddable":true,"href":"https:\/\/fantaisiescaninfelin.com\/index.php?rest_route=%2Fwp%2Fv2%2Fcomments&post=2112"}],"wp:featuredmedia":[{"embeddable":true,"href":"https:\/\/fantaisiescaninfelin.com\/index.php?rest_route=\/wp\/v2\/media\/2110"}],"wp:attachment":[{"href":"https:\/\/fantaisiescaninfelin.com\/index.php?rest_route=%2Fwp%2Fv2%2Fmedia&parent=2112"}],"wp:term":[{"taxonomy":"product_brand","embeddable":true,"href":"https:\/\/fantaisiescaninfelin.com\/index.php?rest_route=%2Fwp%2Fv2%2Fproduct_brand&post=2112"},{"taxonomy":"product_cat","embeddable":true,"href":"https:\/\/fantaisiescaninfelin.com\/index.php?rest_route=%2Fwp%2Fv2%2Fproduct_cat&post=2112"},{"taxonomy":"product_tag","embeddable":true,"href":"https:\/\/fantaisiescaninfelin.com\/index.php?rest_route=%2Fwp%2Fv2%2Fproduct_tag&post=2112"}],"curies":[{"name":"wp","href":"https:\/\/api.w.org\/{rel}","templated":true}]}}