{"id":2137,"date":"2025-01-14T19:08:33","date_gmt":"2025-01-15T00:08:33","guid":{"rendered":"https:\/\/fantaisiescaninfelin.com\/?product=zanimo-huile-de-chanvre-et-cameline-250-ml"},"modified":"2025-08-20T10:17:11","modified_gmt":"2025-08-20T14:17:11","slug":"zanimo-huile-de-chanvre-et-cameline-250-ml","status":"publish","type":"product","link":"https:\/\/fantaisiescaninfelin.com\/?product=zanimo-huile-de-chanvre-et-cameline-250-ml","title":{"rendered":"Zanimo huile de chanvre et cam\u00e9line 250 ml"},"content":{"rendered":"<h4 class=\"h4 name_details\" style=\"margin-top: 0px;margin-bottom: 0px;font-family: Nunito;font-weight: 700;line-height: 24px;font-size: 18px;font-style: normal;letter-spacing: normal;text-align: left;text-indent: 0px;text-transform: none;text-decoration: none\"><strong>CHANVRE ET CAMELINE<\/strong><\/h4>\n<p style=\"margin-top: 0px;margin-bottom: 1rem;font-size: 18px\"><span class=\"produit-sous-titre\" style=\"display: block;text-transform: lowercase;min-height: 24px;margin-bottom: 20px !important;font-family: Nunito;font-size: 18px;font-style: normal;font-weight: 400;letter-spacing: normal;text-align: left;text-indent: 0px;text-decoration: none\">formule nourrissante, chute de poils<\/span><\/p>\n<p style=\"margin-top: 0px;margin-bottom: 1rem;font-size: 18px;font-family: Nunito;font-style: normal;font-weight: 400;letter-spacing: normal;text-align: left;text-indent: 0px;text-transform: none;text-decoration: none\">L\u2019Huile de chanvre et cameline est un suppl\u00e9ment alimentaire riche en acides gras essentiels (Om\u00e9ga 3, 6 et 9), en vitamines et en min\u00e9raux. Il est un puissant antioxydant qui soutient les d\u00e9fenses naturelles de la peau. Il maintient un syst\u00e8me immunitaire sain et redonne vitalit\u00e9 et \u00e9nergie. Cette formule diminue grandement la chute de poils et apaise les d\u00e9mangeaisons et les pellicules dues aux allergies saisonni\u00e8res. &nbsp;<\/p>\n<p>Il s&rsquo;applique localement pour le confort de la peau. La vitamine E joue un r\u00f4le important dans la pr\u00e9vention du vieillissement pr\u00e9matur\u00e9 de la peau (oxydation cellulaire). Cette huile press\u00e9e \u00e0 froid permet de conserver toutes ses vertus m\u00e9dicinales. Sa couleur vert \u00e9meraude caract\u00e9rise sa tr\u00e8s grande qualit\u00e9. C\u2019est un excellent antioxydant, les animaux adorent son d\u00e9licieux go\u00fbt de noisette.<\/p>\n<p><strong style=\"font-weight: 700\">Sur la peau :<\/strong><span class=\"Apple-converted-space\">&nbsp;<\/span>Cette huile s\u2019applique aussi sur la peau pour diminuer les rougeurs ou le grattage.<\/p>\n<p style=\"margin-top: 0px;margin-bottom: 1rem;font-size: 18px;font-family: Nunito;font-style: normal;font-weight: 400;letter-spacing: normal;text-align: left;text-indent: 0px;text-transform: none;text-decoration: none\">Elle est con\u00e7ue \u00e0 partir d\u2019extraits de plantes d\u2019origine naturelle tels que : l\u2019huile de graines de chanvre biologique et la vitamine E naturelle.<span class=\"Apple-converted-space\">&nbsp;<\/span><\/p>\n<p>Elle convient \u00e0 toutes les races de chiens et de chats, \u00e0 partir de 2 mois d\u2019\u00e2ge.<\/p>\n<p><strong style=\"font-weight: 700\">Mode d\u2019emploi :<\/strong><span class=\"Apple-converted-space\">&nbsp;<\/span>v\u00e9rifier la quantit\u00e9 \u00e0 donner selon le poids de l\u2019animal.<span class=\"Apple-converted-space\">&nbsp;<\/span><strong style=\"font-weight: 700\">Agiter la bouteille avant usage, 1 coup de pompe = 2 ml<\/strong>. Verser et m\u00e9langer sur la nourriture s\u00e8che, en conserve ou crue pour plus de facilit\u00e9<\/p>\n<p style=\"margin-top: 0px;margin-bottom: 1rem;font-size: 18px;font-family: Nunito;font-style: normal;font-weight: 400;letter-spacing: normal;text-align: left;text-indent: 0px;text-transform: none;text-decoration: none\"><strong style=\"font-weight: 700\">Mise en garde :<\/strong><span class=\"Apple-converted-space\">&nbsp;<\/span>ne pas donner aux femelles en gestation ou qui allaitent. Si des effets ind\u00e9sirables se manifestent, consultez votre v\u00e9t\u00e9rinaire. Tenir hors de la port\u00e9e des enfants.<\/p>\n<p style=\"margin-top: 0px;margin-bottom: 1rem;font-size: 18px;font-family: Nunito;font-style: normal;font-weight: 400;letter-spacing: normal;text-align: left;text-indent: 0px;text-transform: none;text-decoration: none\">Format 250 ml<\/p>\n<p style=\"margin-top: 0px;margin-bottom: 1rem;font-size: 18px;font-family: Nunito;font-style: normal;font-weight: 400;letter-spacing: normal;text-align: left;text-indent: 0px;text-transform: none;text-decoration: none\">Produit fi\u00e8rement qu\u00e9b\u00e9cois<\/p>\n","protected":false},"excerpt":{"rendered":"<p>CHANVRE ET CAMELINE formule nourrissante, chute de poils L\u2019Huile de chanvre et cameline est un suppl\u00e9ment alimentaire riche en acides&#8230;<\/p>\n","protected":false},"featured_media":2136,"comment_status":"open","ping_status":"closed","template":"","meta":{"advanced_seo_description":"","jetpack_seo_html_title":"","jetpack_seo_noindex":false},"product_brand":[],"product_cat":[20,28,15],"product_tag":[43],"class_list":{"0":"post-2137","1":"product","2":"type-product","3":"status-publish","4":"has-post-thumbnail","6":"product_cat-miaou","7":"product_cat-peau-pelage","8":"product_cat-uncategorized","9":"product_tag-noel","11":"first","12":"instock","13":"taxable","14":"shipping-taxable","15":"purchasable","16":"product-type-simple"},"jetpack_sharing_enabled":true,"_links":{"self":[{"href":"https:\/\/fantaisiescaninfelin.com\/index.php?rest_route=\/wp\/v2\/product\/2137","targetHints":{"allow":["GET"]}}],"collection":[{"href":"https:\/\/fantaisiescaninfelin.com\/index.php?rest_route=\/wp\/v2\/product"}],"about":[{"href":"https:\/\/fantaisiescaninfelin.com\/index.php?rest_route=\/wp\/v2\/types\/product"}],"replies":[{"embeddable":true,"href":"https:\/\/fantaisiescaninfelin.com\/index.php?rest_route=%2Fwp%2Fv2%2Fcomments&post=2137"}],"wp:featuredmedia":[{"embeddable":true,"href":"https:\/\/fantaisiescaninfelin.com\/index.php?rest_route=\/wp\/v2\/media\/2136"}],"wp:attachment":[{"href":"https:\/\/fantaisiescaninfelin.com\/index.php?rest_route=%2Fwp%2Fv2%2Fmedia&parent=2137"}],"wp:term":[{"taxonomy":"product_brand","embeddable":true,"href":"https:\/\/fantaisiescaninfelin.com\/index.php?rest_route=%2Fwp%2Fv2%2Fproduct_brand&post=2137"},{"taxonomy":"product_cat","embeddable":true,"href":"https:\/\/fantaisiescaninfelin.com\/index.php?rest_route=%2Fwp%2Fv2%2Fproduct_cat&post=2137"},{"taxonomy":"product_tag","embeddable":true,"href":"https:\/\/fantaisiescaninfelin.com\/index.php?rest_route=%2Fwp%2Fv2%2Fproduct_tag&post=2137"}],"curies":[{"name":"wp","href":"https:\/\/api.w.org\/{rel}","templated":true}]}}