{"id":2139,"date":"2025-01-14T19:14:55","date_gmt":"2025-01-15T00:14:55","guid":{"rendered":"https:\/\/fantaisiescaninfelin.com\/?product=land-art-chlorophyle-100ml"},"modified":"2026-02-03T08:58:23","modified_gmt":"2026-02-03T13:58:23","slug":"land-art-chlorophyle-100ml","status":"publish","type":"product","link":"https:\/\/fantaisiescaninfelin.com\/?product=land-art-chlorophyle-100ml","title":{"rendered":"Land Art Chlorophyle 100ml"},"content":{"rendered":"<p style=\"margin: 0px 0px 1rem;padding: 0px;font-family\">La chlorophylle Liquide pour animaux Land Art est aussi b\u00e9n\u00e9fique pour votre ami \u00e0 quatre pattes que pour vous !<\/p>\n<p style=\"margin: 0px;padding: 0px;font-family\">Puissant antioxydant, la chlorophylle est principalement utilis\u00e9e pour la mauvaise haleine et les odeurs corporelles des animaux de compagnie<\/p>\n<h5 style=\"margin: 30px 0px 50px;padding: 0px;font-size: 1.06667rem;line-height: 1.9;font-family: Karla, sans-serif;font-weight: 400;letter-spacing: 2px;max-width: 85%;position: relative;font-style: normal;text-align: left;text-indent: 0px;text-transform: none;text-decoration: none\">La chlorophylle est g\u00e9n\u00e9ralement reconnue pour :<\/h5>\n<ul style=\"margin: 0px 0px 0px -20px;padding: 40px 40px 25px 70px;font-family\">\n<li style=\"margin-bottom: 10px;padding-left: 16px;font-family\">R\u00e9duire la mauvaise haleine;<\/li>\n<li style=\"margin-bottom: 10px;padding-left: 16px;font-family\">R\u00e9duire les mauvaises odeurs corporelles;<\/li>\n<li style=\"margin-bottom: 10px;padding-left: 16px;font-family\">\u00catre une source d\u2019antioxydants.<\/li>\n<\/ul>\n<h5 style=\"margin: 30px 0px 50px;padding: 0px;font-size: 1.06667rem;line-height: 1.9;font-family: Karla, sans-serif;font-weight: 400;letter-spacing: 2px;max-width: 85%;position: relative;font-style: normal;text-align: left;text-indent: 0px;text-transform: none;text-decoration: none\">Posologie et mode d&#8217;emploi<\/h5>\n<p style=\"margin: 0px 0px 1rem;padding: 0px;font-family\">Mettre quelques gouttes chaque jour sur la nourriture ou dans le bol d\u2019eau de votre chat ou de votre chien. Les chiens n&rsquo;ont g\u00e9n\u00e9ralement aucune objection \u00e0 boire leur chlorophylle.<\/p>\n<p style=\"margin: 0px 0px 1rem;padding: 0px;font-family\">Si votre animal est un peu plus difficile ou fait facilement d\u00e9border son bol d&rsquo;eau, vous pouvez ajouter la chlorophylle \u00e0 sa nourriture ou directement dans sa gueule \u00e0 l&rsquo;aide du compte-gouttes.<\/p>\n<h5 style=\"margin: 30px 0px 50px;padding: 0px;font-size: 1.06667rem;line-height: 1.9;font-family: Karla, sans-serif;font-weight: 400;letter-spacing: 2px;max-width: 85%;position: relative;font-style: normal;text-align: left;text-indent: 0px;text-transform: none;text-decoration: none\">Pr\u00e9cautions et mises en garde<\/h5>\n<p style=\"margin: 0px 0px 1rem;padding: 0px;font-family\">Ne pas utiliser pour les animaux souffrant de diab\u00e8te, de troubles gastro-intestinaux ou de troubles h\u00e9patiques. Ne pas utiliser chez les femelles en gestation ou en lactation.<\/p>\n<ul style=\"margin: 0px 0px 0px -20px;padding: 40px 40px 25px 70px;font-family\">\n<li style=\"margin-bottom: 10px;padding-left: 16px;font-family\">Ne pas utiliser si le sceau de s\u00e9curit\u00e9 est bris\u00e9.<\/li>\n<li style=\"margin-bottom: 10px;padding-left: 16px;font-family\">Garder hors de la port\u00e9e des enfants.<\/li>\n<li style=\"margin-bottom: 10px;padding-left: 16px;font-family\">Bien agiter avant usage.<\/li>\n<li style=\"margin-bottom: 10px;padding-left: 16px;font-family\">Garder r\u00e9frig\u00e9r\u00e9 apr\u00e8s ouverture.<\/li>\n<\/ul>\n<p style=\"margin: 0px 0px 1rem;padding: 0px;font-family\">Format 100 ml<\/p>\n<p style=\"margin: 0px 0px 1rem;padding: 0px;font-family\">Produit fi\u00e8rement canadien<\/p>\n","protected":false},"excerpt":{"rendered":"<p>La chlorophylle Liquide pour animaux Land Art est aussi b\u00e9n\u00e9fique pour votre ami \u00e0 quatre pattes que pour vous !&#8230;<\/p>\n","protected":false},"featured_media":2138,"comment_status":"open","ping_status":"closed","template":"","meta":{"advanced_seo_description":"","jetpack_seo_html_title":"","jetpack_seo_noindex":false},"product_brand":[],"product_cat":[21,15],"product_tag":[43],"class_list":{"0":"post-2139","1":"product","2":"type-product","3":"status-publish","4":"has-post-thumbnail","6":"product_cat-dentition-pawfaite","7":"product_cat-uncategorized","8":"product_tag-noel","10":"first","11":"instock","12":"taxable","13":"shipping-taxable","14":"purchasable","15":"product-type-simple"},"jetpack_sharing_enabled":true,"_links":{"self":[{"href":"https:\/\/fantaisiescaninfelin.com\/index.php?rest_route=\/wp\/v2\/product\/2139","targetHints":{"allow":["GET"]}}],"collection":[{"href":"https:\/\/fantaisiescaninfelin.com\/index.php?rest_route=\/wp\/v2\/product"}],"about":[{"href":"https:\/\/fantaisiescaninfelin.com\/index.php?rest_route=\/wp\/v2\/types\/product"}],"replies":[{"embeddable":true,"href":"https:\/\/fantaisiescaninfelin.com\/index.php?rest_route=%2Fwp%2Fv2%2Fcomments&post=2139"}],"wp:featuredmedia":[{"embeddable":true,"href":"https:\/\/fantaisiescaninfelin.com\/index.php?rest_route=\/wp\/v2\/media\/2138"}],"wp:attachment":[{"href":"https:\/\/fantaisiescaninfelin.com\/index.php?rest_route=%2Fwp%2Fv2%2Fmedia&parent=2139"}],"wp:term":[{"taxonomy":"product_brand","embeddable":true,"href":"https:\/\/fantaisiescaninfelin.com\/index.php?rest_route=%2Fwp%2Fv2%2Fproduct_brand&post=2139"},{"taxonomy":"product_cat","embeddable":true,"href":"https:\/\/fantaisiescaninfelin.com\/index.php?rest_route=%2Fwp%2Fv2%2Fproduct_cat&post=2139"},{"taxonomy":"product_tag","embeddable":true,"href":"https:\/\/fantaisiescaninfelin.com\/index.php?rest_route=%2Fwp%2Fv2%2Fproduct_tag&post=2139"}],"curies":[{"name":"wp","href":"https:\/\/api.w.org\/{rel}","templated":true}]}}