{"id":2146,"date":"2025-01-15T18:42:58","date_gmt":"2025-01-15T23:42:58","guid":{"rendered":"https:\/\/fantaisiescaninfelin.com\/?product=zanimo-gouttes-homeopathiques-deplacements-30-ml"},"modified":"2025-04-08T01:00:11","modified_gmt":"2025-04-08T05:00:11","slug":"zanimo-gouttes-homeopathiques-deplacements-30-ml","status":"publish","type":"product","link":"https:\/\/fantaisiescaninfelin.com\/?product=zanimo-gouttes-homeopathiques-deplacements-30-ml","title":{"rendered":"Zanimo gouttes hom\u00e9opathiques d\u00e9placements 30 ml"},"content":{"rendered":"<p><strong><\/strong><\/p>\n<p style=\"margin-top: 0px;margin-bottom: 1rem;font-size: 18px\"><span class=\"produit-sous-titre\" style=\"display: block;text-transform: lowercase;min-height: 24px;margin-bottom: 20px !important;font-family: Nunito;font-size: 18px;font-style: normal;font-weight: 400;letter-spacing: normal;text-align: left;text-indent: 0px;text-decoration: none\">supporte l&rsquo;\u00e9quilibre du syst\u00e8me nerveux pendant le transport.<\/span><\/p>\n<p><span style=\"font-family: Nunito;font-size: 18px;font-style: normal;font-weight: 400;letter-spacing: normal;text-align: left;text-indent: 0px;text-transform: none;text-decoration: none;display: inline !important;float: none\">Ce rem\u00e8de hom\u00e9opathique supporte l\u2019\u00e9quilibre du syst\u00e8me nerveux durant le transport. Il apporte une solution naturelle pour diminuer les sympt\u00f4mes lors de d\u00e9placements tels que : stress d\u00fb \u00e0 la route, mal des transports, tremblements, peur, salivation excessive ou lorsque l\u2019animal fait ses besoins dans la voiture.<\/p>\n<p>Il a \u00e9t\u00e9 d\u00e9velopp\u00e9 par des experts en hom\u00e9opathie, selon les normes rigoureuses de fabrication. Il est con\u00e7u avec une base de glyc\u00e9rine et ne contient pas d\u2019alcool pour le bien-\u00eatre de votre animal.&nbsp;<\/p>\n<p>Il convient \u00e0 toutes les races de chiens et de chats, \u00e0 partir de 2 mois d\u2019\u00e2ge.<\/p>\n<p>Mode d\u2019emploi :&nbsp;agiter la bouteille avant utilisation. \u00c0 l\u2019aide de la pipette, donner 5 ou 10 gouttes selon le poids de l\u2019animal. Facile \u00e0 administrer, les gouttes se mettent directement dans la gueule sur le c\u00f4t\u00e9 de la joue. Ne pas ajouter dans son bol d\u2019eau.<\/p>\n<p>Donner 3 fois par jour durant 30 jours et diminuer \u00e0 1 ou 2 fois par jour d\u00e8s qu\u2019il y a une am\u00e9lioration. Minimum de 4 heures entre les doses. Ne pas d\u00e9passer 30 jours.<\/p>\n<p>Cas particulier :&nbsp;avant de quitter en voiture et pour \u00e9viter le mal des transports, donner les gouttes selon son poids et espacer de 30 minutes entre les doses, maximum de 3 doses cons\u00e9cutives.<br \/>\n<\/span><\/p>\n<p style=\"margin-top: 0px;margin-bottom: 1rem;font-size: 18px\"><span class=\"produit-sous-titre\" style=\"display: block;text-transform: lowercase;min-height: 24px;margin-bottom: 20px !important;font-family: Nunito;font-size: 18px;font-style: normal;font-weight: 400;letter-spacing: normal;text-align: left;text-indent: 0px;text-decoration: none\">format 30 ml <\/span><\/p>\n<p style=\"margin-top: 0px;margin-bottom: 1rem;font-size: 18px\"><span class=\"produit-sous-titre\" style=\"display: block;text-transform: lowercase;min-height: 24px;margin-bottom: 20px !important;font-family: Nunito;font-size: 18px;font-style: normal;font-weight: 400;letter-spacing: normal;text-align: left;text-indent: 0px;text-decoration: none\"><\/span><\/p>\n<p style=\"margin-top: 0px;margin-bottom: 1rem;font-size: 18px\"><span class=\"produit-sous-titre\" style=\"display: block;text-transform: lowercase;min-height: 24px;margin-bottom: 20px !important;font-family: Nunito;font-size: 18px;font-style: normal;font-weight: 400;letter-spacing: normal;text-align: left;text-indent: 0px;text-decoration: none\">Produit <\/span>fi\u00e8rement<span class=\"produit-sous-titre\" style=\"display: block;text-transform: lowercase;min-height: 24px;margin-bottom: 20px !important;font-family: Nunito;font-size: 18px;font-style: normal;font-weight: 400;letter-spacing: normal;text-align: left;text-indent: 0px;text-decoration: none\"> <\/span>qu\u00e9b\u00e9cois<span class=\"produit-sous-titre\" style=\"display: block;text-transform: lowercase;min-height: 24px;margin-bottom: 20px !important;font-family: Nunito;font-size: 18px;font-style: normal;font-weight: 400;letter-spacing: normal;text-align: left;text-indent: 0px;text-decoration: none\"> <\/span><\/p>\n","protected":false},"excerpt":{"rendered":"<p>supporte l&rsquo;\u00e9quilibre du syst\u00e8me nerveux pendant le transport. Ce rem\u00e8de hom\u00e9opathique supporte l\u2019\u00e9quilibre du syst\u00e8me nerveux durant le transport. Il&#8230;<\/p>\n","protected":false},"featured_media":2145,"comment_status":"open","ping_status":"closed","template":"","meta":{"advanced_seo_description":"","jetpack_seo_html_title":"","jetpack_seo_noindex":false},"product_brand":[],"product_cat":[83,15],"product_tag":[],"class_list":{"0":"post-2146","1":"product","2":"type-product","3":"status-publish","4":"has-post-thumbnail","6":"product_cat-anxiete-stress","7":"product_cat-uncategorized","9":"first","10":"instock","11":"taxable","12":"shipping-taxable","13":"purchasable","14":"product-type-simple"},"jetpack_sharing_enabled":true,"_links":{"self":[{"href":"https:\/\/fantaisiescaninfelin.com\/index.php?rest_route=\/wp\/v2\/product\/2146","targetHints":{"allow":["GET"]}}],"collection":[{"href":"https:\/\/fantaisiescaninfelin.com\/index.php?rest_route=\/wp\/v2\/product"}],"about":[{"href":"https:\/\/fantaisiescaninfelin.com\/index.php?rest_route=\/wp\/v2\/types\/product"}],"replies":[{"embeddable":true,"href":"https:\/\/fantaisiescaninfelin.com\/index.php?rest_route=%2Fwp%2Fv2%2Fcomments&post=2146"}],"wp:featuredmedia":[{"embeddable":true,"href":"https:\/\/fantaisiescaninfelin.com\/index.php?rest_route=\/wp\/v2\/media\/2145"}],"wp:attachment":[{"href":"https:\/\/fantaisiescaninfelin.com\/index.php?rest_route=%2Fwp%2Fv2%2Fmedia&parent=2146"}],"wp:term":[{"taxonomy":"product_brand","embeddable":true,"href":"https:\/\/fantaisiescaninfelin.com\/index.php?rest_route=%2Fwp%2Fv2%2Fproduct_brand&post=2146"},{"taxonomy":"product_cat","embeddable":true,"href":"https:\/\/fantaisiescaninfelin.com\/index.php?rest_route=%2Fwp%2Fv2%2Fproduct_cat&post=2146"},{"taxonomy":"product_tag","embeddable":true,"href":"https:\/\/fantaisiescaninfelin.com\/index.php?rest_route=%2Fwp%2Fv2%2Fproduct_tag&post=2146"}],"curies":[{"name":"wp","href":"https:\/\/api.w.org\/{rel}","templated":true}]}}