{"id":2148,"date":"2025-01-15T18:46:24","date_gmt":"2025-01-15T23:46:24","guid":{"rendered":"https:\/\/fantaisiescaninfelin.com\/?product=zanimo-gouttes-homeopathiques-attitude-zen-30-ml"},"modified":"2026-01-14T20:06:40","modified_gmt":"2026-01-15T01:06:40","slug":"zanimo-gouttes-homeopathiques-attitude-zen-30-ml","status":"publish","type":"product","link":"https:\/\/fantaisiescaninfelin.com\/?product=zanimo-gouttes-homeopathiques-attitude-zen-30-ml","title":{"rendered":"Zanimo gouttes hom\u00e9opathiques Attitude Zen 30 ml"},"content":{"rendered":"<h4 class=\"h4 name_details\" style=\"margin-top: 0px;margin-bottom: 0px;font-family: Nunito;font-weight: 700;line-height: 24px;font-size: 18px;font-style: normal;letter-spacing: normal;text-align: left;text-indent: 0px;text-transform: none;text-decoration: none\"><strong>ATTITUDE ZEN<\/strong><\/h4>\n<p style=\"margin-top: 0px;margin-bottom: 1rem;font-size: 18px\"><span class=\"produit-sous-titre\" style=\"display: block;text-transform: lowercase;min-height: 24px;margin-bottom: 20px !important;font-family: Nunito;font-size: 18px;font-style: normal;font-weight: 400;letter-spacing: normal;text-align: left;text-indent: 0px;text-decoration: none\">contribue au bon fonctionnement du syst\u00e8me nerveux.<\/span><\/p>\n<p style=\"margin-top: 0px;margin-bottom: 1rem;font-family: Nunito;font-size: 18px;font-style: normal;font-weight: 400;line-height: inherit !important;letter-spacing: normal;text-align: left;text-indent: 0px;text-transform: none;text-decoration: none\">Ce rem\u00e8de hom\u00e9opathique contribue au bon fonctionnement du syst\u00e8me nerveux. Il apporte une solution naturelle pour diminuer les probl\u00e8mes de comportement tels que : domination, agressivit\u00e9, tentative de morsures, peur, soumission, jappement excessif, fugue et le marquage chez le chat.<\/p>\n<p>Il a \u00e9t\u00e9 d\u00e9velopp\u00e9 par des experts en hom\u00e9opathie, selon les normes rigoureuses de fabrication. Il est con\u00e7u avec une base de glyc\u00e9rine et ne contient pas d\u2019alcool pour le bien-\u00eatre de votre animal.<span class=\"Apple-converted-space\">&nbsp;<\/span><\/p>\n<p>Il convient \u00e0 toutes les races de chiens et de chats, \u00e0 partir de 2 mois d\u2019\u00e2ge.<\/p>\n<p><strong style=\"font-weight: 700\">Mode d\u2019emploi :<\/strong><span class=\"Apple-converted-space\">&nbsp;<\/span>agiter la bouteille avant utilisation. \u00c0 l\u2019aide de la pipette, donner 5 ou 10 gouttes selon le poids de l\u2019animal. Facile \u00e0 administrer, les gouttes se mettent directement dans la gueule sur le c\u00f4t\u00e9 de la joue. Ne pas ajouter dans son bol d\u2019eau.<\/p>\n<p style=\"margin-top: 0px;margin-bottom: 1rem;font-family: Nunito;font-size: 18px;font-style: normal;font-weight: 400;line-height: inherit !important;letter-spacing: normal;text-align: left;text-indent: 0px;text-transform: none;text-decoration: none\">Donner 3 fois par jour durant 30 jours et diminuer \u00e0 1 ou 2 fois par jour d\u00e8s qu\u2019il y a une am\u00e9lioration. Minimum de 4 heures entre les doses. Ne pas d\u00e9passer 30 jours.<\/p>\n<p style=\"margin-top: 0px;margin-bottom: 1rem;font-family: Nunito;font-size: 18px;font-style: normal;font-weight: 400;line-height: inherit !important;letter-spacing: normal;text-align: left;text-indent: 0px;text-transform: none;text-decoration: none\">Format 30 ml<\/p>\n<p style=\"margin-top: 0px;margin-bottom: 1rem;font-family: Nunito;font-size: 18px;font-style: normal;font-weight: 400;line-height: inherit !important;letter-spacing: normal;text-align: left;text-indent: 0px;text-transform: none;text-decoration: none\">Produit fi\u00e8rement qu\u00e9b\u00e9cois<\/p>\n","protected":false},"excerpt":{"rendered":"<p>ATTITUDE ZEN contribue au bon fonctionnement du syst\u00e8me nerveux. Ce rem\u00e8de hom\u00e9opathique contribue au bon fonctionnement du syst\u00e8me nerveux. Il&#8230;<\/p>\n","protected":false},"featured_media":2147,"comment_status":"open","ping_status":"closed","template":"","meta":{"advanced_seo_description":"","jetpack_seo_html_title":"","jetpack_seo_noindex":false},"product_brand":[],"product_cat":[83,20,15],"product_tag":[],"class_list":{"0":"post-2148","1":"product","2":"type-product","3":"status-publish","4":"has-post-thumbnail","6":"product_cat-anxiete-stress","7":"product_cat-miaou","8":"product_cat-uncategorized","10":"first","11":"instock","12":"taxable","13":"shipping-taxable","14":"purchasable","15":"product-type-simple"},"jetpack_sharing_enabled":true,"_links":{"self":[{"href":"https:\/\/fantaisiescaninfelin.com\/index.php?rest_route=\/wp\/v2\/product\/2148","targetHints":{"allow":["GET"]}}],"collection":[{"href":"https:\/\/fantaisiescaninfelin.com\/index.php?rest_route=\/wp\/v2\/product"}],"about":[{"href":"https:\/\/fantaisiescaninfelin.com\/index.php?rest_route=\/wp\/v2\/types\/product"}],"replies":[{"embeddable":true,"href":"https:\/\/fantaisiescaninfelin.com\/index.php?rest_route=%2Fwp%2Fv2%2Fcomments&post=2148"}],"wp:featuredmedia":[{"embeddable":true,"href":"https:\/\/fantaisiescaninfelin.com\/index.php?rest_route=\/wp\/v2\/media\/2147"}],"wp:attachment":[{"href":"https:\/\/fantaisiescaninfelin.com\/index.php?rest_route=%2Fwp%2Fv2%2Fmedia&parent=2148"}],"wp:term":[{"taxonomy":"product_brand","embeddable":true,"href":"https:\/\/fantaisiescaninfelin.com\/index.php?rest_route=%2Fwp%2Fv2%2Fproduct_brand&post=2148"},{"taxonomy":"product_cat","embeddable":true,"href":"https:\/\/fantaisiescaninfelin.com\/index.php?rest_route=%2Fwp%2Fv2%2Fproduct_cat&post=2148"},{"taxonomy":"product_tag","embeddable":true,"href":"https:\/\/fantaisiescaninfelin.com\/index.php?rest_route=%2Fwp%2Fv2%2Fproduct_tag&post=2148"}],"curies":[{"name":"wp","href":"https:\/\/api.w.org\/{rel}","templated":true}]}}