{"id":22,"date":"2024-09-03T12:35:37","date_gmt":"2024-09-03T12:35:37","guid":{"rendered":"https:\/\/fantaisies:8890\/?post_type=product&#038;p=22"},"modified":"2025-12-28T11:33:11","modified_gmt":"2025-12-28T16:33:11","slug":"hurraw-porc-100-tasses","status":"publish","type":"product","link":"https:\/\/fantaisiescaninfelin.com\/?product=hurraw-porc-100-tasses","title":{"rendered":"Hurraw Porc 100 tasses"},"content":{"rendered":"<p>Nourriture crue d\u00e9shydrat\u00e9e pour chien favorise est fabriqu\u00e9 avec des ingr\u00e9dients \u00e0 100% de consommation humaine prot\u00e9ine au porc.<\/p>\n<p>Compagnie fi\u00e8rement qu\u00e9b\u00e9coise.<\/p>\n","protected":false},"excerpt":{"rendered":"<p>Nourriture crue d\u00e9shydrat\u00e9e pour chien favorise est fabriqu\u00e9 avec des ingr\u00e9dients \u00e0 100% de consommation humaine prot\u00e9ine au porc. Compagnie&#8230;<\/p>\n","protected":false},"featured_media":54,"comment_status":"open","ping_status":"closed","template":"","meta":{"advanced_seo_description":"","jetpack_seo_html_title":"","jetpack_seo_noindex":false},"product_brand":[],"product_cat":[16],"product_tag":[43,42],"class_list":{"0":"post-22","1":"product","2":"type-product","3":"status-publish","4":"has-post-thumbnail","6":"product_cat-nourriture","7":"product_tag-noel","8":"product_tag-scarlet","10":"first","11":"outofstock","12":"taxable","13":"shipping-taxable","14":"purchasable","15":"product-type-simple"},"jetpack_sharing_enabled":true,"_links":{"self":[{"href":"https:\/\/fantaisiescaninfelin.com\/index.php?rest_route=\/wp\/v2\/product\/22","targetHints":{"allow":["GET"]}}],"collection":[{"href":"https:\/\/fantaisiescaninfelin.com\/index.php?rest_route=\/wp\/v2\/product"}],"about":[{"href":"https:\/\/fantaisiescaninfelin.com\/index.php?rest_route=\/wp\/v2\/types\/product"}],"replies":[{"embeddable":true,"href":"https:\/\/fantaisiescaninfelin.com\/index.php?rest_route=%2Fwp%2Fv2%2Fcomments&post=22"}],"wp:featuredmedia":[{"embeddable":true,"href":"https:\/\/fantaisiescaninfelin.com\/index.php?rest_route=\/wp\/v2\/media\/54"}],"wp:attachment":[{"href":"https:\/\/fantaisiescaninfelin.com\/index.php?rest_route=%2Fwp%2Fv2%2Fmedia&parent=22"}],"wp:term":[{"taxonomy":"product_brand","embeddable":true,"href":"https:\/\/fantaisiescaninfelin.com\/index.php?rest_route=%2Fwp%2Fv2%2Fproduct_brand&post=22"},{"taxonomy":"product_cat","embeddable":true,"href":"https:\/\/fantaisiescaninfelin.com\/index.php?rest_route=%2Fwp%2Fv2%2Fproduct_cat&post=22"},{"taxonomy":"product_tag","embeddable":true,"href":"https:\/\/fantaisiescaninfelin.com\/index.php?rest_route=%2Fwp%2Fv2%2Fproduct_tag&post=22"}],"curies":[{"name":"wp","href":"https:\/\/api.w.org\/{rel}","templated":true}]}}