{"id":2233,"date":"2025-02-12T15:59:41","date_gmt":"2025-02-12T20:59:41","guid":{"rendered":"https:\/\/fantaisiescaninfelin.com\/?product=dogginstix-tripe-de-boeuf-torsade-24"},"modified":"2026-01-24T20:19:40","modified_gmt":"2026-01-25T01:19:40","slug":"dogginstix-tripe-de-boeuf-torsade-24","status":"publish","type":"product","link":"https:\/\/fantaisiescaninfelin.com\/?product=dogginstix-tripe-de-boeuf-torsade-24","title":{"rendered":"Dogginstix tripe de b\u0153uf torsad\u00e9 24 \u2018\u2019"},"content":{"rendered":"<p>Os \u00e0 mastiquer Dogginstix tripe de b\u0153uf torsad\u00e9<\/p>\n<p>Ingr\u00e9dients : tripe de b\u0153uf<\/p>\n<p>Format 24 pouce<\/p>\n<p>Convient pour les grands chien \ud83d\udc4d<\/p>\n<p>\ud83c\udf1f Toujours avoir de l&rsquo;eau et une supervision lors des s\u00e9ances de mastication<\/p>\n<p>Produit des Etats Unies<\/p>\n","protected":false},"excerpt":{"rendered":"<p>Os \u00e0 mastiquer Dogginstix tripe de b\u0153uf torsad\u00e9 Ingr\u00e9dients : tripe de b\u0153uf Format 24 pouce Convient pour les grands&#8230;<\/p>\n","protected":false},"featured_media":2232,"comment_status":"open","ping_status":"closed","template":"","meta":{"advanced_seo_description":"","jetpack_seo_html_title":"","jetpack_seo_noindex":false},"product_brand":[],"product_cat":[30,15],"product_tag":[],"class_list":{"0":"post-2233","1":"product","2":"type-product","3":"status-publish","4":"has-post-thumbnail","6":"product_cat-mastication","7":"product_cat-uncategorized","9":"first","10":"instock","11":"taxable","12":"shipping-taxable","13":"purchasable","14":"product-type-simple"},"jetpack_sharing_enabled":true,"_links":{"self":[{"href":"https:\/\/fantaisiescaninfelin.com\/index.php?rest_route=\/wp\/v2\/product\/2233","targetHints":{"allow":["GET"]}}],"collection":[{"href":"https:\/\/fantaisiescaninfelin.com\/index.php?rest_route=\/wp\/v2\/product"}],"about":[{"href":"https:\/\/fantaisiescaninfelin.com\/index.php?rest_route=\/wp\/v2\/types\/product"}],"replies":[{"embeddable":true,"href":"https:\/\/fantaisiescaninfelin.com\/index.php?rest_route=%2Fwp%2Fv2%2Fcomments&post=2233"}],"wp:featuredmedia":[{"embeddable":true,"href":"https:\/\/fantaisiescaninfelin.com\/index.php?rest_route=\/wp\/v2\/media\/2232"}],"wp:attachment":[{"href":"https:\/\/fantaisiescaninfelin.com\/index.php?rest_route=%2Fwp%2Fv2%2Fmedia&parent=2233"}],"wp:term":[{"taxonomy":"product_brand","embeddable":true,"href":"https:\/\/fantaisiescaninfelin.com\/index.php?rest_route=%2Fwp%2Fv2%2Fproduct_brand&post=2233"},{"taxonomy":"product_cat","embeddable":true,"href":"https:\/\/fantaisiescaninfelin.com\/index.php?rest_route=%2Fwp%2Fv2%2Fproduct_cat&post=2233"},{"taxonomy":"product_tag","embeddable":true,"href":"https:\/\/fantaisiescaninfelin.com\/index.php?rest_route=%2Fwp%2Fv2%2Fproduct_tag&post=2233"}],"curies":[{"name":"wp","href":"https:\/\/api.w.org\/{rel}","templated":true}]}}