{"id":2319,"date":"2025-03-12T20:52:07","date_gmt":"2025-03-13T00:52:07","guid":{"rendered":"https:\/\/fantaisiescaninfelin.com\/?product=pattedeau-bio-curcuplex-60-capsules"},"modified":"2026-03-18T10:03:40","modified_gmt":"2026-03-18T14:03:40","slug":"pattedeau-bio-curcuplex-60-capsules","status":"publish","type":"product","link":"https:\/\/fantaisiescaninfelin.com\/?product=pattedeau-bio-curcuplex-60-capsules","title":{"rendered":"Pattedeau Bio Curcuplex 60 capsules"},"content":{"rendered":"<h2 style=\"font-family: var(--font-heading-family);font-style: normal;font-weight: var(--font-heading-weight);letter-spacing: calc(var(--font-heading-scale) * 0.06rem);line-height: calc(1 + 0.3\/max(1,var(--font-heading-scale)));font-size: 2rem;text-transform: uppercase;text-align: start;text-indent: 0px;text-decoration: none\"><strong>CURCUPLEX, UN ATOUT POUR LA SANT\u00c9 DE VOTRE CHIEN<\/strong><\/h2>\n<p style=\"font-family: Quicksand, sans-serif;font-size: 17px;font-style: normal;font-weight: 400;letter-spacing: 0.6px;text-align: start;text-indent: 0px;text-transform: none;text-decoration: none\">Le Curcuplex de Pattedeau Bio, formul\u00e9 avec du curcuma liposome, offre une absorption 29 fois sup\u00e9rieure \u00e0 celle du curcuma naturel, garantissant des bienfaits optimaux pour la sant\u00e9 de votre chien. Ses propri\u00e9t\u00e9s anti-inflammatoires et antioxydantes soutiennent la sant\u00e9 digestive, articulaire et oculaire. Pour en savoir plus sur les bienfaits d\u00e9taill\u00e9s du curcuma et ses effets positifs sur la sant\u00e9 de votre chien, consultez notre<span class=\"Apple-converted-space\">&nbsp;<\/span><a href=\"https:\/\/pattedeaubio.com\/blogs\/blog\/les-bienfaits-du-curcuma-pour-les-chiens\" style=\"font-size: inherit;position: relative;cursor: pointer;padding-bottom: 0.2rem;text-decoration: none;background-color: transparent;background-size: 0% 0.1rem, 100% 0.1rem;background-position: right bottom, right bottom;background-repeat: no-repeat no-repeat\">article de blogue sur le sujet<\/a>.<\/p>\n<p style=\"font-family: Quicksand, sans-serif;font-size: 17px;font-style: normal;font-weight: 400;letter-spacing: 0.6px;text-align: start;text-indent: 0px;text-transform: none;text-decoration: none\">Des<span class=\"Apple-converted-space\">&nbsp;<\/span><a href=\"https:\/\/cdn.shopify.com\/s\/files\/1\/1021\/4671\/files\/curcuvet_colitti_2012_2.pdf?v=1731004192\" style=\"font-size: inherit;position: relative;cursor: pointer;padding-bottom: 0.2rem;text-decoration: none;background-color: transparent;background-size: 0% 0.1rem, 100% 0.1rem;background-position: right bottom, right bottom;background-repeat: no-repeat no-repeat\">\u00e9tudes scientifiques<\/a><span class=\"Apple-converted-space\">&nbsp;<\/span>ont d\u00e9montr\u00e9 l&rsquo;efficacit\u00e9 du curcuma sous forme liposome pour r\u00e9duire l&rsquo;inflammation des articulations chez les chiens. Une recherche de<span class=\"Apple-converted-space\">&nbsp;<\/span><a href=\"https:\/\/cdn.shopify.com\/s\/files\/1\/1021\/4671\/files\/curcuvet_colitti_2012_2.pdf?v=1731004192\" style=\"font-size: inherit;position: relative;cursor: pointer;padding-bottom: 0.2rem;text-decoration: none;background-color: transparent;background-size: 0% 0.1rem, 100% 0.1rem;background-position: right bottom, right bottom;background-repeat: no-repeat no-repeat\">Colitti et al. (2012)<\/a><span class=\"Apple-converted-space\">&nbsp;<\/span>a r\u00e9v\u00e9l\u00e9 une r\u00e9duction significative de l&rsquo;inflammation articulaire chez des chiens atteints d&rsquo;ost\u00e9oarthrite apr\u00e8s administration de curcuma liposome.<\/p>\n<p style=\"font-family: Quicksand, sans-serif;font-size: 17px;font-style: normal;font-weight: 400;letter-spacing: 0.6px;text-align: start;text-indent: 0px;text-transform: none;text-decoration: none\"><strong>Facile \u00e0 administrer<\/strong><span class=\"Apple-converted-space\">&nbsp;<\/span>: il suffit de verser le contenu des capsules sur la nourriture de votre chien, une fois par jour. Une fa\u00e7on simple et efficace de soutenir sa sant\u00e9 !<\/p>\n<h2 style=\"font-family: var(--font-heading-family);font-style: normal;font-weight: var(--font-heading-weight);letter-spacing: calc(var(--font-heading-scale) * 0.06rem);line-height: calc(1 + 0.3\/max(1,var(--font-heading-scale)));font-size: 2rem;text-transform: uppercase;margin-top: 0px !important;text-align: start;text-indent: 0px;text-decoration: none\">POURQUOI CHOISIR LE CURCUPLEX POUR LA SANT\u00c9 DE VOTRE CHIEN ?<\/h2>\n<ul style=\"padding-inline-start: 2rem;font-family: Quicksand, sans-serif;font-size: 17px;font-style: normal;font-weight: 400;letter-spacing: 0.6px;text-align: start;text-indent: 0px;text-transform: none;text-decoration: none\">\n<li style=\"margin-bottom: 0.5rem\">Apporte des bienfaits aux chiens de<span class=\"Apple-converted-space\">&nbsp;<\/span><strong>toutes tailles et de tout \u00e2ge<\/strong><\/li>\n<li style=\"margin-bottom: 0.5rem\">Aide \u00e0 soutenir un<span class=\"Apple-converted-space\">&nbsp;<\/span><strong>syst\u00e8me digestif sain<\/strong><\/li>\n<li style=\"margin-bottom: 0.5rem\">Contribue \u00e0 maintenir et soutenir la<span class=\"Apple-converted-space\">&nbsp;<\/span><strong>sant\u00e9 des yeux<\/strong><\/li>\n<li style=\"margin-bottom: 0.5rem\">Favorise le maintien et la promotion de<span class=\"Apple-converted-space\">&nbsp;<\/span><strong>muscles et articulations sains<\/strong>, am\u00e9liorant la mobilit\u00e9 et la performance<\/li>\n<li style=\"margin-bottom: 0px\">Agit comme source d\u2019<strong>antioxydants<\/strong><span class=\"Apple-converted-space\">&nbsp;<\/span>pour le maintien d\u2019une bonne sant\u00e9<\/li>\n<\/ul>\n<p>Ingr\u00e9dients:<\/p>\n<p style=\"margin-top: 0px !important;font-family: Quicksand, sans-serif;font-size: 17px;font-style: normal;font-weight: 400;letter-spacing: 0.6px;text-align: start;text-indent: 0px;text-transform: none;text-decoration: none\">250 mg \/1 capsule.<\/p>\n<p style=\"font-family: Quicksand, sans-serif;font-size: 17px;font-style: normal;font-weight: 400;letter-spacing: 0.6px;text-align: start;text-indent: 0px;text-transform: none;text-decoration: none\">Extrait de complexe de Curcumino\u00efdes de Curcuma-phosphatidylcholine (Rhizome)\/Turmeric Curcuminoids-Phosphatidylcholine complex extract (Rhizome)<\/p>\n<p style=\"font-family: Quicksand, sans-serif;font-size: 17px;font-style: normal;font-weight: 400;letter-spacing: 0.6px;text-align: start;text-indent: 0px;text-transform: none;text-decoration: none\">Excipients: Hypromellose, curcuma longa, st\u00e9arate de magn\u00e9sium<\/p>\n<p style=\"font-family: Quicksand, sans-serif;font-size: 17px;font-style: normal;font-weight: 400;letter-spacing: 0.6px;text-align: start;text-indent: 0px;text-transform: none;text-decoration: none\">\u269c\ufe0f Produit fi\u00e8rement qu\u00e9b\u00e9cois<\/p>\n<p style=\"font-family: Quicksand, sans-serif;font-size: 17px;font-style: normal;font-weight: 400;letter-spacing: 0.6px;text-align: start;text-indent: 0px;text-transform: none;text-decoration: none\">\ud83d\uded1 Produit uniquement d\u00e9di\u00e9 aux chiens<\/p>\n","protected":false},"excerpt":{"rendered":"<p>CURCUPLEX, UN ATOUT POUR LA SANT\u00c9 DE VOTRE CHIEN Le Curcuplex de Pattedeau Bio, formul\u00e9 avec du curcuma liposome, offre&#8230;<\/p>\n","protected":false},"featured_media":2318,"comment_status":"open","ping_status":"closed","template":"","meta":{"advanced_seo_description":"","jetpack_seo_html_title":"","jetpack_seo_noindex":false},"product_brand":[],"product_cat":[23,22,24,15],"product_tag":[],"class_list":{"0":"post-2319","1":"product","2":"type-product","3":"status-publish","4":"has-post-thumbnail","6":"product_cat-digestion","7":"product_cat-inconfort-quotidiens","8":"product_cat-les-articulations","9":"product_cat-uncategorized","11":"first","12":"outofstock","13":"taxable","14":"shipping-taxable","15":"purchasable","16":"product-type-simple"},"jetpack_sharing_enabled":true,"_links":{"self":[{"href":"https:\/\/fantaisiescaninfelin.com\/index.php?rest_route=\/wp\/v2\/product\/2319","targetHints":{"allow":["GET"]}}],"collection":[{"href":"https:\/\/fantaisiescaninfelin.com\/index.php?rest_route=\/wp\/v2\/product"}],"about":[{"href":"https:\/\/fantaisiescaninfelin.com\/index.php?rest_route=\/wp\/v2\/types\/product"}],"replies":[{"embeddable":true,"href":"https:\/\/fantaisiescaninfelin.com\/index.php?rest_route=%2Fwp%2Fv2%2Fcomments&post=2319"}],"wp:featuredmedia":[{"embeddable":true,"href":"https:\/\/fantaisiescaninfelin.com\/index.php?rest_route=\/wp\/v2\/media\/2318"}],"wp:attachment":[{"href":"https:\/\/fantaisiescaninfelin.com\/index.php?rest_route=%2Fwp%2Fv2%2Fmedia&parent=2319"}],"wp:term":[{"taxonomy":"product_brand","embeddable":true,"href":"https:\/\/fantaisiescaninfelin.com\/index.php?rest_route=%2Fwp%2Fv2%2Fproduct_brand&post=2319"},{"taxonomy":"product_cat","embeddable":true,"href":"https:\/\/fantaisiescaninfelin.com\/index.php?rest_route=%2Fwp%2Fv2%2Fproduct_cat&post=2319"},{"taxonomy":"product_tag","embeddable":true,"href":"https:\/\/fantaisiescaninfelin.com\/index.php?rest_route=%2Fwp%2Fv2%2Fproduct_tag&post=2319"}],"curies":[{"name":"wp","href":"https:\/\/api.w.org\/{rel}","templated":true}]}}