{"id":2321,"date":"2025-03-12T20:57:57","date_gmt":"2025-03-13T00:57:57","guid":{"rendered":"https:\/\/fantaisiescaninfelin.com\/?product=pattedeau-bio-collaflex-collagene-flexibilite-des-articulations-120gr"},"modified":"2026-03-18T10:03:23","modified_gmt":"2026-03-18T14:03:23","slug":"pattedeau-bio-collaflex-collagene-flexibilite-des-articulations-120gr","status":"publish","type":"product","link":"https:\/\/fantaisiescaninfelin.com\/?product=pattedeau-bio-collaflex-collagene-flexibilite-des-articulations-120gr","title":{"rendered":"Pattedeau Bio Collaflex Collag\u00e8ne: Flexibilit\u00e9 des articulations 120gr"},"content":{"rendered":"<h2 style=\"font-family: var(--font-heading-family);font-style: normal;font-weight: var(--font-heading-weight);letter-spacing: calc(var(--font-heading-scale) * 0.06rem);line-height: calc(1 + 0.3\/max(1,var(--font-heading-scale)));font-size: 2rem;text-transform: uppercase;text-align: start;text-indent: 0px;text-decoration: none\">LE COLLAFLEX, UN ATOUT IMPORTANT POUR LA SANT\u00c9 DE VOTRE CHIEN<\/h2>\n<p style=\"font-family: Quicksand, sans-serif;font-size: 17px;font-style: normal;font-weight: 400;letter-spacing: 0.6px;text-align: start;text-indent: 0px;text-transform: none;text-decoration: none\">Le Collaflex de Pattedeau Bio est compos\u00e9 de biopeptides de collag\u00e8ne de premi\u00e8re qualit\u00e9.<span class=\"Apple-converted-space\">&nbsp;<\/span><a href=\"https:\/\/pattedeaubio.com\/blogs\/blog\/les-bienfaits-du-collagene-pour-la-sante-de-ton-chien\" style=\"font-size: inherit;position: relative;cursor: pointer;padding-bottom: 0.2rem;text-decoration: none;background-color: transparent;background-size: 0% 0.1rem, 100% 0.1rem;background-position: right bottom, right bottom;background-repeat: no-repeat no-repeat\">Il aide \u00e0 maintenir la mobilit\u00e9, la flexibilit\u00e9 et le bien-\u00eatre g\u00e9n\u00e9ral de votre compagnon.<\/a><span class=\"Apple-converted-space\">&nbsp;<\/span>Il est con\u00e7u pour apporter un soutien naturel et efficace \u00e0 la sant\u00e9 articulaire de votre chien ou chat.<\/p>\n<p style=\"font-family: Quicksand, sans-serif;font-size: 17px;font-style: normal;font-weight: 400;letter-spacing: 0.6px;text-align: start;text-indent: 0px;text-transform: none;text-decoration: none\">Le collag\u00e8ne est l\u2019une des prot\u00e9ines les plus abondantes dans le corps, repr\u00e9sentant environ 30 % des prot\u00e9ines totales et 75 % de la peau de votre animal. Avec l\u2019\u00e2ge, sa production diminue, ce qui peut affecter la solidit\u00e9 des articulations et la vitalit\u00e9.<span class=\"Apple-converted-space\">&nbsp;<\/span><a href=\"https:\/\/pattedeaubio.com\/blogs\/blog\/les-bienfaits-du-collagene-pour-la-sante-de-ton-chien\" style=\"font-size: inherit;position: relative;cursor: pointer;padding-bottom: 0.2rem;text-decoration: none;background-color: transparent;background-size: 0% 0.1rem, 100% 0.1rem;background-position: right bottom, right bottom;background-repeat: no-repeat no-repeat\">Le collag\u00e8ne joue un r\u00f4le important dans plusieurs aspects de la sant\u00e9.<\/a>En int\u00e9grant le Collaflex \u00e0 l\u2019alimentation quotidienne de votre animal, vous soutenez activement ses articulations et pr\u00e9servez sa mobilit\u00e9.<\/p>\n<h2 style=\"font-family: var(--font-heading-family);font-style: normal;font-weight: var(--font-heading-weight);letter-spacing: calc(var(--font-heading-scale) * 0.06rem);line-height: calc(1 + 0.3\/max(1,var(--font-heading-scale)));font-size: 2rem;text-transform: uppercase;text-align: start;text-indent: 0px;text-decoration: none\">LES BIENFAITS CONNUS DU COLLAG\u00c8NE SONT :<\/h2>\n<ul style=\"padding-inline-start: 2rem;font-family: Quicksand, sans-serif;font-size: 17px;font-style: normal;font-weight: 400;letter-spacing: 0.6px;text-align: start;text-indent: 0px;text-transform: none;text-decoration: none\">\n<li style=\"margin-bottom: 0.5rem\">Soutien aux<span class=\"Apple-converted-space\">&nbsp;<\/span><strong>os et au cartilage<\/strong><span class=\"Apple-converted-space\">&nbsp;<\/span>pour des articulations solides et flexibles<\/li>\n<li style=\"margin-bottom: 0.5rem\">Renforcement du<span class=\"Apple-converted-space\">&nbsp;<\/span><strong>tissu conjonctif<\/strong>, essentiel \u00e0 la r\u00e9g\u00e9n\u00e9ration et \u00e0 la r\u00e9paration<\/li>\n<li style=\"margin-bottom: 0.5rem\">Am\u00e9lioration de la<span class=\"Apple-converted-space\">&nbsp;<\/span><strong>peau et du pelage<\/strong><span class=\"Apple-converted-space\">&nbsp;<\/span>pour un aspect sain et brillant<\/li>\n<li style=\"margin-bottom: 0px\">Maintien de la<span class=\"Apple-converted-space\">&nbsp;<\/span><strong>mobilit\u00e9<\/strong><span class=\"Apple-converted-space\">&nbsp;<\/span>pour une vie active et \u00e9panouie<\/li>\n<\/ul>\n<p style=\"font-family: Quicksand, sans-serif;font-size: 17px;font-style: normal;font-weight: 400;letter-spacing: 0.6px;text-align: start;text-indent: 0px;text-transform: none;text-decoration: none\"><strong>Le Collaflex est facile \u00e0 utiliser<\/strong><span class=\"Apple-converted-space\">&nbsp;<\/span>: selon le poids de l&rsquo;animal, saupoudrez et m\u00e9langez \u00e0 son repas une fois par jour. Une fa\u00e7on rapide de s&rsquo;assurer du meilleur pour la sant\u00e9 de son compagnon pr\u00e9f\u00e9r\u00e9 !<\/p>\n<p style=\"font-family: Quicksand, sans-serif;font-size: 17px;font-style: normal;font-weight: 400;letter-spacing: 0.6px;text-align: start;text-indent: 0px;text-transform: none;text-decoration: none\">Produit de sant\u00e9 animale approuv\u00e9 par la vente par Sant\u00e9 Canada<\/p>\n<h2 style=\"font-family: var(--font-heading-family);font-style: normal;font-weight: var(--font-heading-weight);letter-spacing: calc(var(--font-heading-scale) * 0.06rem);line-height: calc(1 + 0.3\/max(1,var(--font-heading-scale)));font-size: 2rem;text-transform: uppercase;margin-top: 0px !important;text-align: start;text-indent: 0px;text-decoration: none\"><strong>POURQUOI CHOISIR LE COLLAFLEX POUR LA SANT\u00c9 DE VOTRE ANIMAL ?<\/strong><\/h2>\n<ul style=\"padding-inline-start: 2rem;font-family: Quicksand, sans-serif;font-size: 17px;font-style: normal;font-weight: 400;letter-spacing: 0.6px;text-align: start;text-indent: 0px;text-transform: none;text-decoration: none\">\n<li style=\"margin-bottom: 0.5rem\">Convient aux chiens et chats de<span class=\"Apple-converted-space\">&nbsp;<\/span><strong>toute taille et de tout \u00e2ge<\/strong><\/li>\n<li style=\"margin-bottom: 0.5rem\">Compos\u00e9 de<span class=\"Apple-converted-space\">&nbsp;<\/span><strong>collag\u00e8ne hydrolys\u00e9 de haute qualit\u00e9, issu de b\u0153uf (os et peau)<\/strong><\/li>\n<li style=\"margin-bottom: 0.5rem\">Aide \u00e0 maintenir la<span class=\"Apple-converted-space\">&nbsp;<\/span><strong>flexibilit\u00e9 et la mobilit\u00e9 des articulations<\/strong><\/li>\n<li style=\"margin-bottom: 0.5rem\">Favorise une<span class=\"Apple-converted-space\">&nbsp;<\/span><strong>fonction articulaire saine et un bien-\u00eatre optimal<\/strong><\/li>\n<li style=\"margin-bottom: 0px\"><strong>Facile \u00e0 administrer<\/strong><span class=\"Apple-converted-space\">&nbsp;<\/span>: saupoudrez et m\u00e9langez simplement \u00e0 son repas chaque jour<\/li>\n<\/ul>\n<p>Ingr\u00e9dients:<\/p>\n<ul style=\"padding-inline-start: 2rem;margin-top: 0px !important;margin-bottom: 0px !important;font-family: Quicksand, sans-serif;font-size: 17px;font-style: normal;font-weight: 400;letter-spacing: 0.6px;text-align: start;text-indent: 0px;text-transform: none;text-decoration: none\">\n<li style=\"margin-bottom: 0px\">Collag\u00e8ne hydrolys\u00e9 (b\u0153uf \u2013 os, peau)<\/li>\n<\/ul>\n<p>\u269c\ufe0f Produit fi\u00e8rement qu\u00e9b\u00e9cois<\/p>\n","protected":false},"excerpt":{"rendered":"<p>LE COLLAFLEX, UN ATOUT IMPORTANT POUR LA SANT\u00c9 DE VOTRE CHIEN Le Collaflex de Pattedeau Bio est compos\u00e9 de biopeptides&#8230;<\/p>\n","protected":false},"featured_media":2320,"comment_status":"open","ping_status":"closed","template":"","meta":{"advanced_seo_description":"","jetpack_seo_html_title":"","jetpack_seo_noindex":false},"product_brand":[],"product_cat":[22,24,20,28,15],"product_tag":[],"class_list":{"0":"post-2321","1":"product","2":"type-product","3":"status-publish","4":"has-post-thumbnail","6":"product_cat-inconfort-quotidiens","7":"product_cat-les-articulations","8":"product_cat-miaou","9":"product_cat-peau-pelage","10":"product_cat-uncategorized","12":"first","13":"instock","14":"taxable","15":"shipping-taxable","16":"purchasable","17":"product-type-simple"},"jetpack_sharing_enabled":true,"_links":{"self":[{"href":"https:\/\/fantaisiescaninfelin.com\/index.php?rest_route=\/wp\/v2\/product\/2321","targetHints":{"allow":["GET"]}}],"collection":[{"href":"https:\/\/fantaisiescaninfelin.com\/index.php?rest_route=\/wp\/v2\/product"}],"about":[{"href":"https:\/\/fantaisiescaninfelin.com\/index.php?rest_route=\/wp\/v2\/types\/product"}],"replies":[{"embeddable":true,"href":"https:\/\/fantaisiescaninfelin.com\/index.php?rest_route=%2Fwp%2Fv2%2Fcomments&post=2321"}],"wp:featuredmedia":[{"embeddable":true,"href":"https:\/\/fantaisiescaninfelin.com\/index.php?rest_route=\/wp\/v2\/media\/2320"}],"wp:attachment":[{"href":"https:\/\/fantaisiescaninfelin.com\/index.php?rest_route=%2Fwp%2Fv2%2Fmedia&parent=2321"}],"wp:term":[{"taxonomy":"product_brand","embeddable":true,"href":"https:\/\/fantaisiescaninfelin.com\/index.php?rest_route=%2Fwp%2Fv2%2Fproduct_brand&post=2321"},{"taxonomy":"product_cat","embeddable":true,"href":"https:\/\/fantaisiescaninfelin.com\/index.php?rest_route=%2Fwp%2Fv2%2Fproduct_cat&post=2321"},{"taxonomy":"product_tag","embeddable":true,"href":"https:\/\/fantaisiescaninfelin.com\/index.php?rest_route=%2Fwp%2Fv2%2Fproduct_tag&post=2321"}],"curies":[{"name":"wp","href":"https:\/\/api.w.org\/{rel}","templated":true}]}}