{"id":237,"date":"2024-09-03T08:37:53","date_gmt":"2024-09-03T12:37:53","guid":{"rendered":"https:\/\/fantaisies:8890\/?post_type=product&#038;p=237"},"modified":"2026-03-09T15:37:26","modified_gmt":"2026-03-09T19:37:26","slug":"oven-baked-tradition-nourriture-au-poulet-petites-races-adultes-avec-grains-5lbs","status":"publish","type":"product","link":"https:\/\/fantaisiescaninfelin.com\/?product=oven-baked-tradition-nourriture-au-poulet-petites-races-adultes-avec-grains-5lbs","title":{"rendered":"Oven Baked Tradition nourriture au poulet petites races adultes avec grains 5lbs"},"content":{"rendered":"<ul>\n<li style=\"margin-top: 0rem;margin-bottom: 1rem\">Cette nourriture au poulet frais d\u00e9soss\u00e9 est cuite au four pour conserver les qualit\u00e9s nutritives de la viande.<\/li>\n<li style=\"margin-top: 0rem;margin-bottom: 1rem\">Son contenu \u00e9quilibr\u00e9 en acides amin\u00e9s assure le d\u00e9veloppement des tissus de votre chien.<\/li>\n<li style=\"margin-top: 0rem;margin-bottom: 1rem\">La densit\u00e9 \u00e9lev\u00e9e de ces croquettes leur \u00e9vite de prendre de l&rsquo;expansion dans l&rsquo;estomac, pour faciliter la digestion et mieux contr\u00f4ler les flatulences et ballonnements.<\/li>\n<li style=\"margin-top: 0rem;margin-bottom: 1rem\">Cuit au four.<\/li>\n<li style=\"margin-top: 0rem;margin-bottom: 1rem\">Fabriqu\u00e9 au Qu\u00e9bec.<\/li>\n<\/ul>\n<p>Format 5lbs<\/p>\n","protected":false},"excerpt":{"rendered":"<p>Cette nourriture au poulet frais d\u00e9soss\u00e9 est cuite au four pour conserver les qualit\u00e9s nutritives de la viande. Son contenu&#8230;<\/p>\n","protected":false},"featured_media":259,"comment_status":"open","ping_status":"closed","template":"","meta":{"advanced_seo_description":"","jetpack_seo_html_title":"","jetpack_seo_noindex":false},"product_brand":[],"product_cat":[27,16,31],"product_tag":[],"class_list":{"0":"post-237","1":"product","2":"type-product","3":"status-publish","4":"has-post-thumbnail","6":"product_cat-non-classe","7":"product_cat-nourriture","8":"product_cat-oven-baked-tradition","10":"first","11":"outofstock","12":"taxable","13":"shipping-taxable","14":"purchasable","15":"product-type-simple"},"jetpack_sharing_enabled":true,"_links":{"self":[{"href":"https:\/\/fantaisiescaninfelin.com\/index.php?rest_route=\/wp\/v2\/product\/237","targetHints":{"allow":["GET"]}}],"collection":[{"href":"https:\/\/fantaisiescaninfelin.com\/index.php?rest_route=\/wp\/v2\/product"}],"about":[{"href":"https:\/\/fantaisiescaninfelin.com\/index.php?rest_route=\/wp\/v2\/types\/product"}],"replies":[{"embeddable":true,"href":"https:\/\/fantaisiescaninfelin.com\/index.php?rest_route=%2Fwp%2Fv2%2Fcomments&post=237"}],"wp:featuredmedia":[{"embeddable":true,"href":"https:\/\/fantaisiescaninfelin.com\/index.php?rest_route=\/wp\/v2\/media\/259"}],"wp:attachment":[{"href":"https:\/\/fantaisiescaninfelin.com\/index.php?rest_route=%2Fwp%2Fv2%2Fmedia&parent=237"}],"wp:term":[{"taxonomy":"product_brand","embeddable":true,"href":"https:\/\/fantaisiescaninfelin.com\/index.php?rest_route=%2Fwp%2Fv2%2Fproduct_brand&post=237"},{"taxonomy":"product_cat","embeddable":true,"href":"https:\/\/fantaisiescaninfelin.com\/index.php?rest_route=%2Fwp%2Fv2%2Fproduct_cat&post=237"},{"taxonomy":"product_tag","embeddable":true,"href":"https:\/\/fantaisiescaninfelin.com\/index.php?rest_route=%2Fwp%2Fv2%2Fproduct_tag&post=237"}],"curies":[{"name":"wp","href":"https:\/\/api.w.org\/{rel}","templated":true}]}}