{"id":2384,"date":"2025-04-04T18:31:31","date_gmt":"2025-04-04T22:31:31","guid":{"rendered":"https:\/\/fantaisiescaninfelin.com\/?product=first-choice-nourriture-pour-chat-sante-dentaire-poulet-18kg"},"modified":"2026-02-03T08:57:24","modified_gmt":"2026-02-03T13:57:24","slug":"first-choice-nourriture-pour-chat-sante-dentaire-poulet-18kg","status":"publish","type":"product","link":"https:\/\/fantaisiescaninfelin.com\/?product=first-choice-nourriture-pour-chat-sante-dentaire-poulet-18kg","title":{"rendered":"First Choice Nourriture Pour Chat, Sant\u00e9 Dentaire &#8211; Poulet 1,8kg"},"content":{"rendered":"<ul>\n<li style=\"margin-top: 0rem;margin-bottom: 1rem\">D\u00e9velopp\u00e9es par des experts en nutrition, la gamme 1st Choice r\u00e9pond aux besoins de sant\u00e9 sp\u00e9cifiques de votre animal et aux diff\u00e9rents stades de sa vie.<\/li>\n<li style=\"margin-top: 0rem;margin-bottom: 1rem\">Les formules 1st Choice sont fabriqu\u00e9es \u00e0 partir d\u2019ingr\u00e9dients de qualit\u00e9 sup\u00e9rieure, sans aucun sous-produit de viande.<\/li>\n<li style=\"margin-top: 0rem;margin-bottom: 1rem\">La formule SANT\u00c9 DENTAIRE a \u00e9t\u00e9 cr\u00e9\u00e9e pour aider les chats adultes \u00e0 maintenir une hygi\u00e8ne bucco-dentaire optimale.<\/li>\n<li style=\"margin-top: 0rem;margin-bottom: 1rem\">Offerte r\u00e9guli\u00e8rement, cette formule favorise la sant\u00e9 des dents et des gencives, en plus de garder l\u2019haleine fra\u00eeche.<\/li>\n<li style=\"margin-top: 0rem;margin-bottom: 1rem\">La taille, la forme et la texture des croquettes ont \u00e9t\u00e9 soigneusement s\u00e9lectionn\u00e9es pour maximiser l&rsquo;effet de brossage m\u00e9canique pendant la mastication. Les croquettes produisent donc un effet de friction d\u00e9licat sur les dents, aidant \u00e0 r\u00e9duire la plaque et l&rsquo;accumulation de tartre.<\/li>\n<li style=\"margin-top: 0rem;margin-bottom: 1rem\">Votre animal m\u00e9rite de manger Qu\u00e9b\u00e9cois!<\/li>\n<\/ul>\n","protected":false},"excerpt":{"rendered":"<p>D\u00e9velopp\u00e9es par des experts en nutrition, la gamme 1st Choice r\u00e9pond aux besoins de sant\u00e9 sp\u00e9cifiques de votre animal et&#8230;<\/p>\n","protected":false},"featured_media":2383,"comment_status":"open","ping_status":"closed","template":"","meta":{"advanced_seo_description":"","jetpack_seo_html_title":"","jetpack_seo_noindex":false},"product_brand":[],"product_cat":[21,20,15],"product_tag":[43],"class_list":{"0":"post-2384","1":"product","2":"type-product","3":"status-publish","4":"has-post-thumbnail","6":"product_cat-dentition-pawfaite","7":"product_cat-miaou","8":"product_cat-uncategorized","9":"product_tag-noel","11":"first","12":"instock","13":"taxable","14":"shipping-taxable","15":"purchasable","16":"product-type-simple"},"jetpack_sharing_enabled":true,"_links":{"self":[{"href":"https:\/\/fantaisiescaninfelin.com\/index.php?rest_route=\/wp\/v2\/product\/2384","targetHints":{"allow":["GET"]}}],"collection":[{"href":"https:\/\/fantaisiescaninfelin.com\/index.php?rest_route=\/wp\/v2\/product"}],"about":[{"href":"https:\/\/fantaisiescaninfelin.com\/index.php?rest_route=\/wp\/v2\/types\/product"}],"replies":[{"embeddable":true,"href":"https:\/\/fantaisiescaninfelin.com\/index.php?rest_route=%2Fwp%2Fv2%2Fcomments&post=2384"}],"wp:featuredmedia":[{"embeddable":true,"href":"https:\/\/fantaisiescaninfelin.com\/index.php?rest_route=\/wp\/v2\/media\/2383"}],"wp:attachment":[{"href":"https:\/\/fantaisiescaninfelin.com\/index.php?rest_route=%2Fwp%2Fv2%2Fmedia&parent=2384"}],"wp:term":[{"taxonomy":"product_brand","embeddable":true,"href":"https:\/\/fantaisiescaninfelin.com\/index.php?rest_route=%2Fwp%2Fv2%2Fproduct_brand&post=2384"},{"taxonomy":"product_cat","embeddable":true,"href":"https:\/\/fantaisiescaninfelin.com\/index.php?rest_route=%2Fwp%2Fv2%2Fproduct_cat&post=2384"},{"taxonomy":"product_tag","embeddable":true,"href":"https:\/\/fantaisiescaninfelin.com\/index.php?rest_route=%2Fwp%2Fv2%2Fproduct_tag&post=2384"}],"curies":[{"name":"wp","href":"https:\/\/api.w.org\/{rel}","templated":true}]}}