{"id":239,"date":"2024-09-03T08:37:53","date_gmt":"2024-09-03T12:37:53","guid":{"rendered":"https:\/\/fantaisies:8890\/?post_type=product&#038;p=239"},"modified":"2025-12-28T11:42:31","modified_gmt":"2025-12-28T16:42:31","slug":"oven-baked-tradition-nourriture-viandes-rouges-sans-grains-toutes-etapes-de-vies-25lbs","status":"publish","type":"product","link":"https:\/\/fantaisiescaninfelin.com\/?product=oven-baked-tradition-nourriture-viandes-rouges-sans-grains-toutes-etapes-de-vies-25lbs","title":{"rendered":"Oven Baked Tradition nourriture viandes rouges sans grains toutes \u00e9tapes de vies 25lbs"},"content":{"rendered":"<ul>\n<li style=\"margin-top: 0rem;margin-bottom: 1rem\">Cette nourriture s\u00e8che sans grains viandes rouges est lentement cuite au four pour conserver les qualit\u00e9s nutritives du produit.<\/li>\n<li style=\"margin-top: 0rem;margin-bottom: 1rem\">Elle repr\u00e9sente une source alternative de prot\u00e9ines pour les chiens qui pr\u00e9sentent une sensibilit\u00e9 au poulet.<\/li>\n<li style=\"margin-top: 0rem;margin-bottom: 1rem\">La densit\u00e9 \u00e9lev\u00e9e de nos croquettes leur \u00e9vite de prendre de l&rsquo;expansion dans l&rsquo;estomac, pour faciliter la digestion et mieux contr\u00f4ler les flatulences et les ballonnements de votre chien.<\/li>\n<li style=\"margin-top: 0rem;margin-bottom: 1rem\">Cuit au four.<\/li>\n<li style=\"margin-top: 0rem;margin-bottom: 1rem\">Sans grains.<\/li>\n<li style=\"margin-top: 0rem;margin-bottom: 1rem\">Fabriqu\u00e9 au Qu\u00e9bec<\/li>\n<\/ul>\n<p>Format 25lbs<\/p>\n","protected":false},"excerpt":{"rendered":"<p>Cette nourriture s\u00e8che sans grains viandes rouges est lentement cuite au four pour conserver les qualit\u00e9s nutritives du produit. Elle&#8230;<\/p>\n","protected":false},"featured_media":261,"comment_status":"open","ping_status":"closed","template":"","meta":{"advanced_seo_description":"","jetpack_seo_html_title":"","jetpack_seo_noindex":false},"product_brand":[],"product_cat":[27,16,31],"product_tag":[],"class_list":{"0":"post-239","1":"product","2":"type-product","3":"status-publish","4":"has-post-thumbnail","6":"product_cat-non-classe","7":"product_cat-nourriture","8":"product_cat-oven-baked-tradition","10":"first","11":"instock","12":"taxable","13":"shipping-taxable","14":"purchasable","15":"product-type-simple"},"jetpack_sharing_enabled":true,"_links":{"self":[{"href":"https:\/\/fantaisiescaninfelin.com\/index.php?rest_route=\/wp\/v2\/product\/239","targetHints":{"allow":["GET"]}}],"collection":[{"href":"https:\/\/fantaisiescaninfelin.com\/index.php?rest_route=\/wp\/v2\/product"}],"about":[{"href":"https:\/\/fantaisiescaninfelin.com\/index.php?rest_route=\/wp\/v2\/types\/product"}],"replies":[{"embeddable":true,"href":"https:\/\/fantaisiescaninfelin.com\/index.php?rest_route=%2Fwp%2Fv2%2Fcomments&post=239"}],"wp:featuredmedia":[{"embeddable":true,"href":"https:\/\/fantaisiescaninfelin.com\/index.php?rest_route=\/wp\/v2\/media\/261"}],"wp:attachment":[{"href":"https:\/\/fantaisiescaninfelin.com\/index.php?rest_route=%2Fwp%2Fv2%2Fmedia&parent=239"}],"wp:term":[{"taxonomy":"product_brand","embeddable":true,"href":"https:\/\/fantaisiescaninfelin.com\/index.php?rest_route=%2Fwp%2Fv2%2Fproduct_brand&post=239"},{"taxonomy":"product_cat","embeddable":true,"href":"https:\/\/fantaisiescaninfelin.com\/index.php?rest_route=%2Fwp%2Fv2%2Fproduct_cat&post=239"},{"taxonomy":"product_tag","embeddable":true,"href":"https:\/\/fantaisiescaninfelin.com\/index.php?rest_route=%2Fwp%2Fv2%2Fproduct_tag&post=239"}],"curies":[{"name":"wp","href":"https:\/\/api.w.org\/{rel}","templated":true}]}}