{"id":2395,"date":"2025-04-04T18:47:15","date_gmt":"2025-04-04T22:47:15","guid":{"rendered":"https:\/\/fantaisiescaninfelin.com\/?product=toutou-couineur-ruffguard-growl-flamant-rose"},"modified":"2025-10-24T18:20:58","modified_gmt":"2025-10-24T22:20:58","slug":"toutou-couineur-ruffguard-growl-flamant-rose","status":"publish","type":"product","link":"https:\/\/fantaisiescaninfelin.com\/?product=toutou-couineur-ruffguard-growl-flamant-rose","title":{"rendered":"Toutou couineur Ruffguard Growl Flamant Rose"},"content":{"rendered":"<p>Ce flamant rose va rendre votre ami fou de joie avec ses plusieurs squiks et sa technologie Ruffguard pour un toutou d&rsquo;une durabilit\u00e9 ( attention tout d\u00e9pend de la puissance des m\u00e2choires de votre fid\u00e8le compagnon \ud83d\ude09)<\/p>\n<p>Fabriqu\u00e9 \u00e0 partir de mat\u00e9riaux non toxique et sans danger pour les animaux<\/p>\n<p>Ce toutou est parfait pour les jeux interactifs et les c\u00e2lins \ud83e\udd17<\/p>\n<p>Format id\u00e9al pour les petits ,les moyens et les grands chiens<\/p>\n<p>\ud83c\uddfa\ud83c\uddf8 Produit des \u00c9tats Unis<\/p>\n","protected":false},"excerpt":{"rendered":"<p>Ce flamant rose va rendre votre ami fou de joie avec ses plusieurs squiks et sa technologie Ruffguard pour un&#8230;<\/p>\n","protected":false},"featured_media":2394,"comment_status":"open","ping_status":"closed","template":"","meta":{"advanced_seo_description":"","jetpack_seo_html_title":"","jetpack_seo_noindex":false},"product_brand":[],"product_cat":[15],"product_tag":[43],"class_list":{"0":"post-2395","1":"product","2":"type-product","3":"status-publish","4":"has-post-thumbnail","6":"product_cat-uncategorized","7":"product_tag-noel","9":"first","10":"instock","11":"taxable","12":"shipping-taxable","13":"purchasable","14":"product-type-simple"},"jetpack_sharing_enabled":true,"_links":{"self":[{"href":"https:\/\/fantaisiescaninfelin.com\/index.php?rest_route=\/wp\/v2\/product\/2395","targetHints":{"allow":["GET"]}}],"collection":[{"href":"https:\/\/fantaisiescaninfelin.com\/index.php?rest_route=\/wp\/v2\/product"}],"about":[{"href":"https:\/\/fantaisiescaninfelin.com\/index.php?rest_route=\/wp\/v2\/types\/product"}],"replies":[{"embeddable":true,"href":"https:\/\/fantaisiescaninfelin.com\/index.php?rest_route=%2Fwp%2Fv2%2Fcomments&post=2395"}],"wp:featuredmedia":[{"embeddable":true,"href":"https:\/\/fantaisiescaninfelin.com\/index.php?rest_route=\/wp\/v2\/media\/2394"}],"wp:attachment":[{"href":"https:\/\/fantaisiescaninfelin.com\/index.php?rest_route=%2Fwp%2Fv2%2Fmedia&parent=2395"}],"wp:term":[{"taxonomy":"product_brand","embeddable":true,"href":"https:\/\/fantaisiescaninfelin.com\/index.php?rest_route=%2Fwp%2Fv2%2Fproduct_brand&post=2395"},{"taxonomy":"product_cat","embeddable":true,"href":"https:\/\/fantaisiescaninfelin.com\/index.php?rest_route=%2Fwp%2Fv2%2Fproduct_cat&post=2395"},{"taxonomy":"product_tag","embeddable":true,"href":"https:\/\/fantaisiescaninfelin.com\/index.php?rest_route=%2Fwp%2Fv2%2Fproduct_tag&post=2395"}],"curies":[{"name":"wp","href":"https:\/\/api.w.org\/{rel}","templated":true}]}}