{"id":24,"date":"2024-09-03T12:35:37","date_gmt":"2024-09-03T12:35:37","guid":{"rendered":"https:\/\/fantaisies:8890\/?post_type=product&#038;p=24"},"modified":"2025-10-24T17:48:39","modified_gmt":"2025-10-24T21:48:39","slug":"hurraw-dinde-25-tasses","status":"publish","type":"product","link":"https:\/\/fantaisiescaninfelin.com\/?product=hurraw-dinde-25-tasses","title":{"rendered":"Hurraw Dinde 25 tasses"},"content":{"rendered":"<p>Nourriture crue d\u00e9shydrat\u00e9e pour chien avec ces ingr\u00e9dients \u00e0 100% de consommation humaine \u00e0 la prot\u00e9ine de dinde.<\/p>\n<p>Fi\u00e8rement fabriqu\u00e9 au Qu\u00e9bec.<\/p>\n","protected":false},"excerpt":{"rendered":"<p>Nourriture crue d\u00e9shydrat\u00e9e pour chien avec ces ingr\u00e9dients \u00e0 100% de consommation humaine \u00e0 la prot\u00e9ine de dinde. Fi\u00e8rement fabriqu\u00e9&#8230;<\/p>\n","protected":false},"featured_media":1786,"comment_status":"open","ping_status":"closed","template":"","meta":{"advanced_seo_description":"","jetpack_seo_html_title":"","jetpack_seo_noindex":false},"product_brand":[],"product_cat":[58,16],"product_tag":[43],"class_list":{"0":"post-24","1":"product","2":"type-product","3":"status-publish","4":"has-post-thumbnail","6":"product_cat-crue-deshydratee-lyophilisee","7":"product_cat-nourriture","8":"product_tag-noel","10":"first","11":"instock","12":"taxable","13":"shipping-taxable","14":"purchasable","15":"product-type-simple"},"jetpack_sharing_enabled":true,"_links":{"self":[{"href":"https:\/\/fantaisiescaninfelin.com\/index.php?rest_route=\/wp\/v2\/product\/24","targetHints":{"allow":["GET"]}}],"collection":[{"href":"https:\/\/fantaisiescaninfelin.com\/index.php?rest_route=\/wp\/v2\/product"}],"about":[{"href":"https:\/\/fantaisiescaninfelin.com\/index.php?rest_route=\/wp\/v2\/types\/product"}],"replies":[{"embeddable":true,"href":"https:\/\/fantaisiescaninfelin.com\/index.php?rest_route=%2Fwp%2Fv2%2Fcomments&post=24"}],"wp:featuredmedia":[{"embeddable":true,"href":"https:\/\/fantaisiescaninfelin.com\/index.php?rest_route=\/wp\/v2\/media\/1786"}],"wp:attachment":[{"href":"https:\/\/fantaisiescaninfelin.com\/index.php?rest_route=%2Fwp%2Fv2%2Fmedia&parent=24"}],"wp:term":[{"taxonomy":"product_brand","embeddable":true,"href":"https:\/\/fantaisiescaninfelin.com\/index.php?rest_route=%2Fwp%2Fv2%2Fproduct_brand&post=24"},{"taxonomy":"product_cat","embeddable":true,"href":"https:\/\/fantaisiescaninfelin.com\/index.php?rest_route=%2Fwp%2Fv2%2Fproduct_cat&post=24"},{"taxonomy":"product_tag","embeddable":true,"href":"https:\/\/fantaisiescaninfelin.com\/index.php?rest_route=%2Fwp%2Fv2%2Fproduct_tag&post=24"}],"curies":[{"name":"wp","href":"https:\/\/api.w.org\/{rel}","templated":true}]}}