{"id":2410,"date":"2025-04-12T19:35:27","date_gmt":"2025-04-12T23:35:27","guid":{"rendered":"https:\/\/fantaisiescaninfelin.com\/?post_type=product&#038;p=2410"},"modified":"2025-12-28T11:40:48","modified_gmt":"2025-12-28T16:40:48","slug":"oven-baked-tradition-nourriture-seche-pour-chien-soins-dentaires-poisson","status":"publish","type":"product","link":"https:\/\/fantaisiescaninfelin.com\/?product=oven-baked-tradition-nourriture-seche-pour-chien-soins-dentaires-poisson","title":{"rendered":"Oven Baked Tradition Nourriture S\u00e8che Pour Chien \/ Soins Dentaires &#8211; Poisson"},"content":{"rendered":"<ul>\n<li style=\"margin-top: 0rem;margin-bottom: 1rem\">La nouvelle gamme SOIN de Oven-Baked Tradition a \u00e9t\u00e9 formul\u00e9e pour r\u00e9pondre \u00e0 des besoins sp\u00e9cifiques.<\/li>\n<li style=\"margin-top: 0rem;margin-bottom: 1rem\">Cette formule pour chiens adultes est un aliment complet, pour soutenir la sant\u00e9 dentaire.<\/li>\n<li style=\"margin-top: 0rem;margin-bottom: 1rem\">Aide \u00e0 pr\u00e9venir le tartre et la plaque dentaire gr\u00e2ce \u00e0 une dose soigneusement contr\u00f4l\u00e9e d&rsquo;hexam\u00e9taphosphate de sodium.<\/li>\n<li style=\"margin-top: 0rem;margin-bottom: 1rem\">Aide \u00e0 prot\u00e9ger contre les caries en utilisant du bicarbonate de sodium pour neutraliser les acides.<\/li>\n<li style=\"margin-top: 0rem;margin-bottom: 1rem\">Des croquettes plus grosse aident \u00e0 nettoyer les dents en offrant plus de friction physique pour simuler le brossage.<\/li>\n<li style=\"margin-top: 0rem;margin-bottom: 1rem\">Une combinaison du persil, luzerne, cannelle et menthe procure une haleine fra\u00eeche \u00e0 l&rsquo;animal.<\/li>\n<\/ul>\n<p>Format disponible 4lbs et 20lbs<\/p>\n<p>\u269c\ufe0f Produit fi\u00e8rement qu\u00e9b\u00e9cois<\/p>\n","protected":false},"excerpt":{"rendered":"<p>La nouvelle gamme SOIN de Oven-Baked Tradition a \u00e9t\u00e9 formul\u00e9e pour r\u00e9pondre \u00e0 des besoins sp\u00e9cifiques. Cette formule pour chiens&#8230;<\/p>\n","protected":false},"featured_media":2409,"comment_status":"open","ping_status":"closed","template":"","meta":{"advanced_seo_description":"","jetpack_seo_html_title":"","jetpack_seo_noindex":false},"product_brand":[],"product_cat":[21,16,31,15],"product_tag":[],"class_list":{"0":"post-2410","1":"product","2":"type-product","3":"status-publish","4":"has-post-thumbnail","6":"product_cat-dentition-pawfaite","7":"product_cat-nourriture","8":"product_cat-oven-baked-tradition","9":"product_cat-uncategorized","11":"first","12":"instock","13":"taxable","14":"shipping-taxable","15":"purchasable","16":"product-type-variable"},"jetpack_sharing_enabled":true,"_links":{"self":[{"href":"https:\/\/fantaisiescaninfelin.com\/index.php?rest_route=\/wp\/v2\/product\/2410","targetHints":{"allow":["GET"]}}],"collection":[{"href":"https:\/\/fantaisiescaninfelin.com\/index.php?rest_route=\/wp\/v2\/product"}],"about":[{"href":"https:\/\/fantaisiescaninfelin.com\/index.php?rest_route=\/wp\/v2\/types\/product"}],"replies":[{"embeddable":true,"href":"https:\/\/fantaisiescaninfelin.com\/index.php?rest_route=%2Fwp%2Fv2%2Fcomments&post=2410"}],"wp:featuredmedia":[{"embeddable":true,"href":"https:\/\/fantaisiescaninfelin.com\/index.php?rest_route=\/wp\/v2\/media\/2409"}],"wp:attachment":[{"href":"https:\/\/fantaisiescaninfelin.com\/index.php?rest_route=%2Fwp%2Fv2%2Fmedia&parent=2410"}],"wp:term":[{"taxonomy":"product_brand","embeddable":true,"href":"https:\/\/fantaisiescaninfelin.com\/index.php?rest_route=%2Fwp%2Fv2%2Fproduct_brand&post=2410"},{"taxonomy":"product_cat","embeddable":true,"href":"https:\/\/fantaisiescaninfelin.com\/index.php?rest_route=%2Fwp%2Fv2%2Fproduct_cat&post=2410"},{"taxonomy":"product_tag","embeddable":true,"href":"https:\/\/fantaisiescaninfelin.com\/index.php?rest_route=%2Fwp%2Fv2%2Fproduct_tag&post=2410"}],"curies":[{"name":"wp","href":"https:\/\/api.w.org\/{rel}","templated":true}]}}