{"id":2416,"date":"2025-04-12T19:46:46","date_gmt":"2025-04-12T23:46:46","guid":{"rendered":"https:\/\/fantaisiescaninfelin.com\/?post_type=product&#038;p=2416"},"modified":"2025-09-08T18:29:00","modified_gmt":"2025-09-08T22:29:00","slug":"oven-baked-tradition-nourriture-seche-sans-grains-pour-chien-systeme-urinaire-canard","status":"publish","type":"product","link":"https:\/\/fantaisiescaninfelin.com\/?product=oven-baked-tradition-nourriture-seche-sans-grains-pour-chien-systeme-urinaire-canard","title":{"rendered":"Oven Baked Tradition Nourriture S\u00e8che Sans Grains Pour Chien \/ Syst\u00e8me Urinaire &#8211; Canard"},"content":{"rendered":"<ul>\n<li style=\"margin-top: 0rem;margin-bottom: 1rem\">La nouvelle gamme SOIN de Oven-Baked Tradition a \u00e9t\u00e9 formul\u00e9e pour r\u00e9pondre \u00e0 des besoins sp\u00e9cifiques.<\/li>\n<li style=\"margin-top: 0rem;margin-bottom: 1rem\">Cette formule pour chiens adultes est un aliment complet, pour soutenir la sant\u00e9 urinaire.<\/li>\n<li style=\"margin-top: 0rem;margin-bottom: 1rem\">Min\u00e9raux contr\u00f4l\u00e9s pour des ratios optimaux de magn\u00e9sium et de phosphore, afin de ralentir la formation et la croissance des cristaux urinaires.<\/li>\n<li style=\"margin-top: 0rem;margin-bottom: 1rem\">Aide \u00e0 stabiliser le pH dans la plage optimale pour r\u00e9duire la formation de cristaux de struvite et d&rsquo;oxalate de calcium gr\u00e2ce \u00e0 l&rsquo;acide phosphorique.<\/li>\n<li style=\"margin-top: 0rem;margin-bottom: 1rem\">Contribue \u00e0 r\u00e9duire l&rsquo;inflammation de la vessie gr\u00e2ce aux canneberges et aux extraits de th\u00e9 vert.<\/li>\n<\/ul>\n<p>Format disponible 4lbs et 20 lbs<\/p>\n<p>\u269c\ufe0f Produit fi\u00e8rement qu\u00e9b\u00e9cois<\/p>\n","protected":false},"excerpt":{"rendered":"<p>La nouvelle gamme SOIN de Oven-Baked Tradition a \u00e9t\u00e9 formul\u00e9e pour r\u00e9pondre \u00e0 des besoins sp\u00e9cifiques. Cette formule pour chiens&#8230;<\/p>\n","protected":false},"featured_media":2415,"comment_status":"open","ping_status":"closed","template":"","meta":{"advanced_seo_description":"","jetpack_seo_html_title":"","jetpack_seo_noindex":false},"product_brand":[],"product_cat":[16,31,15,25],"product_tag":[],"class_list":{"0":"post-2416","1":"product","2":"type-product","3":"status-publish","4":"has-post-thumbnail","6":"product_cat-nourriture","7":"product_cat-oven-baked-tradition","8":"product_cat-uncategorized","9":"product_cat-urinaire","11":"first","12":"instock","13":"taxable","14":"shipping-taxable","15":"purchasable","16":"product-type-variable"},"jetpack_sharing_enabled":true,"_links":{"self":[{"href":"https:\/\/fantaisiescaninfelin.com\/index.php?rest_route=\/wp\/v2\/product\/2416","targetHints":{"allow":["GET"]}}],"collection":[{"href":"https:\/\/fantaisiescaninfelin.com\/index.php?rest_route=\/wp\/v2\/product"}],"about":[{"href":"https:\/\/fantaisiescaninfelin.com\/index.php?rest_route=\/wp\/v2\/types\/product"}],"replies":[{"embeddable":true,"href":"https:\/\/fantaisiescaninfelin.com\/index.php?rest_route=%2Fwp%2Fv2%2Fcomments&post=2416"}],"wp:featuredmedia":[{"embeddable":true,"href":"https:\/\/fantaisiescaninfelin.com\/index.php?rest_route=\/wp\/v2\/media\/2415"}],"wp:attachment":[{"href":"https:\/\/fantaisiescaninfelin.com\/index.php?rest_route=%2Fwp%2Fv2%2Fmedia&parent=2416"}],"wp:term":[{"taxonomy":"product_brand","embeddable":true,"href":"https:\/\/fantaisiescaninfelin.com\/index.php?rest_route=%2Fwp%2Fv2%2Fproduct_brand&post=2416"},{"taxonomy":"product_cat","embeddable":true,"href":"https:\/\/fantaisiescaninfelin.com\/index.php?rest_route=%2Fwp%2Fv2%2Fproduct_cat&post=2416"},{"taxonomy":"product_tag","embeddable":true,"href":"https:\/\/fantaisiescaninfelin.com\/index.php?rest_route=%2Fwp%2Fv2%2Fproduct_tag&post=2416"}],"curies":[{"name":"wp","href":"https:\/\/api.w.org\/{rel}","templated":true}]}}