{"id":243,"date":"2024-09-03T08:37:54","date_gmt":"2024-09-03T12:37:54","guid":{"rendered":"https:\/\/fantaisies:8890\/?post_type=product&#038;p=243"},"modified":"2025-11-13T09:34:40","modified_gmt":"2025-11-13T14:34:40","slug":"oven-baked-tradition-nourriture-en-pate-au-lapin-12-5oz","status":"publish","type":"product","link":"https:\/\/fantaisiescaninfelin.com\/?product=oven-baked-tradition-nourriture-en-pate-au-lapin-12-5oz","title":{"rendered":"Oven Baked Tradition nourriture en p\u00e2t\u00e9 au lapin 12.5oz"},"content":{"rendered":"<ul>\n<li style=\"margin-top: 0rem;margin-bottom: 1rem\">Ce p\u00e2t\u00e9 sans grains contient des l\u00e9gumes et de vrais morceaux de lapin, faibles en gras, qui constituent une excellente source de prot\u00e9ines.<\/li>\n<li style=\"margin-top: 0rem;margin-bottom: 1rem\">Il ne contient pas de gluten, pour faciliter la digestion de votre compagnon.<\/li>\n<li style=\"margin-top: 0rem;margin-bottom: 1rem\">Id\u00e9al pour ajouter \u00e0 la nourriture.<\/li>\n<li style=\"margin-top: 0rem;margin-bottom: 1rem\">Fabriqu\u00e9 au Qu\u00e9bec.<\/li>\n<\/ul>\n<p>Format 12.5oz<\/p>\n<p>\u2b50\ufe0f Petit astuce : utiliser ce p\u00e2t\u00e9 sur un tapis de liche ou un kong pour \u00e9puis\u00e9 votre chien mentalement<\/p>\n","protected":false},"excerpt":{"rendered":"<p>Ce p\u00e2t\u00e9 sans grains contient des l\u00e9gumes et de vrais morceaux de lapin, faibles en gras, qui constituent une excellente&#8230;<\/p>\n","protected":false},"featured_media":265,"comment_status":"open","ping_status":"closed","template":"","meta":{"advanced_seo_description":"","jetpack_seo_html_title":"","jetpack_seo_noindex":false},"product_brand":[],"product_cat":[27,16,31],"product_tag":[],"class_list":{"0":"post-243","1":"product","2":"type-product","3":"status-publish","4":"has-post-thumbnail","6":"product_cat-non-classe","7":"product_cat-nourriture","8":"product_cat-oven-baked-tradition","10":"first","11":"instock","12":"taxable","13":"shipping-taxable","14":"purchasable","15":"product-type-simple"},"jetpack_sharing_enabled":true,"_links":{"self":[{"href":"https:\/\/fantaisiescaninfelin.com\/index.php?rest_route=\/wp\/v2\/product\/243","targetHints":{"allow":["GET"]}}],"collection":[{"href":"https:\/\/fantaisiescaninfelin.com\/index.php?rest_route=\/wp\/v2\/product"}],"about":[{"href":"https:\/\/fantaisiescaninfelin.com\/index.php?rest_route=\/wp\/v2\/types\/product"}],"replies":[{"embeddable":true,"href":"https:\/\/fantaisiescaninfelin.com\/index.php?rest_route=%2Fwp%2Fv2%2Fcomments&post=243"}],"wp:featuredmedia":[{"embeddable":true,"href":"https:\/\/fantaisiescaninfelin.com\/index.php?rest_route=\/wp\/v2\/media\/265"}],"wp:attachment":[{"href":"https:\/\/fantaisiescaninfelin.com\/index.php?rest_route=%2Fwp%2Fv2%2Fmedia&parent=243"}],"wp:term":[{"taxonomy":"product_brand","embeddable":true,"href":"https:\/\/fantaisiescaninfelin.com\/index.php?rest_route=%2Fwp%2Fv2%2Fproduct_brand&post=243"},{"taxonomy":"product_cat","embeddable":true,"href":"https:\/\/fantaisiescaninfelin.com\/index.php?rest_route=%2Fwp%2Fv2%2Fproduct_cat&post=243"},{"taxonomy":"product_tag","embeddable":true,"href":"https:\/\/fantaisiescaninfelin.com\/index.php?rest_route=%2Fwp%2Fv2%2Fproduct_tag&post=243"}],"curies":[{"name":"wp","href":"https:\/\/api.w.org\/{rel}","templated":true}]}}