{"id":246,"date":"2024-09-03T08:37:54","date_gmt":"2024-09-03T12:37:54","guid":{"rendered":"https:\/\/fantaisies:8890\/?post_type=product&#038;p=246"},"modified":"2025-12-15T15:39:54","modified_gmt":"2025-12-15T20:39:54","slug":"oven-baked-tradition-gateries-dentaires-10oz","status":"publish","type":"product","link":"https:\/\/fantaisiescaninfelin.com\/?product=oven-baked-tradition-gateries-dentaires-10oz","title":{"rendered":"Oven Baked Tradition gateries dentaires 10oz"},"content":{"rendered":"<ul>\n<li style=\"margin-top: 0rem;margin-bottom: 1rem\">Parce que leurs dents doivent \u00eatre propres et que nous aimons qu&rsquo;ils aient l&rsquo;haleine fra\u00eeche, les g\u00e2teries dentaires pour chiens Oven-Baked Tradition contiennent des ingr\u00e9dients fonctionnels comme des feuilles de menthe verte, du persil, miscanthus moulue et l&rsquo;extrait de th\u00e9 vert.<\/li>\n<li style=\"margin-top: 0rem;margin-bottom: 1rem\">Cuit au four.<\/li>\n<li style=\"margin-top: 0rem;margin-bottom: 1rem\">Fabriqu\u00e9 au Qu\u00e9bec.<\/li>\n<\/ul>\n<p>Format 10oz<\/p>\n","protected":false},"excerpt":{"rendered":"<p>Parce que leurs dents doivent \u00eatre propres et que nous aimons qu&rsquo;ils aient l&rsquo;haleine fra\u00eeche, les g\u00e2teries dentaires pour chiens&#8230;<\/p>\n","protected":false},"featured_media":268,"comment_status":"open","ping_status":"closed","template":"","meta":{"advanced_seo_description":"","jetpack_seo_html_title":"","jetpack_seo_noindex":false},"product_brand":[],"product_cat":[21,18,27,31],"product_tag":[],"class_list":{"0":"post-246","1":"product","2":"type-product","3":"status-publish","4":"has-post-thumbnail","6":"product_cat-dentition-pawfaite","7":"product_cat-fine-gueule","8":"product_cat-non-classe","9":"product_cat-oven-baked-tradition","11":"first","12":"instock","13":"taxable","14":"shipping-taxable","15":"purchasable","16":"product-type-simple"},"jetpack_sharing_enabled":true,"_links":{"self":[{"href":"https:\/\/fantaisiescaninfelin.com\/index.php?rest_route=\/wp\/v2\/product\/246","targetHints":{"allow":["GET"]}}],"collection":[{"href":"https:\/\/fantaisiescaninfelin.com\/index.php?rest_route=\/wp\/v2\/product"}],"about":[{"href":"https:\/\/fantaisiescaninfelin.com\/index.php?rest_route=\/wp\/v2\/types\/product"}],"replies":[{"embeddable":true,"href":"https:\/\/fantaisiescaninfelin.com\/index.php?rest_route=%2Fwp%2Fv2%2Fcomments&post=246"}],"wp:featuredmedia":[{"embeddable":true,"href":"https:\/\/fantaisiescaninfelin.com\/index.php?rest_route=\/wp\/v2\/media\/268"}],"wp:attachment":[{"href":"https:\/\/fantaisiescaninfelin.com\/index.php?rest_route=%2Fwp%2Fv2%2Fmedia&parent=246"}],"wp:term":[{"taxonomy":"product_brand","embeddable":true,"href":"https:\/\/fantaisiescaninfelin.com\/index.php?rest_route=%2Fwp%2Fv2%2Fproduct_brand&post=246"},{"taxonomy":"product_cat","embeddable":true,"href":"https:\/\/fantaisiescaninfelin.com\/index.php?rest_route=%2Fwp%2Fv2%2Fproduct_cat&post=246"},{"taxonomy":"product_tag","embeddable":true,"href":"https:\/\/fantaisiescaninfelin.com\/index.php?rest_route=%2Fwp%2Fv2%2Fproduct_tag&post=246"}],"curies":[{"name":"wp","href":"https:\/\/api.w.org\/{rel}","templated":true}]}}