{"id":2461,"date":"2025-05-20T15:28:58","date_gmt":"2025-05-20T19:28:58","guid":{"rendered":"https:\/\/fantaisiescaninfelin.com\/?post_type=product&#038;p=2461"},"modified":"2026-03-18T12:34:22","modified_gmt":"2026-03-18T16:34:22","slug":"bully-stick-open-range-12-et-24-pouces","status":"publish","type":"product","link":"https:\/\/fantaisiescaninfelin.com\/?product=bully-stick-open-range-12-et-24-pouces","title":{"rendered":"Bully Stick Open Range 12 et 24 pouces"},"content":{"rendered":"<p>Les bully stick sont tr\u00e8s populaire aupr\u00e8s de la mastication.<\/p>\n<p>Fabriquer \u00e0 partir d&rsquo;un penis (pizzle) 100% naturel<\/p>\n<p>Produit du Bresil<\/p>\n<p>\ud83d\udea8 Toujours avoir une surveillance et avoir de l&rsquo;eau accessible pour votre grand masticateur<\/p>\n","protected":false},"excerpt":{"rendered":"<p>Les bully stick sont tr\u00e8s populaire aupr\u00e8s de la mastication. Fabriquer \u00e0 partir d&rsquo;un penis (pizzle) 100% naturel Produit du&#8230;<\/p>\n","protected":false},"featured_media":2465,"comment_status":"open","ping_status":"closed","template":"","meta":{"advanced_seo_description":"","jetpack_seo_html_title":"","jetpack_seo_noindex":false},"product_brand":[],"product_cat":[30,15],"product_tag":[43],"class_list":{"0":"post-2461","1":"product","2":"type-product","3":"status-publish","4":"has-post-thumbnail","6":"product_cat-mastication","7":"product_cat-uncategorized","8":"product_tag-noel","10":"first","11":"instock","12":"taxable","13":"shipping-taxable","14":"purchasable","15":"product-type-variable"},"jetpack_sharing_enabled":true,"_links":{"self":[{"href":"https:\/\/fantaisiescaninfelin.com\/index.php?rest_route=\/wp\/v2\/product\/2461","targetHints":{"allow":["GET"]}}],"collection":[{"href":"https:\/\/fantaisiescaninfelin.com\/index.php?rest_route=\/wp\/v2\/product"}],"about":[{"href":"https:\/\/fantaisiescaninfelin.com\/index.php?rest_route=\/wp\/v2\/types\/product"}],"replies":[{"embeddable":true,"href":"https:\/\/fantaisiescaninfelin.com\/index.php?rest_route=%2Fwp%2Fv2%2Fcomments&post=2461"}],"wp:featuredmedia":[{"embeddable":true,"href":"https:\/\/fantaisiescaninfelin.com\/index.php?rest_route=\/wp\/v2\/media\/2465"}],"wp:attachment":[{"href":"https:\/\/fantaisiescaninfelin.com\/index.php?rest_route=%2Fwp%2Fv2%2Fmedia&parent=2461"}],"wp:term":[{"taxonomy":"product_brand","embeddable":true,"href":"https:\/\/fantaisiescaninfelin.com\/index.php?rest_route=%2Fwp%2Fv2%2Fproduct_brand&post=2461"},{"taxonomy":"product_cat","embeddable":true,"href":"https:\/\/fantaisiescaninfelin.com\/index.php?rest_route=%2Fwp%2Fv2%2Fproduct_cat&post=2461"},{"taxonomy":"product_tag","embeddable":true,"href":"https:\/\/fantaisiescaninfelin.com\/index.php?rest_route=%2Fwp%2Fv2%2Fproduct_tag&post=2461"}],"curies":[{"name":"wp","href":"https:\/\/api.w.org\/{rel}","templated":true}]}}