{"id":25,"date":"2024-09-03T12:35:37","date_gmt":"2024-09-03T12:35:37","guid":{"rendered":"https:\/\/fantaisies:8890\/?post_type=product&#038;p=25"},"modified":"2025-12-28T11:33:23","modified_gmt":"2025-12-28T16:33:23","slug":"hurraw-poisson-100-tasses","status":"publish","type":"product","link":"https:\/\/fantaisiescaninfelin.com\/?product=hurraw-poisson-100-tasses","title":{"rendered":"Hurraw Poisson 100 tasses"},"content":{"rendered":"<p>Nourriture crue d\u00e9shydrat\u00e9e aux poisson. Cette compagnie canadienne se concentre \u00e0 fabriqu\u00e9 des ingr\u00e9dients \u00e0 100% consommation humaine. Votre chien va adorer manger cette nourriture avec le poisson frais et cette nourriture diminue les probl\u00e8mes de peaux avec les om\u00e9gas offerts dans le poisson.<\/p>\n","protected":false},"excerpt":{"rendered":"<p>Nourriture crue d\u00e9shydrat\u00e9e aux poisson. Cette compagnie canadienne se concentre \u00e0 fabriqu\u00e9 des ingr\u00e9dients \u00e0 100% consommation humaine. Votre chien&#8230;<\/p>\n","protected":false},"featured_media":51,"comment_status":"open","ping_status":"closed","template":"","meta":{"advanced_seo_description":"","jetpack_seo_html_title":"","jetpack_seo_noindex":false},"product_brand":[],"product_cat":[58,16],"product_tag":[],"class_list":{"0":"post-25","1":"product","2":"type-product","3":"status-publish","4":"has-post-thumbnail","6":"product_cat-crue-deshydratee-lyophilisee","7":"product_cat-nourriture","9":"first","10":"onbackorder","11":"taxable","12":"shipping-taxable","13":"purchasable","14":"product-type-simple"},"jetpack_sharing_enabled":true,"_links":{"self":[{"href":"https:\/\/fantaisiescaninfelin.com\/index.php?rest_route=\/wp\/v2\/product\/25","targetHints":{"allow":["GET"]}}],"collection":[{"href":"https:\/\/fantaisiescaninfelin.com\/index.php?rest_route=\/wp\/v2\/product"}],"about":[{"href":"https:\/\/fantaisiescaninfelin.com\/index.php?rest_route=\/wp\/v2\/types\/product"}],"replies":[{"embeddable":true,"href":"https:\/\/fantaisiescaninfelin.com\/index.php?rest_route=%2Fwp%2Fv2%2Fcomments&post=25"}],"wp:featuredmedia":[{"embeddable":true,"href":"https:\/\/fantaisiescaninfelin.com\/index.php?rest_route=\/wp\/v2\/media\/51"}],"wp:attachment":[{"href":"https:\/\/fantaisiescaninfelin.com\/index.php?rest_route=%2Fwp%2Fv2%2Fmedia&parent=25"}],"wp:term":[{"taxonomy":"product_brand","embeddable":true,"href":"https:\/\/fantaisiescaninfelin.com\/index.php?rest_route=%2Fwp%2Fv2%2Fproduct_brand&post=25"},{"taxonomy":"product_cat","embeddable":true,"href":"https:\/\/fantaisiescaninfelin.com\/index.php?rest_route=%2Fwp%2Fv2%2Fproduct_cat&post=25"},{"taxonomy":"product_tag","embeddable":true,"href":"https:\/\/fantaisiescaninfelin.com\/index.php?rest_route=%2Fwp%2Fv2%2Fproduct_tag&post=25"}],"curies":[{"name":"wp","href":"https:\/\/api.w.org\/{rel}","templated":true}]}}