{"id":250,"date":"2024-09-03T08:37:54","date_gmt":"2024-09-03T12:37:54","guid":{"rendered":"https:\/\/fantaisies:8890\/?post_type=product&#038;p=250"},"modified":"2025-12-03T15:30:11","modified_gmt":"2025-12-03T20:30:11","slug":"oven-baked-tradition-biscuits-pomme-bacon-sans-grains-pour-chiens","status":"publish","type":"product","link":"https:\/\/fantaisiescaninfelin.com\/?product=oven-baked-tradition-biscuits-pomme-bacon-sans-grains-pour-chiens","title":{"rendered":"Oven Baked Tradition biscuits pomme-bacon sans grains pour chiens"},"content":{"rendered":"<ul>\n<li style=\"margin-top: 0rem;margin-bottom: 1rem\">Cette g\u00e2terie pour chien est lentement cuite au four, exactement comme pour les nourritures.<\/li>\n<li style=\"margin-top: 0rem;margin-bottom: 1rem\">Aucun ar\u00f4me artificiel ni agent de conservation n&rsquo;est ajout\u00e9. Elles sont id\u00e9ales pour l&rsquo;entra\u00eenement, la r\u00e9compense et le jeu.<\/li>\n<li style=\"margin-top: 0rem;margin-bottom: 1rem\">Recette fabriqu\u00e9e en petite portion pour en assurer la fra\u00eecheur et la qualit\u00e9.<\/li>\n<li style=\"margin-top: 0rem;margin-bottom: 1rem\">Id\u00e9al pour les chiens capricieux.<\/li>\n<li style=\"margin-top: 0rem;margin-bottom: 1rem\">Les fruits sont une excellente source de vitamine A, C, fibres, antioxydants, potassium et bien d\u2019autres.<\/li>\n<li style=\"margin-top: 0rem;margin-bottom: 1rem\">Fabriqu\u00e9 au Qu\u00e9bec.<\/li>\n<\/ul>\n<p>Format 454 gr<\/p>\n","protected":false},"excerpt":{"rendered":"<p>Cette g\u00e2terie pour chien est lentement cuite au four, exactement comme pour les nourritures. Aucun ar\u00f4me artificiel ni agent de&#8230;<\/p>\n","protected":false},"featured_media":271,"comment_status":"open","ping_status":"closed","template":"","meta":{"advanced_seo_description":"","jetpack_seo_html_title":"","jetpack_seo_noindex":false},"product_brand":[],"product_cat":[18,27,31],"product_tag":[43],"class_list":{"0":"post-250","1":"product","2":"type-product","3":"status-publish","4":"has-post-thumbnail","6":"product_cat-fine-gueule","7":"product_cat-non-classe","8":"product_cat-oven-baked-tradition","9":"product_tag-noel","11":"first","12":"instock","13":"taxable","14":"shipping-taxable","15":"purchasable","16":"product-type-simple"},"jetpack_sharing_enabled":true,"_links":{"self":[{"href":"https:\/\/fantaisiescaninfelin.com\/index.php?rest_route=\/wp\/v2\/product\/250","targetHints":{"allow":["GET"]}}],"collection":[{"href":"https:\/\/fantaisiescaninfelin.com\/index.php?rest_route=\/wp\/v2\/product"}],"about":[{"href":"https:\/\/fantaisiescaninfelin.com\/index.php?rest_route=\/wp\/v2\/types\/product"}],"replies":[{"embeddable":true,"href":"https:\/\/fantaisiescaninfelin.com\/index.php?rest_route=%2Fwp%2Fv2%2Fcomments&post=250"}],"wp:featuredmedia":[{"embeddable":true,"href":"https:\/\/fantaisiescaninfelin.com\/index.php?rest_route=\/wp\/v2\/media\/271"}],"wp:attachment":[{"href":"https:\/\/fantaisiescaninfelin.com\/index.php?rest_route=%2Fwp%2Fv2%2Fmedia&parent=250"}],"wp:term":[{"taxonomy":"product_brand","embeddable":true,"href":"https:\/\/fantaisiescaninfelin.com\/index.php?rest_route=%2Fwp%2Fv2%2Fproduct_brand&post=250"},{"taxonomy":"product_cat","embeddable":true,"href":"https:\/\/fantaisiescaninfelin.com\/index.php?rest_route=%2Fwp%2Fv2%2Fproduct_cat&post=250"},{"taxonomy":"product_tag","embeddable":true,"href":"https:\/\/fantaisiescaninfelin.com\/index.php?rest_route=%2Fwp%2Fv2%2Fproduct_tag&post=250"}],"curies":[{"name":"wp","href":"https:\/\/api.w.org\/{rel}","templated":true}]}}