{"id":252,"date":"2024-09-03T08:37:54","date_gmt":"2024-09-03T12:37:54","guid":{"rendered":"https:\/\/fantaisies:8890\/?post_type=product&#038;p=252"},"modified":"2025-11-05T11:45:39","modified_gmt":"2025-11-05T16:45:39","slug":"oven-baked-tradition-gateries-tendres-pour-chiens-au-poulet-et-citrouille-sans-grains-8oz","status":"publish","type":"product","link":"https:\/\/fantaisiescaninfelin.com\/?product=oven-baked-tradition-gateries-tendres-pour-chiens-au-poulet-et-citrouille-sans-grains-8oz","title":{"rendered":"Oven Baked Tradition g\u00e2teries tendres pour chiens au poulet et citrouille sans grains 8oz"},"content":{"rendered":"<ul>\n<li style=\"margin-top: 0rem;margin-bottom: 1rem\">Ces g\u00e2teries pour chiens sans grains sont naturelles et tendres.<\/li>\n<li style=\"margin-top: 0rem;margin-bottom: 1rem\">Avec aussi peu que 3,2 kcal par g\u00e2terie, elles sont id\u00e9ales pour l&rsquo;entra\u00eenement !<\/li>\n<li style=\"margin-top: 0rem;margin-bottom: 1rem\">Cuit au four.<\/li>\n<li style=\"margin-top: 0rem;margin-bottom: 1rem\">Fabriqu\u00e9 au Qu\u00e9bec.<\/li>\n<\/ul>\n<p>Format 8oz<\/p>\n","protected":false},"excerpt":{"rendered":"<p>Ces g\u00e2teries pour chiens sans grains sont naturelles et tendres. Avec aussi peu que 3,2 kcal par g\u00e2terie, elles sont&#8230;<\/p>\n","protected":false},"featured_media":273,"comment_status":"open","ping_status":"closed","template":"","meta":{"advanced_seo_description":"","jetpack_seo_html_title":"","jetpack_seo_noindex":false},"product_brand":[],"product_cat":[18,27,31],"product_tag":[],"class_list":{"0":"post-252","1":"product","2":"type-product","3":"status-publish","4":"has-post-thumbnail","6":"product_cat-fine-gueule","7":"product_cat-non-classe","8":"product_cat-oven-baked-tradition","10":"first","11":"instock","12":"taxable","13":"shipping-taxable","14":"purchasable","15":"product-type-simple"},"jetpack_sharing_enabled":true,"_links":{"self":[{"href":"https:\/\/fantaisiescaninfelin.com\/index.php?rest_route=\/wp\/v2\/product\/252","targetHints":{"allow":["GET"]}}],"collection":[{"href":"https:\/\/fantaisiescaninfelin.com\/index.php?rest_route=\/wp\/v2\/product"}],"about":[{"href":"https:\/\/fantaisiescaninfelin.com\/index.php?rest_route=\/wp\/v2\/types\/product"}],"replies":[{"embeddable":true,"href":"https:\/\/fantaisiescaninfelin.com\/index.php?rest_route=%2Fwp%2Fv2%2Fcomments&post=252"}],"wp:featuredmedia":[{"embeddable":true,"href":"https:\/\/fantaisiescaninfelin.com\/index.php?rest_route=\/wp\/v2\/media\/273"}],"wp:attachment":[{"href":"https:\/\/fantaisiescaninfelin.com\/index.php?rest_route=%2Fwp%2Fv2%2Fmedia&parent=252"}],"wp:term":[{"taxonomy":"product_brand","embeddable":true,"href":"https:\/\/fantaisiescaninfelin.com\/index.php?rest_route=%2Fwp%2Fv2%2Fproduct_brand&post=252"},{"taxonomy":"product_cat","embeddable":true,"href":"https:\/\/fantaisiescaninfelin.com\/index.php?rest_route=%2Fwp%2Fv2%2Fproduct_cat&post=252"},{"taxonomy":"product_tag","embeddable":true,"href":"https:\/\/fantaisiescaninfelin.com\/index.php?rest_route=%2Fwp%2Fv2%2Fproduct_tag&post=252"}],"curies":[{"name":"wp","href":"https:\/\/api.w.org\/{rel}","templated":true}]}}