{"id":253,"date":"2024-09-03T08:37:54","date_gmt":"2024-09-03T12:37:54","guid":{"rendered":"https:\/\/fantaisies:8890\/?post_type=product&#038;p=253"},"modified":"2026-03-09T15:37:27","modified_gmt":"2026-03-09T19:37:27","slug":"oven-baked-tradition-gateries-tendres-pour-chiens-a-la-dinde-et-chanvre-sans-grains-170gr","status":"publish","type":"product","link":"https:\/\/fantaisiescaninfelin.com\/?product=oven-baked-tradition-gateries-tendres-pour-chiens-a-la-dinde-et-chanvre-sans-grains-170gr","title":{"rendered":"Oven Baked Tradition g\u00e2teries tendres pour chiens \u00e0 la dinde et chanvre sans grains 170gr"},"content":{"rendered":"<ul>\n<li style=\"margin-top: 0rem;margin-bottom: 1rem\">Les g\u00e2teries tendres pour chien \u00e0 la dinde et au chanvre de Oven Baked sont une belle fa\u00e7on de r\u00e9compenser naturellement votre chien ou simplement pour le jeu.<\/li>\n<li style=\"margin-top: 0rem;margin-bottom: 1rem\">G\u00e2terie sans grains qui contient des ingr\u00e9dients riches en fibres di\u00e9t\u00e9tiques.<\/li>\n<li style=\"margin-top: 0rem;margin-bottom: 1rem\">Contient des graines de chanvre biologiques qui sont riches en prot\u00e9ines et en antioxydants.<\/li>\n<li style=\"margin-top: 0rem;margin-bottom: 1rem\">Contient des sources naturelles d&rsquo;acides gras om\u00e9ga-6\/om\u00e9ga-3 pour une peau saine et un pelage lustr\u00e9 et qui ont une action anti-inflammatoire.<\/li>\n<li style=\"margin-top: 0rem;margin-bottom: 1rem\">Faible en calories.<\/li>\n<li style=\"margin-top: 0rem;margin-bottom: 1rem\">Fabriqu\u00e9 au Qu\u00e9bec.<\/li>\n<\/ul>\n<p>Format 170gr<\/p>\n<p>\u2b50\ufe0f recommander pour les chiens seniors ou qui n&rsquo;ont pas beaucoup de dentition<\/p>\n","protected":false},"excerpt":{"rendered":"<p>Les g\u00e2teries tendres pour chien \u00e0 la dinde et au chanvre de Oven Baked sont une belle fa\u00e7on de r\u00e9compenser&#8230;<\/p>\n","protected":false},"featured_media":274,"comment_status":"open","ping_status":"closed","template":"","meta":{"advanced_seo_description":"","jetpack_seo_html_title":"","jetpack_seo_noindex":false},"product_brand":[],"product_cat":[18,27,31],"product_tag":[79],"class_list":{"0":"post-253","1":"product","2":"type-product","3":"status-publish","4":"has-post-thumbnail","6":"product_cat-fine-gueule","7":"product_cat-non-classe","8":"product_cat-oven-baked-tradition","9":"product_tag-rien","11":"first","12":"instock","13":"taxable","14":"shipping-taxable","15":"purchasable","16":"product-type-simple"},"jetpack_sharing_enabled":true,"_links":{"self":[{"href":"https:\/\/fantaisiescaninfelin.com\/index.php?rest_route=\/wp\/v2\/product\/253","targetHints":{"allow":["GET"]}}],"collection":[{"href":"https:\/\/fantaisiescaninfelin.com\/index.php?rest_route=\/wp\/v2\/product"}],"about":[{"href":"https:\/\/fantaisiescaninfelin.com\/index.php?rest_route=\/wp\/v2\/types\/product"}],"replies":[{"embeddable":true,"href":"https:\/\/fantaisiescaninfelin.com\/index.php?rest_route=%2Fwp%2Fv2%2Fcomments&post=253"}],"wp:featuredmedia":[{"embeddable":true,"href":"https:\/\/fantaisiescaninfelin.com\/index.php?rest_route=\/wp\/v2\/media\/274"}],"wp:attachment":[{"href":"https:\/\/fantaisiescaninfelin.com\/index.php?rest_route=%2Fwp%2Fv2%2Fmedia&parent=253"}],"wp:term":[{"taxonomy":"product_brand","embeddable":true,"href":"https:\/\/fantaisiescaninfelin.com\/index.php?rest_route=%2Fwp%2Fv2%2Fproduct_brand&post=253"},{"taxonomy":"product_cat","embeddable":true,"href":"https:\/\/fantaisiescaninfelin.com\/index.php?rest_route=%2Fwp%2Fv2%2Fproduct_cat&post=253"},{"taxonomy":"product_tag","embeddable":true,"href":"https:\/\/fantaisiescaninfelin.com\/index.php?rest_route=%2Fwp%2Fv2%2Fproduct_tag&post=253"}],"curies":[{"name":"wp","href":"https:\/\/api.w.org\/{rel}","templated":true}]}}