{"id":2549,"date":"2025-08-29T08:11:23","date_gmt":"2025-08-29T12:11:23","guid":{"rendered":"https:\/\/fantaisiescaninfelin.com\/?product=healthy-bud-bouchees-de-repas-agneau-saumon-14-oz"},"modified":"2026-01-24T20:19:40","modified_gmt":"2026-01-25T01:19:40","slug":"healthy-bud-bouchees-de-repas-agneau-saumon-14-oz","status":"publish","type":"product","link":"https:\/\/fantaisiescaninfelin.com\/?product=healthy-bud-bouchees-de-repas-agneau-saumon-14-oz","title":{"rendered":"Healthy Bud Bouch\u00e9es de repas Agneau\/saumon 14 oz"},"content":{"rendered":"<p><span>Un repas cru lyophilis\u00e9 complet et \u00e9quilibr\u00e9, pr\u00e9par\u00e9 avec de l&rsquo;agneau de qualit\u00e9 bouch\u00e8re, du saumon, des superaliments ainsi que des pr\u00e9- et postbiotiques. Ces croquettes croquantes sont parfaites pour les chiens difficiles ayant un estomac sensible, et constituent \u00e9galement une excellente nourriture d&rsquo;entra\u00eenement&nbsp;!<\/span><\/p>\n<p><span><\/span><\/p>\n<p>\ud83c\udde8\ud83c\udde6<span> Produit <\/span>con\u00e7u<span> au <\/span>Canada<\/p>\n<p>\ud83c\uddfa\ud83c\uddf8<span> <\/span>Fabriqu\u00e9<span> aux <\/span>\u00c9tats Unis<span> <\/span><\/p>\n","protected":false},"excerpt":{"rendered":"<p>Un repas cru lyophilis\u00e9 complet et \u00e9quilibr\u00e9, pr\u00e9par\u00e9 avec de l&rsquo;agneau de qualit\u00e9 bouch\u00e8re, du saumon, des superaliments ainsi que&#8230;<\/p>\n","protected":false},"featured_media":2548,"comment_status":"open","ping_status":"closed","template":"","meta":{"advanced_seo_description":"","jetpack_seo_html_title":"","jetpack_seo_noindex":false},"product_brand":[],"product_cat":[58,23,16],"product_tag":[43],"class_list":{"0":"post-2549","1":"product","2":"type-product","3":"status-publish","4":"has-post-thumbnail","6":"product_cat-crue-deshydratee-lyophilisee","7":"product_cat-digestion","8":"product_cat-nourriture","9":"product_tag-noel","11":"first","12":"instock","13":"taxable","14":"shipping-taxable","15":"purchasable","16":"product-type-simple"},"jetpack_sharing_enabled":true,"_links":{"self":[{"href":"https:\/\/fantaisiescaninfelin.com\/index.php?rest_route=\/wp\/v2\/product\/2549","targetHints":{"allow":["GET"]}}],"collection":[{"href":"https:\/\/fantaisiescaninfelin.com\/index.php?rest_route=\/wp\/v2\/product"}],"about":[{"href":"https:\/\/fantaisiescaninfelin.com\/index.php?rest_route=\/wp\/v2\/types\/product"}],"replies":[{"embeddable":true,"href":"https:\/\/fantaisiescaninfelin.com\/index.php?rest_route=%2Fwp%2Fv2%2Fcomments&post=2549"}],"wp:featuredmedia":[{"embeddable":true,"href":"https:\/\/fantaisiescaninfelin.com\/index.php?rest_route=\/wp\/v2\/media\/2548"}],"wp:attachment":[{"href":"https:\/\/fantaisiescaninfelin.com\/index.php?rest_route=%2Fwp%2Fv2%2Fmedia&parent=2549"}],"wp:term":[{"taxonomy":"product_brand","embeddable":true,"href":"https:\/\/fantaisiescaninfelin.com\/index.php?rest_route=%2Fwp%2Fv2%2Fproduct_brand&post=2549"},{"taxonomy":"product_cat","embeddable":true,"href":"https:\/\/fantaisiescaninfelin.com\/index.php?rest_route=%2Fwp%2Fv2%2Fproduct_cat&post=2549"},{"taxonomy":"product_tag","embeddable":true,"href":"https:\/\/fantaisiescaninfelin.com\/index.php?rest_route=%2Fwp%2Fv2%2Fproduct_tag&post=2549"}],"curies":[{"name":"wp","href":"https:\/\/api.w.org\/{rel}","templated":true}]}}